{"id":4138,"date":"2018-10-23T14:38:22","date_gmt":"2018-10-23T12:38:22","guid":{"rendered":"https:\/\/great-kare.185-125-174-66.plesk.page\/?page_id=4138"},"modified":"2024-06-17T13:46:23","modified_gmt":"2024-06-17T11:46:23","slug":"webinare","status":"publish","type":"page","link":"https:\/\/kern.onestep-wp.de\/en\/webinare\/","title":{"rendered":"Webinars"},"content":{"rendered":"<h1><a href=\"https:\/\/kern.onestep-wp.de\/en\/erfolgsgarantie\/\" target=\"_blank\" style=\"outline: none;\" rel=\"noopener\">Vermei\u00adden Sie teure Fehler und \u00c4rger in der Nachfol\u00adge mit unseren Online-Seminaren!<\/a><\/h1>\n<h4 style=\"text-align: left;\"><a href=\"https:\/\/www.provenexpert.com\/kern-zukunft-fuer-lebenswerke\/\" style=\"outline: none;\" target=\"_blank\" rel=\"noopener\">\u2605\u2605\u2605\u2605\u2605 &nbsp;5.0 Sterne aus Kunden\u00adbe\u00adwer\u00adtun\u00adgen auf Proven\u00adex\u00adpert<\/a>&nbsp;<\/h4>\n<p><span><img decoding=\"async\" alt data-id=\"27651\" width=\"70\" data-init-width=\"512\" height=\"70\" data-init-height=\"512\" title=\"circled-play\" loading=\"lazy\" src=\"https:\/\/kern.onestep-wp.de\/wp-content\/uploads\/2023\/07\/circled-play.png\" data-width=\"70\" data-height=\"70\" style=\"aspect-ratio: auto 512 \/ 512;\"><\/span><\/p>\n<p style>Start Webinar Video<\/p>\n<h3>Compa\u00adny&nbsp;sale<\/h3>\n<h2 style=\"text-align: left;\">Secure the important values of your life\u2019s work! Avoid stumb\u00adling blocks and mista\u00adkes when selling your business.<\/h2>\n<p><span style=\"width: 100%;\"><img decoding=\"async\" alt width=\"580\" height=\"363\" title=\"Webinar--company sales\" data-id=\"18909\" src=\"https:\/\/kern.onestep-wp.de\/wp-content\/uploads\/2021\/08\/Webinar-Unternehmensverkauf.jpg\" style=\"aspect-ratio: auto 900 \/ 563;\" loading=\"lazy\" data-width=\"580\" data-height=\"363\" data-init-width=\"900\" data-init-height=\"563\"><\/span><\/p>\n<h3>Business valua\u00adti\u00adon<\/h3>\n<h2 style=\"text-align: left;\">F\u00fcr K\u00e4ufer und Verk\u00e4u\u00adfer: Optima\u00adle Ergeb\u00adnis\u00adse f\u00fcr einen Kaufpreis \u2013 Inves\u00adtie\u00adren und verkau\u00adfen zum besten Preis.&nbsp;<\/h2>\n<p><span style=\"width: 100%;\"><img decoding=\"async\" alt width=\"580\" height=\"363\" title=\"Webinar-The 7 Mistakes\" data-id=\"18911\" src=\"https:\/\/kern.onestep-wp.de\/wp-content\/uploads\/2021\/08\/Webinar-Die-7-Fehler.jpg\" style=\"aspect-ratio: auto 900 \/ 563;\" loading=\"lazy\" data-width=\"580\" data-height=\"363\" data-init-width=\"900\" data-init-height=\"563\"><\/span><\/p>\n<h3>Genera\u00adti\u00adon change<\/h3>\n<h2 style=\"text-align: left;\">Weiter\u00adga\u00adbe der Firma in der Familie: Vermei\u00adden Sie Streit und sichern Sie Ihr Lebens\u00adwerk f\u00fcr die n\u00e4chs\u00adte Generation.&nbsp;<\/h2>\n<p><span style=\"width: 100%;\"><img decoding=\"async\" alt width=\"528\" height=\"328\" title=\"Webinar-The 5 Mistakes\" data-id=\"18910\" src=\"https:\/\/kern.onestep-wp.de\/wp-content\/uploads\/2021\/08\/Webinar-Die-5-Fehler.jpg\" style=\"aspect-ratio: auto 900 \/ 560;\" loading=\"lazy\" data-width=\"528\" data-height=\"328\" data-init-width=\"900\" data-init-height=\"560\"><\/span><\/p>\n<h3>Compa\u00adny acquisition<\/h3>\n<h2 style=\"text-align: left;\">Eine Lebens\u00adent\u00adschei\u00addung: Unter\u00adnehmens\u00adkauf als Inves\u00adti\u00adti\u00adon f\u00fcr die eigene Zukunft. Ohne Risiko und Fehler im Kaufprozess.<\/h2>\n<p><span style=\"width: 100%;\"><img decoding=\"async\" alt width=\"528\" height=\"330\" title=\"Webinar company purchase\" data-id=\"18912\" src=\"https:\/\/kern.onestep-wp.de\/wp-content\/uploads\/2021\/08\/Webinar-Unternehmenskauf.jpg\" style=\"aspect-ratio: auto 900 \/ 563;\" loading=\"lazy\" data-width=\"528\" data-height=\"330\" data-init-width=\"900\" data-init-height=\"563\"><\/span><\/p>\n<h2 style=\"text-align: center;\">Known from numerous publications<\/h2>\n<p><span style=\"width: 100%;\"><img loading=\"lazy\" decoding=\"async\" alt width=\"204\" height=\"43\" title=\"2000px-Frankfurter_Allgemeine_logo.svg\" data-id=\"122\" src=\"https:\/\/kern.onestep-wp.de\/wp-content\/uploads\/2018\/05\/2000px-Frankfurter_Allgemeine_logo.svg_-e1571995580170.png\" style=\"aspect-ratio: auto 408 \/ 86;\" data-width=\"204\" data-height=\"43\" data-init-width=\"408\" data-init-height=\"86\"><\/span><span style=\"width: 100%;\"><img loading=\"lazy\" decoding=\"async\" alt width=\"130\" height=\"49\" title=\"S\u00fcddeutscheZeitung_Logo\" data-id=\"138\" src=\"https:\/\/kern.onestep-wp.de\/wp-content\/uploads\/2018\/05\/S\u00fcddeutscheZeitung_Logo-e1571995638661.jpg\" style=\"aspect-ratio: auto 400 \/ 150;\" data-width=\"130\" data-height=\"49\" data-init-width=\"400\" data-init-height=\"150\"><\/span><span style=\"width: 100%;\"><img loading=\"lazy\" decoding=\"async\" alt width=\"192\" height=\"34\" title=\"thueringer-allgemeine-zeitung\" data-id=\"139\" src=\"https:\/\/kern.onestep-wp.de\/wp-content\/uploads\/2018\/05\/thueringer-allgemeine-zeitung-e1571995680177.png\" style=\"aspect-ratio: auto 401 \/ 71;\" data-width=\"192\" data-height=\"34\" data-init-width=\"401\" data-init-height=\"71\"><\/span><span style=\"width: 100%;\"><img loading=\"lazy\" decoding=\"async\" alt width=\"399\" height=\"63\" title=\"2000px-Handelsblatt_logo.svg\" data-id=\"123\" src=\"https:\/\/kern.onestep-wp.de\/wp-content\/uploads\/2018\/05\/2000px-Handelsblatt_logo.svg_-e1571995738507.png\" style><\/span><span style=\"width: 100%;\"><img loading=\"lazy\" decoding=\"async\" alt width=\"304\" height=\"51\" title=\"saarbr\u00fccker-zeitung\" data-id=\"137\" src=\"https:\/\/kern.onestep-wp.de\/wp-content\/uploads\/2018\/05\/saarbr\u00fccker-zeitung-e1571995781636.gif\" style><\/span><span style=\"width: 100%;\"><img loading=\"lazy\" decoding=\"async\" alt width=\"401\" height=\"135\" title=\"middle class news\" data-id=\"135\" src=\"https:\/\/kern.onestep-wp.de\/wp-content\/uploads\/2018\/05\/mittelstand-nachrichten-e1571995834584.jpg\" style><\/span><span style=\"width: 100%;\"><img loading=\"lazy\" decoding=\"async\" alt width=\"359\" height=\"74\" title=\"Logo_Radio_Bremen.svg\" data-id=\"133\" src=\"https:\/\/kern.onestep-wp.de\/wp-content\/uploads\/2018\/05\/Logo_Radio_Bremen.svg_-e1571995871219.png\" style><\/span><span style=\"width: 100%;\"><img loading=\"lazy\" decoding=\"async\" alt width=\"350\" height=\"102\" title=\"impulse_Logo_RGB_claim-1024x298\" data-id=\"132\" src=\"https:\/\/kern.onestep-wp.de\/wp-content\/uploads\/2018\/05\/impulse_Logo_RGB_claim-1024x298-e1571995909623.png\" style><\/span><span style=\"width: 100%;\"><img loading=\"lazy\" decoding=\"async\" alt width=\"350\" height=\"146\" title=\"image001\" data-id=\"7011\" src=\"https:\/\/kern.onestep-wp.de\/wp-content\/uploads\/2019\/05\/image001-e1571995962989.jpg\" style><\/span><span style=\"width: 100%;\"><img loading=\"lazy\" decoding=\"async\" alt width=\"301\" height=\"85\" title=\"500px-craft_magazine_logo.svg\" data-id=\"121\" src=\"https:\/\/kern.onestep-wp.de\/wp-content\/uploads\/2018\/05\/500px-Handwerk_magazin_Logo.svg_-e1571995996894.png\" style><\/span><span style=\"width: 100%;\"><img loading=\"lazy\" decoding=\"async\" alt width=\"350\" height=\"58\" title=\"osnabruecker-zeitung\" data-id=\"212\" src=\"https:\/\/kern.onestep-wp.de\/wp-content\/uploads\/2018\/05\/osnabruecker-zeitung-e1571996032350.png\" style><\/span><span style=\"width: 100%;\"><img loading=\"lazy\" decoding=\"async\" alt width=\"339\" height=\"107\" title=\"financial-planning\" data-id=\"126\" src=\"https:\/\/kern.onestep-wp.de\/wp-content\/uploads\/2018\/05\/financial-planning-e1571996061979.jpg\" style><\/span><span style=\"width: 100%;\"><img loading=\"lazy\" decoding=\"async\" alt width=\"351\" height=\"149\" title=\"Weser-Kurier_Logo.svg\" data-id=\"140\" src=\"https:\/\/kern.onestep-wp.de\/wp-content\/uploads\/2018\/05\/Weser-Kurier_Logo.svg_-e1571996092189.png\" style><\/span><span style=\"width: 100%;\"><img loading=\"lazy\" decoding=\"async\" alt width=\"368\" height=\"72\" title=\"entrepreneur-radio-logo\" data-id=\"215\" src=\"https:\/\/kern.onestep-wp.de\/wp-content\/uploads\/2018\/05\/unternehmer-radio-logo-e1571996131848.png\" style><\/span><span style=\"width: 100%;\"><img loading=\"lazy\" decoding=\"async\" alt width=\"200\" height=\"187\" title=\"kronen_zeitung\" data-id=\"3040\" src=\"https:\/\/kern.onestep-wp.de\/wp-content\/uploads\/2018\/08\/kronen_zeitung-e1571996167784.png\" style><\/span><\/p>","protected":false},"excerpt":{"rendered":"<p>Vermeiden Sie teure Fehler und \u00c4rger in der Nachfolge mit unseren Online-Seminaren! \u2605\u2605\u2605\u2605\u2605 &nbsp;5.0 Sterne aus Kundenbewertungen auf Provenexpert&nbsp; Webinar-Video [&hellip;]<\/p>\n","protected":false},"author":1,"featured_media":4545,"parent":0,"menu_order":0,"comment_status":"closed","ping_status":"closed","template":"","meta":{"wp_typography_post_enhancements_disabled":false,"site-sidebar-layout":"no-sidebar","site-content-layout":"plain-container","ast-site-content-layout":"default","site-content-style":"default","site-sidebar-style":"default","ast-global-header-display":"","ast-banner-title-visibility":"","ast-main-header-display":"","ast-hfb-above-header-display":"","ast-hfb-below-header-display":"","ast-hfb-mobile-header-display":"","site-post-title":"disabled","ast-breadcrumbs-content":"","ast-featured-img":"disabled","footer-sml-layout":"","ast-disable-related-posts":"","theme-transparent-header-meta":"default","adv-header-id-meta":"","stick-header-meta":"default","header-above-stick-meta":"","header-main-stick-meta":"","header-below-stick-meta":"","astra-migrate-meta-layouts":"default","ast-page-background-enabled":"default","ast-page-background-meta":{"desktop":{"background-color":"","background-image":"","background-repeat":"repeat","background-position":"center center","background-size":"auto","background-attachment":"scroll","background-type":"","background-media":"","overlay-type":"","overlay-color":"","overlay-opacity":"","overlay-gradient":""},"tablet":{"background-color":"","background-image":"","background-repeat":"repeat","background-position":"center center","background-size":"auto","background-attachment":"scroll","background-type":"","background-media":"","overlay-type":"","overlay-color":"","overlay-opacity":"","overlay-gradient":""},"mobile":{"background-color":"","background-image":"","background-repeat":"repeat","background-position":"center center","background-size":"auto","background-attachment":"scroll","background-type":"","background-media":"","overlay-type":"","overlay-color":"","overlay-opacity":"","overlay-gradient":""}},"ast-content-background-meta":{"desktop":{"background-color":"var(--ast-global-color-5)","background-image":"","background-repeat":"repeat","background-position":"center center","background-size":"auto","background-attachment":"scroll","background-type":"","background-media":"","overlay-type":"","overlay-color":"","overlay-opacity":"","overlay-gradient":""},"tablet":{"background-color":"var(--ast-global-color-5)","background-image":"","background-repeat":"repeat","background-position":"center center","background-size":"auto","background-attachment":"scroll","background-type":"","background-media":"","overlay-type":"","overlay-color":"","overlay-opacity":"","overlay-gradient":""},"mobile":{"background-color":"var(--ast-global-color-5)","background-image":"","background-repeat":"repeat","background-position":"center center","background-size":"auto","background-attachment":"scroll","background-type":"","background-media":"","overlay-type":"","overlay-color":"","overlay-opacity":"","overlay-gradient":""}},"footnotes":""},"class_list":["post-4138","page","type-page","status-publish","has-post-thumbnail","hentry"],"yoast_head":"<!-- This site is optimized with the Yoast SEO Premium plugin v24.1 (Yoast SEO v26.8) - https:\/\/yoast.com\/product\/yoast-seo-premium-wordpress\/ -->\n<title>Online - Seminare | KERN<\/title>\n<meta name=\"description\" content=\"Kostenlos und unkompliziert \u2605 Sie erhalten einen ersten Einblick in unterschiedliche Nachfolgeszenarien \u2705\" \/>\n<meta name=\"robots\" content=\"noindex, follow, max-snippet:-1, max-image-preview:large, max-video-preview:-1\" \/>\n<meta property=\"og:locale\" content=\"en_GB\" \/>\n<meta property=\"og:type\" content=\"article\" \/>\n<meta property=\"og:title\" content=\"GRATIS Webinare f\u00fcr Ihre erfolgreiche Unternehmensnachfolge \u2013 mit Nils Koerber\" \/>\n<meta property=\"og:description\" content=\"W\u00e4hlen Sie aus unseren drei Themen-Schwerpunkten Unternehmensverkauf, Unternehmenskauf oder Generationswechsel\" \/>\n<meta property=\"og:url\" content=\"https:\/\/kern.onestep-wp.de\/en\/webinare\/\" \/>\n<meta property=\"og:site_name\" content=\"KERN 2024\" \/>\n<meta property=\"article:publisher\" content=\"https:\/\/www.facebook.com\/dienachfolgespezialisten\/\" \/>\n<meta property=\"article:modified_time\" content=\"2024-06-17T11:46:23+00:00\" \/>\n<meta property=\"og:image\" content=\"https:\/\/kern.onestep-wp.de\/wp-content\/uploads\/2018\/11\/KERN-Webinare.jpg\" \/>\n\t<meta property=\"og:image:width\" content=\"1280\" \/>\n\t<meta property=\"og:image:height\" content=\"720\" \/>\n\t<meta property=\"og:image:type\" content=\"image\/jpeg\" \/>\n<meta name=\"twitter:card\" content=\"summary_large_image\" \/>\n<meta name=\"twitter:title\" content=\"Webinare\" \/>\n<meta name=\"twitter:label1\" content=\"Estimated reading time\" \/>\n\t<meta name=\"twitter:data1\" content=\"2 minutes\" \/>\n<script type=\"application\/ld+json\" class=\"yoast-schema-graph\">{\"@context\":\"https:\/\/schema.org\",\"@graph\":[{\"@type\":\"WebPage\",\"@id\":\"https:\/\/kern.onestep-wp.de\/webinare\/\",\"url\":\"https:\/\/kern.onestep-wp.de\/webinare\/\",\"name\":\"Online - Seminare | KERN\",\"isPartOf\":{\"@id\":\"https:\/\/kern.onestep-wp.de\/#website\"},\"primaryImageOfPage\":{\"@id\":\"https:\/\/kern.onestep-wp.de\/webinare\/#primaryimage\"},\"image\":{\"@id\":\"https:\/\/kern.onestep-wp.de\/webinare\/#primaryimage\"},\"thumbnailUrl\":\"https:\/\/kern.onestep-wp.de\/wp-content\/uploads\/2018\/11\/KERN-Webinare.jpg\",\"datePublished\":\"2018-10-23T12:38:22+00:00\",\"dateModified\":\"2024-06-17T11:46:23+00:00\",\"description\":\"Kostenlos und unkompliziert \u2605 Sie erhalten einen ersten Einblick in unterschiedliche Nachfolgeszenarien \u2705\",\"breadcrumb\":{\"@id\":\"https:\/\/kern.onestep-wp.de\/webinare\/#breadcrumb\"},\"inLanguage\":\"en-GB\",\"potentialAction\":[{\"@type\":\"ReadAction\",\"target\":[\"https:\/\/kern.onestep-wp.de\/webinare\/\"]}]},{\"@type\":\"ImageObject\",\"inLanguage\":\"en-GB\",\"@id\":\"https:\/\/kern.onestep-wp.de\/webinare\/#primaryimage\",\"url\":\"https:\/\/kern.onestep-wp.de\/wp-content\/uploads\/2018\/11\/KERN-Webinare.jpg\",\"contentUrl\":\"https:\/\/kern.onestep-wp.de\/wp-content\/uploads\/2018\/11\/KERN-Webinare.jpg\",\"width\":1280,\"height\":720},{\"@type\":\"BreadcrumbList\",\"@id\":\"https:\/\/kern.onestep-wp.de\/webinare\/#breadcrumb\",\"itemListElement\":[{\"@type\":\"ListItem\",\"position\":1,\"name\":\"Startseite\",\"item\":\"https:\/\/kern.onestep-wp.de\/\"},{\"@type\":\"ListItem\",\"position\":2,\"name\":\"Webina\u00adre\"}]},{\"@type\":\"WebSite\",\"@id\":\"https:\/\/kern.onestep-wp.de\/#website\",\"url\":\"https:\/\/kern.onestep-wp.de\/\",\"name\":\"KERN 2024\",\"description\":\"Unternehmensverkauf, Generationswechsel, Unternehmenskauf\",\"publisher\":{\"@id\":\"https:\/\/kern.onestep-wp.de\/#organization\"},\"potentialAction\":[{\"@type\":\"SearchAction\",\"target\":{\"@type\":\"EntryPoint\",\"urlTemplate\":\"https:\/\/kern.onestep-wp.de\/?s={search_term_string}\"},\"query-input\":{\"@type\":\"PropertyValueSpecification\",\"valueRequired\":true,\"valueName\":\"search_term_string\"}}],\"inLanguage\":\"en-GB\"},{\"@type\":\"Organization\",\"@id\":\"https:\/\/kern.onestep-wp.de\/#organization\",\"name\":\"KERN Unternehmensnachfolge\",\"url\":\"https:\/\/kern.onestep-wp.de\/\",\"logo\":{\"@type\":\"ImageObject\",\"inLanguage\":\"en-GB\",\"@id\":\"https:\/\/kern.onestep-wp.de\/#\/schema\/logo\/image\/\",\"url\":\"https:\/\/kern.onestep-wp.de\/wp-content\/uploads\/2023\/05\/kern_logo2023_rgb_farbig_transparent.png\",\"contentUrl\":\"https:\/\/kern.onestep-wp.de\/wp-content\/uploads\/2023\/05\/kern_logo2023_rgb_farbig_transparent.png\",\"width\":1317,\"height\":502,\"caption\":\"KERN Unternehmensnachfolge\"},\"image\":{\"@id\":\"https:\/\/kern.onestep-wp.de\/#\/schema\/logo\/image\/\"},\"sameAs\":[\"https:\/\/www.facebook.com\/dienachfolgespezialisten\/\",\"https:\/\/www.linkedin.com\/in\/nils-koerber-52449661\",\"https:\/\/www.youtube.com\/user\/KernUndPartner\"]}]}<\/script>\n<!-- \/ Yoast SEO Premium plugin. -->","yoast_head_json":{"title":"Online - Seminars |&nbsp;<span class=\"caps\">KERN<\/span>","description":"Kosten\u00adlos und unkom\u00adpli\u00adziert \u2605 Sie erhal\u00adten einen ersten Einblick in unter\u00adschied\u00adli\u00adche Nachfolgeszenarien&nbsp;\u2705","robots":{"index":"noindex","follow":"follow","max-snippet":"max-snippet:-1","max-image-preview":"max-image-preview:large","max-video-preview":"max-video-preview:-1"},"og_locale":"en_GB","og_type":"article","og_title":"GRATIS Webinare f\u00fcr Ihre erfolgreiche Unternehmensnachfolge \u2013 mit Nils Koerber","og_description":"W\u00e4hlen Sie aus unseren drei Themen-Schwerpunkten Unternehmensverkauf, Unternehmenskauf oder Generationswechsel","og_url":"https:\/\/kern.onestep-wp.de\/en\/webinare\/","og_site_name":"KERN 2024","article_publisher":"https:\/\/www.facebook.com\/dienachfolgespezialisten\/","article_modified_time":"2024-06-17T11:46:23+00:00","og_image":[{"width":1280,"height":720,"url":"https:\/\/kern.onestep-wp.de\/wp-content\/uploads\/2018\/11\/KERN-Webinare.jpg","type":"image\/jpeg"}],"twitter_card":"summary_large_image","twitter_title":"Webinare","twitter_misc":{"Estimated reading time":"2 minutes"},"schema":{"@context":"https:\/\/schema.org","@graph":[{"@type":"WebPage","@id":"https:\/\/kern.onestep-wp.de\/webinare\/","url":"https:\/\/kern.onestep-wp.de\/webinare\/","name":"Online - Seminars |&nbsp;<span class=\"caps\">KERN<\/span>","isPartOf":{"@id":"https:\/\/kern.onestep-wp.de\/#website"},"primaryImageOfPage":{"@id":"https:\/\/kern.onestep-wp.de\/webinare\/#primaryimage"},"image":{"@id":"https:\/\/kern.onestep-wp.de\/webinare\/#primaryimage"},"thumbnailUrl":"https:\/\/kern.onestep-wp.de\/wp-content\/uploads\/2018\/11\/KERN-Webinare.jpg","datePublished":"2018-10-23T12:38:22+00:00","dateModified":"2024-06-17T11:46:23+00:00","description":"Kosten\u00adlos und unkom\u00adpli\u00adziert \u2605 Sie erhal\u00adten einen ersten Einblick in unter\u00adschied\u00adli\u00adche Nachfolgeszenarien&nbsp;\u2705","breadcrumb":{"@id":"https:\/\/kern.onestep-wp.de\/webinare\/#breadcrumb"},"inLanguage":"en-GB","potentialAction":[{"@type":"ReadAction","target":["https:\/\/kern.onestep-wp.de\/webinare\/"]}]},{"@type":"ImageObject","inLanguage":"en-GB","@id":"https:\/\/kern.onestep-wp.de\/webinare\/#primaryimage","url":"https:\/\/kern.onestep-wp.de\/wp-content\/uploads\/2018\/11\/KERN-Webinare.jpg","contentUrl":"https:\/\/kern.onestep-wp.de\/wp-content\/uploads\/2018\/11\/KERN-Webinare.jpg","width":1280,"height":720},{"@type":"BreadcrumbList","@id":"https:\/\/kern.onestep-wp.de\/webinare\/#breadcrumb","itemListElement":[{"@type":"ListItem","position":1,"name":"Startseite","item":"https:\/\/kern.onestep-wp.de\/"},{"@type":"ListItem","position":2,"name":"Webina\u00adre"}]},{"@type":"WebSite","@id":"https:\/\/kern.onestep-wp.de\/#website","url":"https:\/\/kern.onestep-wp.de\/","name":"<span class=\"caps\">KERN<\/span> 2024","description":"Compa\u00adny sale, genera\u00adti\u00adon change, compa\u00adny acquisition","publisher":{"@id":"https:\/\/kern.onestep-wp.de\/#organization"},"potentialAction":[{"@type":"SearchAction","target":{"@type":"EntryPoint","urlTemplate":"https:\/\/kern.onestep-wp.de\/?s={search_term_string}"},"query-input":{"@type":"PropertyValueSpecification","valueRequired":true,"valueName":"search_term_string"}}],"inLanguage":"en-GB"},{"@type":"Organization","@id":"https:\/\/kern.onestep-wp.de\/#organization","name":"<span class=\"caps\">KERN<\/span> Business Succession","url":"https:\/\/kern.onestep-wp.de\/","logo":{"@type":"ImageObject","inLanguage":"en-GB","@id":"https:\/\/kern.onestep-wp.de\/#\/schema\/logo\/image\/","url":"https:\/\/kern.onestep-wp.de\/wp-content\/uploads\/2023\/05\/kern_logo2023_rgb_farbig_transparent.png","contentUrl":"https:\/\/kern.onestep-wp.de\/wp-content\/uploads\/2023\/05\/kern_logo2023_rgb_farbig_transparent.png","width":1317,"height":502,"caption":"KERN Unternehmensnachfolge"},"image":{"@id":"https:\/\/kern.onestep-wp.de\/#\/schema\/logo\/image\/"},"sameAs":["https:\/\/www.facebook.com\/dienachfolgespezialisten\/","https:\/\/www.linkedin.com\/in\/nils-koerber-52449661","https:\/\/www.youtube.com\/user\/KernUndPartner"]}]}},"_links":{"self":[{"href":"https:\/\/kern.onestep-wp.de\/en\/wp-json\/wp\/v2\/pages\/4138","targetHints":{"allow":["GET"]}}],"collection":[{"href":"https:\/\/kern.onestep-wp.de\/en\/wp-json\/wp\/v2\/pages"}],"about":[{"href":"https:\/\/kern.onestep-wp.de\/en\/wp-json\/wp\/v2\/types\/page"}],"author":[{"embeddable":true,"href":"https:\/\/kern.onestep-wp.de\/en\/wp-json\/wp\/v2\/users\/1"}],"replies":[{"embeddable":true,"href":"https:\/\/kern.onestep-wp.de\/en\/wp-json\/wp\/v2\/comments?post=4138"}],"version-history":[{"count":0,"href":"https:\/\/kern.onestep-wp.de\/en\/wp-json\/wp\/v2\/pages\/4138\/revisions"}],"wp:featuredmedia":[{"embeddable":true,"href":"https:\/\/kern.onestep-wp.de\/en\/wp-json\/wp\/v2\/media\/4545"}],"wp:attachment":[{"href":"https:\/\/kern.onestep-wp.de\/en\/wp-json\/wp\/v2\/media?parent=4138"}],"curies":[{"name":"wp","href":"https:\/\/api.w.org\/{rel}","templated":true}]}}