{"id":1863,"date":"2018-07-21T19:50:30","date_gmt":"2018-07-21T17:50:30","guid":{"rendered":"https:\/\/great-kare.185-125-174-66.plesk.page\/?page_id=1863"},"modified":"2021-09-13T11:39:04","modified_gmt":"2021-09-13T09:39:04","slug":"fitness-check","status":"publish","type":"page","link":"https:\/\/kern.onestep-wp.de\/hu\/fitness-check\/","title":{"rendered":"Az \u00e1llapot\u00adfel\u00adm\u00e9\u00adr\u00e9s a status quo meghat\u00e1roz\u00e1s\u00e1ra"},"content":{"rendered":"<h1 data-css=\"tve-u-16423fda326\" style=\"text-align: left;\">A fitnesz-ellen\u0151r\u00adz\u00e9s<\/h1>\n<p>Unser Nachfol\u00adge-Fitness Check dient der Ermitt\u00adlung des Status Quo mit Blick auf den anste\u00adhen\u00adden Generations\u00adwechsel Ihres Unter\u00adneh\u00admens. Gemein\u00adsam mit Ihnen, f\u00fchren wir eine Bestands\u00adauf\u00adnah\u00adme und Analy\u00adse der Nachfol\u00adge\u00adf\u00e4\u00adhig\u00adkeit Ihres Unter\u00adneh\u00admens durch. Dabei identi\u00adfi\u00adzie\u00adren wir eventu\u00adel\u00adlen Handlungs\u00adbe\u00addarf und machen Vorschl\u00e4\u00adge f\u00fcr Ma\u00dfnah\u00admen zur Optimie\u00adrung der Ver\u00e4u\u00ad\u00dfe\u00adrungs\u00adf\u00e4\u00adhig\u00adkeit. Je nachdem wie viel Zeit noch bis zum Beginn des Ver\u00e4u\u00ad\u00dfe\u00adrungs\u00adpro\u00adzes\u00adses besteht, k\u00f6nnen diese Ma\u00dfnah\u00admen helfen, den erziel\u00adba\u00adren Verkaufs\u00adpreis zu optimieren.<\/p>\n<h3 data-css=\"tve-u-164bdfdb7e4\">Ma\u00dfnah\u00admen zur Verbes\u00adse\u00adrung der Ver\u00e4u\u00dferungsf\u00e4higkeit<\/h3>\n<p>Hierzu z\u00e4hlen beispiels\u00adwei\u00adse bilan\u00adzi\u00adel\u00adle Ma\u00dfnah\u00admen, wie die Heraus\u00adl\u00f6\u00adsung von Pensi\u00adons\u00adr\u00fcck\u00adstel\u00adlun\u00adgen, aber auch perso\u00adnel\u00adle Ma\u00dfnah\u00admen oder die Durch\u00adf\u00fch\u00adrung von geziel\u00adten Inves\u00adti\u00adtio\u00adnen zur Stabi\u00adli\u00adsie\u00adrung des Gesch\u00e4f\u00adtes. So kann etwa die \u00dcbertra\u00adgung einer Pensi\u00adons\u00adr\u00fcck\u00adstel\u00adlung aus der Bilanz des zum Verkauf stehen\u00adden Unter\u00adneh\u00admens, erst die Voraus\u00adset\u00adzung f\u00fcr die Ver\u00e4u\u00ad\u00dfe\u00adrungs\u00adf\u00e4\u00adhig\u00adkeit schaf\u00adfen und gleich\u00adzei\u00adtig den erziel\u00adba\u00adren Kaufpreis deutlich erh\u00f6hen. Die Neube\u00adwer\u00adtung des Vorrats\u00adver\u00adm\u00f6\u00adgens und Waren\u00adbe\u00adstands kann helfen, stille Lasten bereits im Vorfeld des Verkaufs zu berei\u00adni\u00adgen, wodurch unn\u00f6ti\u00adge Diskus\u00adsio\u00adnen mit Kaufin\u00adter\u00ades\u00adsen\u00adten vermie\u00adden werden.<\/p>\n<h3 data-css=\"tve-u-164bdfeadd9\"><span data-css=\"tve-u-164bdfeae06\">Bestehen\u00adde Vertr\u00e4\u00adge pr\u00fcfen<\/span><\/h3>\n<p>Die \u00dcberpr\u00fc\u00adfung der bestehen\u00adden Vertr\u00e4\u00adge geh\u00f6rt ebenfalls zum Fitness Check: K\u00f6nnen sie mit \u00fcbertra\u00adgen werden oder m\u00fcssen sie neu verhan\u00addelt werden? Mit entspre\u00adchen\u00addem zeitli\u00adchen Vorlauf k\u00f6nnen ggf. auch Kunden\u00adbe\u00adzie\u00adhun\u00adgen stabi\u00adli\u00adsiert und \u2013abh\u00e4n\u00adgig\u00adkei\u00adten ausge\u00adr\u00e4umt werden. Kurzum: es gibt eine Vielzahl von Stell\u00adschrau\u00adben, mit denen die Voraus\u00adset\u00adzun\u00adgen f\u00fcr einen erfolg\u00adrei\u00adchen Unter\u00adnehmens\u00adverkauf verbes\u00adsert werden k\u00f6nnen. Unser Fitness Check hilft, diese zu erkennen.<\/p>\n<h3 data-css=\"tve-u-164d6b0102d\">V\u00e1llala\u00adt\u00e9rt\u00e9\u00adkel\u00e9s az elismert szabv\u00e1\u00adny szerint<\/h3>\n<p data-css=\"tve-u-164cc38b25d\">Erg\u00e4n\u00adzend empfeh\u00adlen wir eine ausf\u00fchr\u00adli\u00adche Unter\u00adneh\u00admens\u00adbe\u00adwer\u00adtung nach dem Standard <span class=\"caps\">IDWS1<\/span> (Ertrags\u00adwert\u00adver\u00adfah\u00adren nach den Vorga\u00adben des Insti\u00adtuts der Deutschen Wirtschafts\u00adpr\u00fc\u00adfer). Hierdurch erhal\u00adten Sie einen konkre\u00adten, ersten Anhalts\u00adpunkt f\u00fcr den Wert Ihres Lebens\u00adwerkes. Im gemein\u00adsa\u00admen Austausch und der Erfah\u00adrung unserer t\u00e4gli\u00adchen Trans\u00adak\u00adtio\u00adnen, k\u00f6nnen wir uns anschlie\u00ad\u00dfend einem m\u00f6gli\u00adchen Angebots\u00adpreis (Markt\u00adpreis) n\u00e4hern und Sie haben eine der wichtigs\u00adten Fakten f\u00fcr einen m\u00f6gli\u00adchen Nachfol\u00adge\u00adpro\u00adzess. In Einzel\u00adf\u00e4l\u00adlen und je nach Gesch\u00e4fts\u00admo\u00addell, kommen auch weite\u00adre Bewer\u00adtungs\u00adver\u00adfah\u00adren in&nbsp;Frage.<\/p>","protected":false},"excerpt":{"rendered":"<p>Der Fitness-Check Unser Nachfolge-Fitness Check dient der Ermittlung des Status Quo mit Blick auf den anstehenden Generationswechsel Ihres Unternehmens. Gemeinsam [&hellip;]<\/p>\n","protected":false},"author":1,"featured_media":0,"parent":0,"menu_order":0,"comment_status":"closed","ping_status":"closed","template":"","meta":{"wp_typography_post_enhancements_disabled":false,"site-sidebar-layout":"no-sidebar","site-content-layout":"page-builder","ast-site-content-layout":"default","site-content-style":"default","site-sidebar-style":"default","ast-global-header-display":"","ast-banner-title-visibility":"","ast-main-header-display":"","ast-hfb-above-header-display":"","ast-hfb-below-header-display":"","ast-hfb-mobile-header-display":"","site-post-title":"disabled","ast-breadcrumbs-content":"","ast-featured-img":"disabled","footer-sml-layout":"","ast-disable-related-posts":"","theme-transparent-header-meta":"default","adv-header-id-meta":"","stick-header-meta":"default","header-above-stick-meta":"","header-main-stick-meta":"","header-below-stick-meta":"","astra-migrate-meta-layouts":"default","ast-page-background-enabled":"default","ast-page-background-meta":{"desktop":{"background-color":"","background-image":"","background-repeat":"repeat","background-position":"center center","background-size":"auto","background-attachment":"scroll","background-type":"","background-media":"","overlay-type":"","overlay-color":"","overlay-opacity":"","overlay-gradient":""},"tablet":{"background-color":"","background-image":"","background-repeat":"repeat","background-position":"center center","background-size":"auto","background-attachment":"scroll","background-type":"","background-media":"","overlay-type":"","overlay-color":"","overlay-opacity":"","overlay-gradient":""},"mobile":{"background-color":"","background-image":"","background-repeat":"repeat","background-position":"center center","background-size":"auto","background-attachment":"scroll","background-type":"","background-media":"","overlay-type":"","overlay-color":"","overlay-opacity":"","overlay-gradient":""}},"ast-content-background-meta":{"desktop":{"background-color":"var(--ast-global-color-5)","background-image":"","background-repeat":"repeat","background-position":"center center","background-size":"auto","background-attachment":"scroll","background-type":"","background-media":"","overlay-type":"","overlay-color":"","overlay-opacity":"","overlay-gradient":""},"tablet":{"background-color":"var(--ast-global-color-5)","background-image":"","background-repeat":"repeat","background-position":"center center","background-size":"auto","background-attachment":"scroll","background-type":"","background-media":"","overlay-type":"","overlay-color":"","overlay-opacity":"","overlay-gradient":""},"mobile":{"background-color":"var(--ast-global-color-5)","background-image":"","background-repeat":"repeat","background-position":"center center","background-size":"auto","background-attachment":"scroll","background-type":"","background-media":"","overlay-type":"","overlay-color":"","overlay-opacity":"","overlay-gradient":""}},"footnotes":""},"class_list":["post-1863","page","type-page","status-publish","hentry"],"yoast_head":"<!-- This site is optimized with the Yoast SEO Premium plugin v24.1 (Yoast SEO v26.8) - https:\/\/yoast.com\/product\/yoast-seo-premium-wordpress\/ -->\n<title>Fitness-Check zur Unternehmensnachfolge | KERN<\/title>\n<meta name=\"description\" content=\"Sind sie FIT f\u00fcr die Unternehmensnachfolge? JETZT die Wichtigsten Schritte sichten + KNOW HOW auffrischen!\" \/>\n<meta name=\"robots\" content=\"noindex, follow, max-snippet:-1, max-image-preview:large, max-video-preview:-1\" \/>\n<meta property=\"og:locale\" content=\"hu_HU\" \/>\n<meta property=\"og:type\" content=\"article\" \/>\n<meta property=\"og:title\" content=\"Der Fitness-Check zur Ermittlung des Status Quo\" \/>\n<meta property=\"og:description\" content=\"Sind sie FIT f\u00fcr die Unternehmensnachfolge? JETZT die Wichtigsten Schritte sichten + KNOW HOW auffrischen!\" \/>\n<meta property=\"og:url\" content=\"https:\/\/kern.onestep-wp.de\/hu\/fitness-check\/\" \/>\n<meta property=\"og:site_name\" content=\"KERN 2024\" \/>\n<meta property=\"article:publisher\" content=\"https:\/\/www.facebook.com\/dienachfolgespezialisten\/\" \/>\n<meta property=\"article:modified_time\" content=\"2021-09-13T09:39:04+00:00\" \/>\n<meta name=\"twitter:card\" content=\"summary_large_image\" \/>\n<meta name=\"twitter:label1\" content=\"Becs\u00fclt olvas\u00e1si id\u0151\" \/>\n\t<meta name=\"twitter:data1\" content=\"2 perc\" \/>\n<script type=\"application\/ld+json\" class=\"yoast-schema-graph\">{\"@context\":\"https:\/\/schema.org\",\"@graph\":[{\"@type\":\"WebPage\",\"@id\":\"https:\/\/kern.onestep-wp.de\/fitness-check\/\",\"url\":\"https:\/\/kern.onestep-wp.de\/fitness-check\/\",\"name\":\"Fitness-Check zur Unternehmensnachfolge | KERN\",\"isPartOf\":{\"@id\":\"https:\/\/kern.onestep-wp.de\/#website\"},\"datePublished\":\"2018-07-21T17:50:30+00:00\",\"dateModified\":\"2021-09-13T09:39:04+00:00\",\"description\":\"Sind sie FIT f\u00fcr die Unternehmensnachfolge? JETZT die Wichtigsten Schritte sichten + KNOW HOW auffrischen!\",\"breadcrumb\":{\"@id\":\"https:\/\/kern.onestep-wp.de\/fitness-check\/#breadcrumb\"},\"inLanguage\":\"hu\",\"potentialAction\":[{\"@type\":\"ReadAction\",\"target\":[\"https:\/\/kern.onestep-wp.de\/fitness-check\/\"]}]},{\"@type\":\"BreadcrumbList\",\"@id\":\"https:\/\/kern.onestep-wp.de\/fitness-check\/#breadcrumb\",\"itemListElement\":[{\"@type\":\"ListItem\",\"position\":1,\"name\":\"Startseite\",\"item\":\"https:\/\/kern.onestep-wp.de\/\"},{\"@type\":\"ListItem\",\"position\":2,\"name\":\"Der Fitness-Check zur Ermitt\u00adlung des Status Quo\"}]},{\"@type\":\"WebSite\",\"@id\":\"https:\/\/kern.onestep-wp.de\/#website\",\"url\":\"https:\/\/kern.onestep-wp.de\/\",\"name\":\"KERN 2024\",\"description\":\"Unternehmensverkauf, Generationswechsel, Unternehmenskauf\",\"publisher\":{\"@id\":\"https:\/\/kern.onestep-wp.de\/#organization\"},\"potentialAction\":[{\"@type\":\"SearchAction\",\"target\":{\"@type\":\"EntryPoint\",\"urlTemplate\":\"https:\/\/kern.onestep-wp.de\/?s={search_term_string}\"},\"query-input\":{\"@type\":\"PropertyValueSpecification\",\"valueRequired\":true,\"valueName\":\"search_term_string\"}}],\"inLanguage\":\"hu\"},{\"@type\":\"Organization\",\"@id\":\"https:\/\/kern.onestep-wp.de\/#organization\",\"name\":\"KERN Unternehmensnachfolge\",\"url\":\"https:\/\/kern.onestep-wp.de\/\",\"logo\":{\"@type\":\"ImageObject\",\"inLanguage\":\"hu\",\"@id\":\"https:\/\/kern.onestep-wp.de\/#\/schema\/logo\/image\/\",\"url\":\"https:\/\/kern.onestep-wp.de\/wp-content\/uploads\/2023\/05\/kern_logo2023_rgb_farbig_transparent.png\",\"contentUrl\":\"https:\/\/kern.onestep-wp.de\/wp-content\/uploads\/2023\/05\/kern_logo2023_rgb_farbig_transparent.png\",\"width\":1317,\"height\":502,\"caption\":\"KERN Unternehmensnachfolge\"},\"image\":{\"@id\":\"https:\/\/kern.onestep-wp.de\/#\/schema\/logo\/image\/\"},\"sameAs\":[\"https:\/\/www.facebook.com\/dienachfolgespezialisten\/\",\"https:\/\/www.linkedin.com\/in\/nils-koerber-52449661\",\"https:\/\/www.youtube.com\/user\/KernUndPartner\"]}]}<\/script>\n<!-- \/ Yoast SEO Premium plugin. -->","yoast_head_json":{"title":"Fitness Check a v\u00e1llala\u00adti ut\u00f3dl\u00e1s\u00adhoz |&nbsp;<span class=\"caps\">KERN<\/span>","description":"\u00d6n <span class=\"caps\">FIT<\/span> az \u00fczleti ut\u00f3dl\u00e1s\u00adra? Tekint\u00adse \u00e1t a legfon\u00adtosabb l\u00e9p\u00e9se\u00adket <span class=\"caps\">MOST<\/span> + friss\u00edt\u00adse fel a <span class=\"caps\">TUD\u00c1S\u00c1T<\/span>!","robots":{"index":"noindex","follow":"follow","max-snippet":"max-snippet:-1","max-image-preview":"max-image-preview:large","max-video-preview":"max-video-preview:-1"},"og_locale":"hu_HU","og_type":"article","og_title":"Der Fitness-Check zur Ermittlung des Status Quo","og_description":"Sind sie FIT f\u00fcr die Unternehmensnachfolge? JETZT die Wichtigsten Schritte sichten + KNOW HOW auffrischen!","og_url":"https:\/\/kern.onestep-wp.de\/hu\/fitness-check\/","og_site_name":"KERN 2024","article_publisher":"https:\/\/www.facebook.com\/dienachfolgespezialisten\/","article_modified_time":"2021-09-13T09:39:04+00:00","twitter_card":"summary_large_image","twitter_misc":{"Becs\u00fclt olvas\u00e1si id\u0151":"2 perc"},"schema":{"@context":"https:\/\/schema.org","@graph":[{"@type":"WebPage","@id":"https:\/\/kern.onestep-wp.de\/fitness-check\/","url":"https:\/\/kern.onestep-wp.de\/fitness-check\/","name":"Fitness Check a v\u00e1llala\u00adti ut\u00f3dl\u00e1s\u00adhoz |&nbsp;<span class=\"caps\">KERN<\/span>","isPartOf":{"@id":"https:\/\/kern.onestep-wp.de\/#website"},"datePublished":"2018-07-21T17:50:30+00:00","dateModified":"2021-09-13T09:39:04+00:00","description":"\u00d6n <span class=\"caps\">FIT<\/span> az \u00fczleti ut\u00f3dl\u00e1s\u00adra? Tekint\u00adse \u00e1t a legfon\u00adtosabb l\u00e9p\u00e9se\u00adket <span class=\"caps\">MOST<\/span> + friss\u00edt\u00adse fel a <span class=\"caps\">TUD\u00c1S\u00c1T<\/span>!","breadcrumb":{"@id":"https:\/\/kern.onestep-wp.de\/fitness-check\/#breadcrumb"},"inLanguage":"hu","potentialAction":[{"@type":"ReadAction","target":["https:\/\/kern.onestep-wp.de\/fitness-check\/"]}]},{"@type":"BreadcrumbList","@id":"https:\/\/kern.onestep-wp.de\/fitness-check\/#breadcrumb","itemListElement":[{"@type":"ListItem","position":1,"name":"Startseite","item":"https:\/\/kern.onestep-wp.de\/"},{"@type":"ListItem","position":2,"name":"Der Fitness-Check zur Ermitt\u00adlung des Status Quo"}]},{"@type":"WebSite","@id":"https:\/\/kern.onestep-wp.de\/#website","url":"https:\/\/kern.onestep-wp.de\/","name":"<span class=\"caps\">KERN<\/span> 2024","description":"C\u00e9gela\u00add\u00e1s, gener\u00e1\u00adci\u00f3\u00adv\u00e1l\u00adt\u00e1s, c\u00e9gfelv\u00e1s\u00e1rl\u00e1s","publisher":{"@id":"https:\/\/kern.onestep-wp.de\/#organization"},"potentialAction":[{"@type":"SearchAction","target":{"@type":"EntryPoint","urlTemplate":"https:\/\/kern.onestep-wp.de\/?s={search_term_string}"},"query-input":{"@type":"PropertyValueSpecification","valueRequired":true,"valueName":"search_term_string"}}],"inLanguage":"hu"},{"@type":"Organization","@id":"https:\/\/kern.onestep-wp.de\/#organization","name":"<span class=\"caps\">KERN<\/span> \u00dczleti ut\u00f3dl\u00e1s","url":"https:\/\/kern.onestep-wp.de\/","logo":{"@type":"ImageObject","inLanguage":"hu","@id":"https:\/\/kern.onestep-wp.de\/#\/schema\/logo\/image\/","url":"https:\/\/kern.onestep-wp.de\/wp-content\/uploads\/2023\/05\/kern_logo2023_rgb_farbig_transparent.png","contentUrl":"https:\/\/kern.onestep-wp.de\/wp-content\/uploads\/2023\/05\/kern_logo2023_rgb_farbig_transparent.png","width":1317,"height":502,"caption":"KERN Unternehmensnachfolge"},"image":{"@id":"https:\/\/kern.onestep-wp.de\/#\/schema\/logo\/image\/"},"sameAs":["https:\/\/www.facebook.com\/dienachfolgespezialisten\/","https:\/\/www.linkedin.com\/in\/nils-koerber-52449661","https:\/\/www.youtube.com\/user\/KernUndPartner"]}]}},"_links":{"self":[{"href":"https:\/\/kern.onestep-wp.de\/hu\/wp-json\/wp\/v2\/pages\/1863","targetHints":{"allow":["GET"]}}],"collection":[{"href":"https:\/\/kern.onestep-wp.de\/hu\/wp-json\/wp\/v2\/pages"}],"about":[{"href":"https:\/\/kern.onestep-wp.de\/hu\/wp-json\/wp\/v2\/types\/page"}],"author":[{"embeddable":true,"href":"https:\/\/kern.onestep-wp.de\/hu\/wp-json\/wp\/v2\/users\/1"}],"replies":[{"embeddable":true,"href":"https:\/\/kern.onestep-wp.de\/hu\/wp-json\/wp\/v2\/comments?post=1863"}],"version-history":[{"count":0,"href":"https:\/\/kern.onestep-wp.de\/hu\/wp-json\/wp\/v2\/pages\/1863\/revisions"}],"wp:attachment":[{"href":"https:\/\/kern.onestep-wp.de\/hu\/wp-json\/wp\/v2\/media?parent=1863"}],"curies":[{"name":"wp","href":"https:\/\/api.w.org\/{rel}","templated":true}]}}