{"id":9111,"date":"2020-03-20T16:07:48","date_gmt":"2020-03-20T15:07:48","guid":{"rendered":"https:\/\/great-kare.185-125-174-66.plesk.page\/?page_id=9111"},"modified":"2024-10-14T16:31:06","modified_gmt":"2024-10-14T14:31:06","slug":"studie-unternehmensnachfolge-deutschland-2020","status":"publish","type":"page","link":"https:\/\/kern.onestep-wp.de\/hu\/studie-unternehmensnachfolge-deutschland-2020\/","title":{"rendered":"Tanul\u00adm\u00e1\u00adny Compa\u00adny Succes\u00adsi\u00adon N\u00e9metor\u00adsz\u00e1g&nbsp;2020"},"content":{"rendered":"<p><a data-id-d=\"1\" data-img-style=\"\"><img loading=\"lazy\" decoding=\"async\" src=\"https:\/\/kern.onestep-wp.de\/wp-content\/uploads\/2023\/05\/kern_logo2023_rgb_weiss_transparent.png\" height=\"502\" width=\"1317\" alt=\"KERN Schrift-Logo in wei\u00df mit KERN Delphin\" style=\"\"><\/img><\/a><\/p>\n<h1 style=\"text-align: center;\">Unternehmensnachfolge Deutschland: Gr\u00f6\u00dfte deutsche Studie deckt <strong>brisante Entwicklung bis 2025<\/strong> auf<\/h1>\n<ul>\n<li style=\"\"><span style=\"color: rgb(255, 255, 255) !important; --tcb-applied-color: rgb(255, 255, 255) !important;\"><strong>Mehr als 580.000 untersuchte Unternehmen<\/strong> in der Umsatzklasse von 250.000 Euro bis zu 50 Millionen Euro \u2013 analog der IHK-Bezirke in Deutschland.<\/span><\/li>\n<li style=\"\"><span style=\"color: rgb(255, 255, 255) !important; --tcb-applied-color: rgb(255, 255, 255) !important;\"><strong>Interaktive digitale Landkarte<\/strong> zeigt Unternehmen, die in den n\u00e4chsten 5 Jahren von Unternehmensnachfolge betroffen sein werden.<\/span><\/li>\n<li style=\"\"><span style=\"color: rgb(255, 255, 255) !important; --tcb-applied-color: rgb(255, 255, 255) !important;\"><strong>GRATIS Download PDF<\/strong> inklusive Herausforderungen &nbsp;und Forderungen zum Erhalt unseres Wohlstands<\/span><\/li>\n<\/ul>\n<p><span><img loading=\"lazy\" decoding=\"async\" alt=\"\" data-id=\"9272\" width=\"500\" height=\"413\" title=\"studie-untenehmensnachfolge2020b\" src=\"https:\/\/kern.onestep-wp.de\/wp-content\/uploads\/2020\/04\/studie-untenehmensnachfolge2020b.png\"><\/span><\/p>\n<h2 style=\"\"><span style=\"font-weight: normal;\">Digitale Landkarte zeigt wie \u00dcberalterung Druck auf Familienunternehmen erh\u00f6ht<\/span><\/h2>\n<h3 style=\"text-align: center;\"><strong>GRATIS ZUGRIFF + PDF DOWNLOAD<\/strong><\/h3>\n<p><span><img loading=\"lazy\" decoding=\"async\" alt=\"\" data-id=\"9278\" width=\"1400\" height=\"727\" title=\"Screenshot 2020-04-04 02.22.26\" src=\"https:\/\/kern.onestep-wp.de\/wp-content\/uploads\/2020\/04\/Screenshot-2020-04-04-02.22.26.jpg\"><\/span><\/p>\n<h2><strong><\/strong><strong>Was Autoren und Leser \u00fcber die Studie Unternehmensnachfolge in Deutschland sagen<\/strong><\/h2>\n<p><span style=\"width: 100%;\"><img decoding=\"async\" alt=\"Ingo Claus Unternehmensnachfolge Unternehmensverkauf Osnabr\u00fcck M\u00fcnster Ostwestfalen\" width=\"160\" height=\"950\" title=\"Ingo Claus Unternehmensverkauf Osnabr\u00fcck M\u00fcnster OWL\" data-id=\"9093\" src=\"https:\/\/kern.onestep-wp.de\/wp-content\/uploads\/2020\/03\/Ingo-Claus-Unternehmensverkauf-Osnabr\u00fcck-M\u00fcnster-OWL.jpg\" style=\"aspect-ratio: auto 950 \/ 950;\" data-width=\"160\" data-init-width=\"950\" data-init-height=\"950\" loading=\"lazy\"><\/span><\/p>\n<h3><strong><strong>Woher kommen die zuk\u00fcnftigen Unternehmensnachfolger in Deutschland?<\/strong><\/strong><\/h3>\n<p>\u201eDie geburtenschwachen Jahrg\u00e4nge erzeugen bereits heute einen dramatischen Fachkr\u00e4ftemangel und ziehen automatisch einen Unternehmermangel nach sich. Wir brauchen einen neuen Gr\u00fcndergeist!\u201c<\/p>\n<\/p>\n<p>Ingo Claus, Autor und Partner von KERN in Osnabr\u00fcck<\/p>\n<p><span style=\"width: 100%;\"><img decoding=\"async\" alt=\"Portrai Nils Koerber von KERN M&amp;A Beratung f\u00fcr Unternehmensverkauf und Unternehmensnachfolge\" width=\"160\" height=\"400\" title=\"Nils-Koerber-kerngruender\" data-id=\"19966\" src=\"https:\/\/kern.onestep-wp.de\/wp-content\/uploads\/2021\/11\/Nils-Koerber-kerngruender.jpg\" style=\"aspect-ratio: auto 400 \/ 400;\" data-width=\"160\" data-init-width=\"400\" data-init-height=\"400\" loading=\"lazy\"><\/span><\/p>\n<h3><strong>Was mich am meisten beeindruckt hat<\/strong><\/h3>\n<p>\u201eUns ist als Spezialisten die dramatische Perspektive seit Jahren bekannt. Mit der interaktiven Landkarte wird mir noch einmal viel deutlicher, welche Auswirkungen die \u00dcberalterung der Familienunternehmen f\u00fcr uns alle haben wird\u201c<\/p>\n<\/p>\n<p>Nils Koerber, Autor und Gr\u00fcnder von KERN<\/p>\n<p><span style=\"width: 100%;\"><img decoding=\"async\" alt=\"\" width=\"160\" height=\"211\" title=\"ayse-mese\" data-id=\"26140\" src=\"https:\/\/kern.onestep-wp.de\/wp-content\/uploads\/2023\/04\/ayse-mese.jpg\" style=\"aspect-ratio: auto 210 \/ 211;\" data-width=\"160\" data-init-width=\"210\" data-init-height=\"211\" loading=\"lazy\"><\/span><\/p>\n<h3><strong>Hoffnung macht, dass immer mehr Unternehmer&#8230;<\/strong><\/h3>\n<p>\u201eDie Tatsache, dass uns eine Welle an \u00dcbergaben bevorsteht, macht die Studie sehr klar deutlich. Hoffnung macht, dass immer mehr Unternehmer die Antwort auf die Nachfolgerfrage in einer externen Nachfolge suchen und die oftmals \u00fcberforderten Familien die Herausforderung auf diesem Weg erfolgreich meistern k\u00f6nnen.\u201c<\/p>\n<\/p>\n<p>Ayse Mese, Gesch\u00e4ftsf\u00fchrerin DUB Unternehmensb\u00f6rse<\/p>\n<p><span><img loading=\"lazy\" decoding=\"async\" alt=\"\" data-id=\"9272\" width=\"500\" height=\"413\" title=\"studie-untenehmensnachfolge2020b\" src=\"https:\/\/kern.onestep-wp.de\/wp-content\/uploads\/2020\/04\/studie-untenehmensnachfolge2020b.png\"><\/span><\/p>\n<p style=\"text-align: center;\"><strong>Sie erhalten GRATIS Zugriff auf den PDF-Download und die digitale interaktive Landkarte!<\/strong> Informieren Sie sich rechtzeitig \u00fcber die Entwicklung in Ihrem IHK-Bezirk!<\/p>\n<p style=\"\">\u00a9 2020,&nbsp;<span data-attr-id=\"1\" data-extra_key=\"1\" data-shortcode=\"thrive_global_fields\" data-shortcode-name=\"[Company] Company Name\" style=\"\">KERN Unternehmensnachfolge<\/span><\/p>\n<p style=\"\"><a href=\"\/impressum\" target=\"_blank\" style=\"outline: currentcolor;\" rel=\"noopener\">Impressum<\/a> &nbsp;| &nbsp;<a href=\"https:\/\/kern.onestep-wp.de\/datenschutz\/\" target=\"_blank\" style=\"outline: currentcolor;\" rel=\"noopener\">Datenschutz<\/a><\/p>\n","protected":false},"excerpt":{"rendered":"<p>Unternehmensnachfolge Deutschland: Gr\u00f6\u00dfte deutsche Studie deckt brisante Entwicklung bis 2025 auf Mehr als 580.000 untersuchte Unternehmen in der Umsatzklasse von [&hellip;]<\/p>\n","protected":false},"author":2,"featured_media":0,"parent":0,"menu_order":0,"comment_status":"closed","ping_status":"closed","template":"","meta":{"wp_typography_post_enhancements_disabled":false,"site-sidebar-layout":"no-sidebar","site-content-layout":"plain-container","ast-site-content-layout":"default","site-content-style":"default","site-sidebar-style":"default","ast-global-header-display":"","ast-banner-title-visibility":"","ast-main-header-display":"","ast-hfb-above-header-display":"","ast-hfb-below-header-display":"","ast-hfb-mobile-header-display":"","site-post-title":"","ast-breadcrumbs-content":"","ast-featured-img":"","footer-sml-layout":"","ast-disable-related-posts":"","theme-transparent-header-meta":"default","adv-header-id-meta":"","stick-header-meta":"default","header-above-stick-meta":"","header-main-stick-meta":"","header-below-stick-meta":"","astra-migrate-meta-layouts":"default","ast-page-background-enabled":"default","ast-page-background-meta":{"desktop":{"background-color":"","background-image":"","background-repeat":"repeat","background-position":"center center","background-size":"auto","background-attachment":"scroll","background-type":"","background-media":"","overlay-type":"","overlay-color":"","overlay-opacity":"","overlay-gradient":""},"tablet":{"background-color":"","background-image":"","background-repeat":"repeat","background-position":"center center","background-size":"auto","background-attachment":"scroll","background-type":"","background-media":"","overlay-type":"","overlay-color":"","overlay-opacity":"","overlay-gradient":""},"mobile":{"background-color":"","background-image":"","background-repeat":"repeat","background-position":"center center","background-size":"auto","background-attachment":"scroll","background-type":"","background-media":"","overlay-type":"","overlay-color":"","overlay-opacity":"","overlay-gradient":""}},"ast-content-background-meta":{"desktop":{"background-color":"var(--ast-global-color-5)","background-image":"","background-repeat":"repeat","background-position":"center center","background-size":"auto","background-attachment":"scroll","background-type":"","background-media":"","overlay-type":"","overlay-color":"","overlay-opacity":"","overlay-gradient":""},"tablet":{"background-color":"var(--ast-global-color-5)","background-image":"","background-repeat":"repeat","background-position":"center center","background-size":"auto","background-attachment":"scroll","background-type":"","background-media":"","overlay-type":"","overlay-color":"","overlay-opacity":"","overlay-gradient":""},"mobile":{"background-color":"var(--ast-global-color-5)","background-image":"","background-repeat":"repeat","background-position":"center center","background-size":"auto","background-attachment":"scroll","background-type":"","background-media":"","overlay-type":"","overlay-color":"","overlay-opacity":"","overlay-gradient":""}},"footnotes":""},"class_list":["post-9111","page","type-page","status-publish","hentry"],"yoast_head":"<!-- This site is optimized with the Yoast SEO Premium plugin v24.1 (Yoast SEO v26.8) - https:\/\/yoast.com\/product\/yoast-seo-premium-wordpress\/ -->\n<title>Unternehmensnachfolge Deutschland 2020 | KERN<\/title>\n<meta name=\"description\" content=\"Brisante Entwicklung der Unternehmensnachfolge bis 2025 \u2605 Mehr als 580.000 untersuchte Unternehmen \u25ba Jetzt Download\" \/>\n<meta name=\"robots\" content=\"noindex, follow, max-snippet:-1, max-image-preview:large, max-video-preview:-1\" \/>\n<meta property=\"og:locale\" content=\"hu_HU\" \/>\n<meta property=\"og:type\" content=\"article\" \/>\n<meta property=\"og:title\" content=\"Studie Unternehmensnachfolge Deutschland 2020\" \/>\n<meta property=\"og:description\" content=\"Brisante Entwicklung der Unternehmensnachfolge bis 2025 \u2605 Mehr als 580.000 untersuchte Unternehmen \u25ba Jetzt Download\" \/>\n<meta property=\"og:url\" content=\"https:\/\/kern.onestep-wp.de\/hu\/studie-unternehmensnachfolge-deutschland-2020\/\" \/>\n<meta property=\"og:site_name\" content=\"KERN 2024\" \/>\n<meta property=\"article:publisher\" content=\"https:\/\/www.facebook.com\/dienachfolgespezialisten\/\" \/>\n<meta property=\"article:modified_time\" content=\"2024-10-14T14:31:06+00:00\" \/>\n<meta property=\"og:image\" content=\"https:\/\/kern.onestep-wp.de\/wp-content\/uploads\/2023\/05\/kern_logo2023_rgb_weiss_transparent.png\" \/>\n<meta name=\"twitter:card\" content=\"summary_large_image\" \/>\n<meta name=\"twitter:label1\" content=\"Becs\u00fclt olvas\u00e1si id\u0151\" \/>\n\t<meta name=\"twitter:data1\" content=\"3 perc\" \/>\n<script type=\"application\/ld+json\" class=\"yoast-schema-graph\">{\"@context\":\"https:\/\/schema.org\",\"@graph\":[{\"@type\":\"WebPage\",\"@id\":\"https:\/\/kern.onestep-wp.de\/studie-unternehmensnachfolge-deutschland-2020\/\",\"url\":\"https:\/\/kern.onestep-wp.de\/studie-unternehmensnachfolge-deutschland-2020\/\",\"name\":\"Unternehmensnachfolge Deutschland 2020 | KERN\",\"isPartOf\":{\"@id\":\"https:\/\/kern.onestep-wp.de\/#website\"},\"primaryImageOfPage\":{\"@id\":\"https:\/\/kern.onestep-wp.de\/studie-unternehmensnachfolge-deutschland-2020\/#primaryimage\"},\"image\":{\"@id\":\"https:\/\/kern.onestep-wp.de\/studie-unternehmensnachfolge-deutschland-2020\/#primaryimage\"},\"thumbnailUrl\":\"https:\/\/kern.onestep-wp.de\/wp-content\/uploads\/2023\/05\/kern_logo2023_rgb_weiss_transparent.png\",\"datePublished\":\"2020-03-20T15:07:48+00:00\",\"dateModified\":\"2024-10-14T14:31:06+00:00\",\"description\":\"Brisante Entwicklung der Unternehmensnachfolge bis 2025 \u2605 Mehr als 580.000 untersuchte Unternehmen \u25ba Jetzt Download\",\"breadcrumb\":{\"@id\":\"https:\/\/kern.onestep-wp.de\/studie-unternehmensnachfolge-deutschland-2020\/#breadcrumb\"},\"inLanguage\":\"hu\",\"potentialAction\":[{\"@type\":\"ReadAction\",\"target\":[\"https:\/\/kern.onestep-wp.de\/studie-unternehmensnachfolge-deutschland-2020\/\"]}]},{\"@type\":\"ImageObject\",\"inLanguage\":\"hu\",\"@id\":\"https:\/\/kern.onestep-wp.de\/studie-unternehmensnachfolge-deutschland-2020\/#primaryimage\",\"url\":\"https:\/\/kern.onestep-wp.de\/wp-content\/uploads\/2023\/05\/kern_logo2023_rgb_weiss_transparent.png\",\"contentUrl\":\"https:\/\/kern.onestep-wp.de\/wp-content\/uploads\/2023\/05\/kern_logo2023_rgb_weiss_transparent.png\"},{\"@type\":\"BreadcrumbList\",\"@id\":\"https:\/\/kern.onestep-wp.de\/studie-unternehmensnachfolge-deutschland-2020\/#breadcrumb\",\"itemListElement\":[{\"@type\":\"ListItem\",\"position\":1,\"name\":\"Startseite\",\"item\":\"https:\/\/kern.onestep-wp.de\/\"},{\"@type\":\"ListItem\",\"position\":2,\"name\":\"Studie Unternehmens\u00adnachfolge Deutsch\u00adland&nbsp;2020\"}]},{\"@type\":\"WebSite\",\"@id\":\"https:\/\/kern.onestep-wp.de\/#website\",\"url\":\"https:\/\/kern.onestep-wp.de\/\",\"name\":\"KERN 2024\",\"description\":\"Unternehmensverkauf, Generationswechsel, Unternehmenskauf\",\"publisher\":{\"@id\":\"https:\/\/kern.onestep-wp.de\/#organization\"},\"potentialAction\":[{\"@type\":\"SearchAction\",\"target\":{\"@type\":\"EntryPoint\",\"urlTemplate\":\"https:\/\/kern.onestep-wp.de\/?s={search_term_string}\"},\"query-input\":{\"@type\":\"PropertyValueSpecification\",\"valueRequired\":true,\"valueName\":\"search_term_string\"}}],\"inLanguage\":\"hu\"},{\"@type\":\"Organization\",\"@id\":\"https:\/\/kern.onestep-wp.de\/#organization\",\"name\":\"KERN Unternehmensnachfolge\",\"url\":\"https:\/\/kern.onestep-wp.de\/\",\"logo\":{\"@type\":\"ImageObject\",\"inLanguage\":\"hu\",\"@id\":\"https:\/\/kern.onestep-wp.de\/#\/schema\/logo\/image\/\",\"url\":\"https:\/\/kern.onestep-wp.de\/wp-content\/uploads\/2023\/05\/kern_logo2023_rgb_farbig_transparent.png\",\"contentUrl\":\"https:\/\/kern.onestep-wp.de\/wp-content\/uploads\/2023\/05\/kern_logo2023_rgb_farbig_transparent.png\",\"width\":1317,\"height\":502,\"caption\":\"KERN Unternehmensnachfolge\"},\"image\":{\"@id\":\"https:\/\/kern.onestep-wp.de\/#\/schema\/logo\/image\/\"},\"sameAs\":[\"https:\/\/www.facebook.com\/dienachfolgespezialisten\/\",\"https:\/\/www.linkedin.com\/in\/nils-koerber-52449661\",\"https:\/\/www.youtube.com\/user\/KernUndPartner\"]}]}<\/script>\n<!-- \/ Yoast SEO Premium plugin. -->","yoast_head_json":{"title":"V\u00e1llala\u00adti ut\u00f3dl\u00e1s N\u00e9metor\u00adsz\u00e1g 2020 |&nbsp;<span class=\"caps\">KERN<\/span>","description":"Brisan\u00adte Entwick\u00adlung der Unternehmens\u00adnachfolge bis 2025 \u2605 Mehr als 580.000 unter\u00adsuch\u00adte Unter\u00adneh\u00admen \u25ba Jetzt Download","robots":{"index":"noindex","follow":"follow","max-snippet":"max-snippet:-1","max-image-preview":"max-image-preview:large","max-video-preview":"max-video-preview:-1"},"og_locale":"hu_HU","og_type":"article","og_title":"Studie Unternehmensnachfolge Deutschland 2020","og_description":"Brisante Entwicklung der Unternehmensnachfolge bis 2025 \u2605 Mehr als 580.000 untersuchte Unternehmen \u25ba Jetzt Download","og_url":"https:\/\/kern.onestep-wp.de\/hu\/studie-unternehmensnachfolge-deutschland-2020\/","og_site_name":"KERN 2024","article_publisher":"https:\/\/www.facebook.com\/dienachfolgespezialisten\/","article_modified_time":"2024-10-14T14:31:06+00:00","og_image":[{"url":"https:\/\/kern.onestep-wp.de\/wp-content\/uploads\/2023\/05\/kern_logo2023_rgb_weiss_transparent.png","type":"","width":"","height":""}],"twitter_card":"summary_large_image","twitter_misc":{"Becs\u00fclt olvas\u00e1si id\u0151":"3 perc"},"schema":{"@context":"https:\/\/schema.org","@graph":[{"@type":"WebPage","@id":"https:\/\/kern.onestep-wp.de\/studie-unternehmensnachfolge-deutschland-2020\/","url":"https:\/\/kern.onestep-wp.de\/studie-unternehmensnachfolge-deutschland-2020\/","name":"V\u00e1llala\u00adti ut\u00f3dl\u00e1s N\u00e9metor\u00adsz\u00e1g 2020 |&nbsp;<span class=\"caps\">KERN<\/span>","isPartOf":{"@id":"https:\/\/kern.onestep-wp.de\/#website"},"primaryImageOfPage":{"@id":"https:\/\/kern.onestep-wp.de\/studie-unternehmensnachfolge-deutschland-2020\/#primaryimage"},"image":{"@id":"https:\/\/kern.onestep-wp.de\/studie-unternehmensnachfolge-deutschland-2020\/#primaryimage"},"thumbnailUrl":"https:\/\/kern.onestep-wp.de\/wp-content\/uploads\/2023\/05\/kern_logo2023_rgb_weiss_transparent.png","datePublished":"2020-03-20T15:07:48+00:00","dateModified":"2024-10-14T14:31:06+00:00","description":"Brisan\u00adte Entwick\u00adlung der Unternehmens\u00adnachfolge bis 2025 \u2605 Mehr als 580.000 unter\u00adsuch\u00adte Unter\u00adneh\u00admen \u25ba Jetzt Download","breadcrumb":{"@id":"https:\/\/kern.onestep-wp.de\/studie-unternehmensnachfolge-deutschland-2020\/#breadcrumb"},"inLanguage":"hu","potentialAction":[{"@type":"ReadAction","target":["https:\/\/kern.onestep-wp.de\/studie-unternehmensnachfolge-deutschland-2020\/"]}]},{"@type":"ImageObject","inLanguage":"hu","@id":"https:\/\/kern.onestep-wp.de\/studie-unternehmensnachfolge-deutschland-2020\/#primaryimage","url":"https:\/\/kern.onestep-wp.de\/wp-content\/uploads\/2023\/05\/kern_logo2023_rgb_weiss_transparent.png","contentUrl":"https:\/\/kern.onestep-wp.de\/wp-content\/uploads\/2023\/05\/kern_logo2023_rgb_weiss_transparent.png"},{"@type":"BreadcrumbList","@id":"https:\/\/kern.onestep-wp.de\/studie-unternehmensnachfolge-deutschland-2020\/#breadcrumb","itemListElement":[{"@type":"ListItem","position":1,"name":"Startseite","item":"https:\/\/kern.onestep-wp.de\/"},{"@type":"ListItem","position":2,"name":"Studie Unternehmens\u00adnachfolge Deutsch\u00adland&nbsp;2020"}]},{"@type":"WebSite","@id":"https:\/\/kern.onestep-wp.de\/#website","url":"https:\/\/kern.onestep-wp.de\/","name":"<span class=\"caps\">KERN<\/span> 2024","description":"C\u00e9gela\u00add\u00e1s, gener\u00e1\u00adci\u00f3\u00adv\u00e1l\u00adt\u00e1s, c\u00e9gfelv\u00e1s\u00e1rl\u00e1s","publisher":{"@id":"https:\/\/kern.onestep-wp.de\/#organization"},"potentialAction":[{"@type":"SearchAction","target":{"@type":"EntryPoint","urlTemplate":"https:\/\/kern.onestep-wp.de\/?s={search_term_string}"},"query-input":{"@type":"PropertyValueSpecification","valueRequired":true,"valueName":"search_term_string"}}],"inLanguage":"hu"},{"@type":"Organization","@id":"https:\/\/kern.onestep-wp.de\/#organization","name":"<span class=\"caps\">KERN<\/span> \u00dczleti ut\u00f3dl\u00e1s","url":"https:\/\/kern.onestep-wp.de\/","logo":{"@type":"ImageObject","inLanguage":"hu","@id":"https:\/\/kern.onestep-wp.de\/#\/schema\/logo\/image\/","url":"https:\/\/kern.onestep-wp.de\/wp-content\/uploads\/2023\/05\/kern_logo2023_rgb_farbig_transparent.png","contentUrl":"https:\/\/kern.onestep-wp.de\/wp-content\/uploads\/2023\/05\/kern_logo2023_rgb_farbig_transparent.png","width":1317,"height":502,"caption":"KERN Unternehmensnachfolge"},"image":{"@id":"https:\/\/kern.onestep-wp.de\/#\/schema\/logo\/image\/"},"sameAs":["https:\/\/www.facebook.com\/dienachfolgespezialisten\/","https:\/\/www.linkedin.com\/in\/nils-koerber-52449661","https:\/\/www.youtube.com\/user\/KernUndPartner"]}]}},"_links":{"self":[{"href":"https:\/\/kern.onestep-wp.de\/hu\/wp-json\/wp\/v2\/pages\/9111","targetHints":{"allow":["GET"]}}],"collection":[{"href":"https:\/\/kern.onestep-wp.de\/hu\/wp-json\/wp\/v2\/pages"}],"about":[{"href":"https:\/\/kern.onestep-wp.de\/hu\/wp-json\/wp\/v2\/types\/page"}],"author":[{"embeddable":true,"href":"https:\/\/kern.onestep-wp.de\/hu\/wp-json\/wp\/v2\/users\/2"}],"replies":[{"embeddable":true,"href":"https:\/\/kern.onestep-wp.de\/hu\/wp-json\/wp\/v2\/comments?post=9111"}],"version-history":[{"count":0,"href":"https:\/\/kern.onestep-wp.de\/hu\/wp-json\/wp\/v2\/pages\/9111\/revisions"}],"wp:attachment":[{"href":"https:\/\/kern.onestep-wp.de\/hu\/wp-json\/wp\/v2\/media?parent=9111"}],"curies":[{"name":"wp","href":"https:\/\/api.w.org\/{rel}","templated":true}]}}