{"id":11609,"date":"2021-01-25T17:06:55","date_gmt":"2021-01-25T16:06:55","guid":{"rendered":"https:\/\/great-kare.185-125-174-66.plesk.page\/?page_id=11609"},"modified":"2024-11-18T15:12:07","modified_gmt":"2024-11-18T14:12:07","slug":"newsletter","status":"publish","type":"page","link":"https:\/\/kern.onestep-wp.de\/pl\/newsletter\/","title":{"rendered":"Biuletyn"},"content":{"rendered":"<h2 style=\"text-align: left;\">Abonnie\u00adren Sie kosten\u00adlos unseren Newslet\u00adter und erhal\u00adten&nbsp;Sie&nbsp;\u2026<\/h2>\n<ul>\n<li><span style>Wiado\u00admo\u015bci ze \u015bwiata <span class=\"caps\">KERN<\/span><\/span><\/li>\n<li><span style>Specja\u00adlis\u00adty\u00adcz\u00adne infor\u00admac\u00adje i cieka\u00adwost\u00adki na temat M<span class=\"amp\">&amp;<\/span>A<\/span><\/li>\n<li><span style>Alle aktuel\u00adlen Kauf- und Verkaufs\u00adob\u00adjek\u00adte in einer Kurz\u00fcbersicht<\/span><\/li>\n<\/ul>\n<p style>4 x im Jahr kurz und knackig die aller\u00adneu\u00ades\u00adten Projek\u00adte f\u00fcr K\u00e4ufer und Verk\u00e4u\u00adfer von Unter\u00adneh\u00admen inkl. den Kurzbe\u00adschrei\u00adbun\u00adgen mit ersten Details und direk\u00adten Kontakt\u00adda\u00adten zu den verant\u00adwort\u00adli\u00adchen KERN-Stand\u00ador\u00adten. Sie k\u00f6nnen unser Newslet\u00adter-Angebot jeder\u00adzeit abbestellen.<\/p>\n<h3 id=\"t-1654808931776\" style=\"text-align: center;\">Znany z licznych publikacji<\/h3>\n<p><span style=\"width: 100%;\"><img loading=\"lazy\" decoding=\"async\" alt width=\"204\" height=\"43\" title=\"Frankfurter Allgemeine Logo\" data-id=\"122\" src=\"https:\/\/kern.onestep-wp.de\/wp-content\/uploads\/2018\/05\/2000px-Frankfurter_Allgemeine_logo.svg_-e1571995580170.png\" style=\"aspect-ratio: auto 408 \/ 86;\" data-width=\"204\" data-height=\"43\" data-init-width=\"408\" data-init-height=\"86\"><\/span><span style=\"width: 100%;\"><img loading=\"lazy\" decoding=\"async\" alt width=\"130\" height=\"49\" title=\"S\u00fcddeutsche Zeitung Logo\" data-id=\"138\" src=\"https:\/\/kern.onestep-wp.de\/wp-content\/uploads\/2018\/05\/S\u00fcddeutscheZeitung_Logo-e1571995638661.jpg\" style=\"aspect-ratio: auto 400 \/ 150;\" data-width=\"130\" data-height=\"49\" data-init-width=\"400\" data-init-height=\"150\"><\/span><span style=\"width: 100%;\"><img loading=\"lazy\" decoding=\"async\" alt width=\"192\" height=\"34\" title=\"Thueringer Allgemeine Zeitung\" data-id=\"139\" src=\"https:\/\/kern.onestep-wp.de\/wp-content\/uploads\/2018\/05\/thueringer-allgemeine-zeitung-e1571995680177.png\" style=\"aspect-ratio: auto 401 \/ 71;\" data-width=\"192\" data-height=\"34\" data-init-width=\"401\" data-init-height=\"71\"><\/span><span style=\"width: 100%;\"><img loading=\"lazy\" decoding=\"async\" alt width=\"399\" height=\"63\" title=\"2000px-Handelsblatt_logo.svg\" data-id=\"123\" src=\"https:\/\/kern.onestep-wp.de\/wp-content\/uploads\/2018\/05\/2000px-Handelsblatt_logo.svg_-e1571995738507.png\" style><\/span><span style=\"width: 100%;\"><img loading=\"lazy\" decoding=\"async\" alt width=\"304\" height=\"51\" title=\"saarbr\u00fccker-zeitung\" data-id=\"137\" src=\"https:\/\/kern.onestep-wp.de\/wp-content\/uploads\/2018\/05\/saarbr\u00fccker-zeitung-e1571995781636.gif\" style><\/span><span style=\"width: 100%;\"><img loading=\"lazy\" decoding=\"async\" alt width=\"401\" height=\"135\" title=\"Wiadomo\u015bci M\u015aP\" data-id=\"135\" src=\"https:\/\/kern.onestep-wp.de\/wp-content\/uploads\/2018\/05\/mittelstand-nachrichten-e1571995834584.jpg\" style><\/span><span style=\"width: 100%;\"><img loading=\"lazy\" decoding=\"async\" alt width=\"359\" height=\"74\" title=\"Logo_Radio_Bremen.svg\" data-id=\"133\" src=\"https:\/\/kern.onestep-wp.de\/wp-content\/uploads\/2018\/05\/Logo_Radio_Bremen.svg_-e1571995871219.png\" style><\/span><span style=\"width: 100%;\"><img loading=\"lazy\" decoding=\"async\" alt width=\"350\" height=\"102\" title=\"impulse_Logo_RGB_claim-1024x298\" data-id=\"132\" src=\"https:\/\/kern.onestep-wp.de\/wp-content\/uploads\/2018\/05\/impulse_Logo_RGB_claim-1024x298-e1571995909623.png\" style><\/span><span style=\"width: 100%;\"><img loading=\"lazy\" decoding=\"async\" alt width=\"350\" height=\"146\" title=\"image001\" data-id=\"7011\" src=\"https:\/\/kern.onestep-wp.de\/wp-content\/uploads\/2019\/05\/image001-e1571995962989.jpg\" style><\/span><span style=\"width: 100%;\"><img loading=\"lazy\" decoding=\"async\" alt width=\"301\" height=\"85\" title=\"500px-Handwerk_magazin_logo.svg\" data-id=\"121\" src=\"https:\/\/kern.onestep-wp.de\/wp-content\/uploads\/2018\/05\/500px-Handwerk_magazin_Logo.svg_-e1571995996894.png\" style><\/span><span style=\"width: 100%;\"><img loading=\"lazy\" decoding=\"async\" alt width=\"350\" height=\"58\" title=\"osnabruecker-zeitung\" data-id=\"212\" src=\"https:\/\/kern.onestep-wp.de\/wp-content\/uploads\/2018\/05\/osnabruecker-zeitung-e1571996032350.png\" style><\/span><span style=\"width: 100%;\"><img loading=\"lazy\" decoding=\"async\" alt width=\"339\" height=\"107\" title=\"Planowanie finansowe\" data-id=\"126\" src=\"https:\/\/kern.onestep-wp.de\/wp-content\/uploads\/2018\/05\/financial-planning-e1571996061979.jpg\" style><\/span><span style=\"width: 100%;\"><img loading=\"lazy\" decoding=\"async\" alt width=\"351\" height=\"149\" title=\"Weser-Kurier_Logo.svg\" data-id=\"140\" src=\"https:\/\/kern.onestep-wp.de\/wp-content\/uploads\/2018\/05\/Weser-Kurier_Logo.svg_-e1571996092189.png\" style><\/span><span style=\"width: 100%;\"><img loading=\"lazy\" decoding=\"async\" alt width=\"368\" height=\"72\" title=\"unternehmer-radio-logo\" data-id=\"215\" src=\"https:\/\/kern.onestep-wp.de\/wp-content\/uploads\/2018\/05\/unternehmer-radio-logo-e1571996131848.png\" style><\/span><span style=\"width: 100%;\"><img loading=\"lazy\" decoding=\"async\" alt width=\"200\" height=\"187\" title=\"kronen_zeitung\" data-id=\"3040\" src=\"https:\/\/kern.onestep-wp.de\/wp-content\/uploads\/2018\/08\/kronen_zeitung-e1571996167784.png\" style><\/span> <\/p>","protected":false},"excerpt":{"rendered":"<p>Abonnieren Sie kostenlos unseren Newsletter und erhalten Sie &#8230; Neuigkeiten aus der KERN-Welt Fachinformationen und Wissenswertes rund um M&amp;A Alle [&hellip;]<\/p>\n","protected":false},"author":1,"featured_media":0,"parent":0,"menu_order":0,"comment_status":"closed","ping_status":"closed","template":"","meta":{"wp_typography_post_enhancements_disabled":false,"site-sidebar-layout":"no-sidebar","site-content-layout":"plain-container","ast-site-content-layout":"default","site-content-style":"default","site-sidebar-style":"default","ast-global-header-display":"","ast-banner-title-visibility":"","ast-main-header-display":"","ast-hfb-above-header-display":"","ast-hfb-below-header-display":"","ast-hfb-mobile-header-display":"","site-post-title":"disabled","ast-breadcrumbs-content":"","ast-featured-img":"disabled","footer-sml-layout":"","ast-disable-related-posts":"","theme-transparent-header-meta":"default","adv-header-id-meta":"","stick-header-meta":"default","header-above-stick-meta":"","header-main-stick-meta":"","header-below-stick-meta":"","astra-migrate-meta-layouts":"default","ast-page-background-enabled":"default","ast-page-background-meta":{"desktop":{"background-color":"","background-image":"","background-repeat":"repeat","background-position":"center center","background-size":"auto","background-attachment":"scroll","background-type":"","background-media":"","overlay-type":"","overlay-color":"","overlay-opacity":"","overlay-gradient":""},"tablet":{"background-color":"","background-image":"","background-repeat":"repeat","background-position":"center center","background-size":"auto","background-attachment":"scroll","background-type":"","background-media":"","overlay-type":"","overlay-color":"","overlay-opacity":"","overlay-gradient":""},"mobile":{"background-color":"","background-image":"","background-repeat":"repeat","background-position":"center center","background-size":"auto","background-attachment":"scroll","background-type":"","background-media":"","overlay-type":"","overlay-color":"","overlay-opacity":"","overlay-gradient":""}},"ast-content-background-meta":{"desktop":{"background-color":"var(--ast-global-color-5)","background-image":"","background-repeat":"repeat","background-position":"center center","background-size":"auto","background-attachment":"scroll","background-type":"","background-media":"","overlay-type":"","overlay-color":"","overlay-opacity":"","overlay-gradient":""},"tablet":{"background-color":"var(--ast-global-color-5)","background-image":"","background-repeat":"repeat","background-position":"center center","background-size":"auto","background-attachment":"scroll","background-type":"","background-media":"","overlay-type":"","overlay-color":"","overlay-opacity":"","overlay-gradient":""},"mobile":{"background-color":"var(--ast-global-color-5)","background-image":"","background-repeat":"repeat","background-position":"center center","background-size":"auto","background-attachment":"scroll","background-type":"","background-media":"","overlay-type":"","overlay-color":"","overlay-opacity":"","overlay-gradient":""}},"footnotes":""},"class_list":["post-11609","page","type-page","status-publish","hentry"],"yoast_head":"<!-- This site is optimized with the Yoast SEO Premium plugin v24.1 (Yoast SEO v26.8) - https:\/\/yoast.com\/product\/yoast-seo-premium-wordpress\/ -->\n<title>Immer auf dem Laufenden \u25ba \u25baNewsletter l KERN<\/title>\n<meta name=\"description\" content=\"DIREKT \u25ba Erhalten Sie immer die neuesten Projekte und Informationen zur Unternehmensnachfolge in DE \u2713 A \u2713 CH \u2713\" \/>\n<meta name=\"robots\" content=\"noindex, follow, max-snippet:-1, max-image-preview:large, max-video-preview:-1\" \/>\n<meta property=\"og:locale\" content=\"pl_PL\" \/>\n<meta property=\"og:type\" content=\"article\" \/>\n<meta property=\"og:title\" content=\"Newsletter\" \/>\n<meta property=\"og:description\" content=\"DIREKT \u25ba Erhalten Sie immer die neuesten Projekte und Informationen zur Unternehmensnachfolge in DE \u2713 A \u2713 CH \u2713\" \/>\n<meta property=\"og:url\" content=\"https:\/\/kern.onestep-wp.de\/pl\/newsletter\/\" \/>\n<meta property=\"og:site_name\" content=\"KERN 2024\" \/>\n<meta property=\"article:publisher\" content=\"https:\/\/www.facebook.com\/dienachfolgespezialisten\/\" \/>\n<meta property=\"article:modified_time\" content=\"2024-11-18T14:12:07+00:00\" \/>\n<meta property=\"og:image\" content=\"https:\/\/kern.onestep-wp.de\/wp-content\/uploads\/2018\/05\/2000px-Frankfurter_Allgemeine_logo.svg_-e1571995580170.png\" \/>\n<meta name=\"twitter:card\" content=\"summary_large_image\" \/>\n<meta name=\"twitter:label1\" content=\"Szacowany czas czytania\" \/>\n\t<meta name=\"twitter:data1\" content=\"1 minuta\" \/>\n<script type=\"application\/ld+json\" class=\"yoast-schema-graph\">{\"@context\":\"https:\/\/schema.org\",\"@graph\":[{\"@type\":\"WebPage\",\"@id\":\"https:\/\/kern.onestep-wp.de\/pt\/newsletter\/\",\"url\":\"https:\/\/kern.onestep-wp.de\/newsletter\/\",\"name\":\"Immer auf dem Laufenden \u25ba \u25baNewsletter l KERN\",\"isPartOf\":{\"@id\":\"https:\/\/kern.onestep-wp.de\/#website\"},\"primaryImageOfPage\":{\"@id\":\"https:\/\/kern.onestep-wp.de\/newsletter\/#primaryimage\"},\"image\":{\"@id\":\"https:\/\/kern.onestep-wp.de\/newsletter\/#primaryimage\"},\"thumbnailUrl\":\"https:\/\/kern.onestep-wp.de\/wp-content\/uploads\/2018\/05\/2000px-Frankfurter_Allgemeine_logo.svg_-e1571995580170.png\",\"datePublished\":\"2021-01-25T16:06:55+00:00\",\"dateModified\":\"2024-11-18T14:12:07+00:00\",\"description\":\"DIREKT \u25ba Erhalten Sie immer die neuesten Projekte und Informationen zur Unternehmensnachfolge in DE \u2713 A \u2713 CH \u2713\",\"breadcrumb\":{\"@id\":\"https:\/\/kern.onestep-wp.de\/newsletter\/#breadcrumb\"},\"inLanguage\":\"pl-PL\",\"potentialAction\":[{\"@type\":\"ReadAction\",\"target\":[\"https:\/\/kern.onestep-wp.de\/newsletter\/\"]}]},{\"@type\":\"ImageObject\",\"inLanguage\":\"pl-PL\",\"@id\":\"https:\/\/kern.onestep-wp.de\/newsletter\/#primaryimage\",\"url\":\"https:\/\/kern.onestep-wp.de\/wp-content\/uploads\/2018\/05\/2000px-Frankfurter_Allgemeine_logo.svg_-e1571995580170.png\",\"contentUrl\":\"https:\/\/kern.onestep-wp.de\/wp-content\/uploads\/2018\/05\/2000px-Frankfurter_Allgemeine_logo.svg_-e1571995580170.png\"},{\"@type\":\"BreadcrumbList\",\"@id\":\"https:\/\/kern.onestep-wp.de\/newsletter\/#breadcrumb\",\"itemListElement\":[{\"@type\":\"ListItem\",\"position\":1,\"name\":\"Startseite\",\"item\":\"https:\/\/kern.onestep-wp.de\/\"},{\"@type\":\"ListItem\",\"position\":2,\"name\":\"Newsletter\"}]},{\"@type\":\"WebSite\",\"@id\":\"https:\/\/kern.onestep-wp.de\/#website\",\"url\":\"https:\/\/kern.onestep-wp.de\/\",\"name\":\"KERN 2024\",\"description\":\"Unternehmensverkauf, Generationswechsel, Unternehmenskauf\",\"publisher\":{\"@id\":\"https:\/\/kern.onestep-wp.de\/#organization\"},\"potentialAction\":[{\"@type\":\"SearchAction\",\"target\":{\"@type\":\"EntryPoint\",\"urlTemplate\":\"https:\/\/kern.onestep-wp.de\/?s={search_term_string}\"},\"query-input\":{\"@type\":\"PropertyValueSpecification\",\"valueRequired\":true,\"valueName\":\"search_term_string\"}}],\"inLanguage\":\"pl-PL\"},{\"@type\":\"Organization\",\"@id\":\"https:\/\/kern.onestep-wp.de\/#organization\",\"name\":\"KERN Unternehmensnachfolge\",\"url\":\"https:\/\/kern.onestep-wp.de\/\",\"logo\":{\"@type\":\"ImageObject\",\"inLanguage\":\"pl-PL\",\"@id\":\"https:\/\/kern.onestep-wp.de\/#\/schema\/logo\/image\/\",\"url\":\"https:\/\/kern.onestep-wp.de\/wp-content\/uploads\/2023\/05\/kern_logo2023_rgb_farbig_transparent.png\",\"contentUrl\":\"https:\/\/kern.onestep-wp.de\/wp-content\/uploads\/2023\/05\/kern_logo2023_rgb_farbig_transparent.png\",\"width\":1317,\"height\":502,\"caption\":\"KERN Unternehmensnachfolge\"},\"image\":{\"@id\":\"https:\/\/kern.onestep-wp.de\/#\/schema\/logo\/image\/\"},\"sameAs\":[\"https:\/\/www.facebook.com\/dienachfolgespezialisten\/\",\"https:\/\/www.linkedin.com\/in\/nils-koerber-52449661\",\"https:\/\/www.youtube.com\/user\/KernUndPartner\"]}]}<\/script>\n<!-- \/ Yoast SEO Premium plugin. -->","yoast_head_json":{"title":"Immer auf dem Laufen\u00adden \u25ba \u25baNewslet\u00adter l&nbsp;<span class=\"caps\">KERN<\/span>","description":"<span class=\"caps\">DIREKT<\/span> \u25ba Erhal\u00adten Sie immer die neues\u00adten Projek\u00adte und Infor\u00adma\u00adtio\u00adnen zur Unternehmens\u00adnachfolge in <span class=\"caps\">DE<\/span> \u2713 A \u2713&nbsp;<span class=\"caps\">CH<\/span>&nbsp;\u2713","robots":{"index":"noindex","follow":"follow","max-snippet":"max-snippet:-1","max-image-preview":"max-image-preview:large","max-video-preview":"max-video-preview:-1"},"og_locale":"pl_PL","og_type":"article","og_title":"Newsletter","og_description":"DIREKT \u25ba Erhalten Sie immer die neuesten Projekte und Informationen zur Unternehmensnachfolge in DE \u2713 A \u2713 CH \u2713","og_url":"https:\/\/kern.onestep-wp.de\/pl\/newsletter\/","og_site_name":"KERN 2024","article_publisher":"https:\/\/www.facebook.com\/dienachfolgespezialisten\/","article_modified_time":"2024-11-18T14:12:07+00:00","og_image":[{"url":"https:\/\/kern.onestep-wp.de\/wp-content\/uploads\/2018\/05\/2000px-Frankfurter_Allgemeine_logo.svg_-e1571995580170.png","type":"","width":"","height":""}],"twitter_card":"summary_large_image","twitter_misc":{"Szacowany czas czytania":"1 minuta"},"schema":{"@context":"https:\/\/schema.org","@graph":[{"@type":"WebPage","@id":"https:\/\/kern.onestep-wp.de\/pt\/newsletter\/","url":"https:\/\/kern.onestep-wp.de\/newsletter\/","name":"Immer auf dem Laufen\u00adden \u25ba \u25baNewslet\u00adter l&nbsp;<span class=\"caps\">KERN<\/span>","isPartOf":{"@id":"https:\/\/kern.onestep-wp.de\/#website"},"primaryImageOfPage":{"@id":"https:\/\/kern.onestep-wp.de\/newsletter\/#primaryimage"},"image":{"@id":"https:\/\/kern.onestep-wp.de\/newsletter\/#primaryimage"},"thumbnailUrl":"https:\/\/kern.onestep-wp.de\/wp-content\/uploads\/2018\/05\/2000px-Frankfurter_Allgemeine_logo.svg_-e1571995580170.png","datePublished":"2021-01-25T16:06:55+00:00","dateModified":"2024-11-18T14:12:07+00:00","description":"<span class=\"caps\">DIREKT<\/span> \u25ba Erhal\u00adten Sie immer die neues\u00adten Projek\u00adte und Infor\u00adma\u00adtio\u00adnen zur Unternehmens\u00adnachfolge in <span class=\"caps\">DE<\/span> \u2713 A \u2713&nbsp;<span class=\"caps\">CH<\/span>&nbsp;\u2713","breadcrumb":{"@id":"https:\/\/kern.onestep-wp.de\/newsletter\/#breadcrumb"},"inLanguage":"pl-PL","potentialAction":[{"@type":"ReadAction","target":["https:\/\/kern.onestep-wp.de\/newsletter\/"]}]},{"@type":"ImageObject","inLanguage":"pl-PL","@id":"https:\/\/kern.onestep-wp.de\/newsletter\/#primaryimage","url":"https:\/\/kern.onestep-wp.de\/wp-content\/uploads\/2018\/05\/2000px-Frankfurter_Allgemeine_logo.svg_-e1571995580170.png","contentUrl":"https:\/\/kern.onestep-wp.de\/wp-content\/uploads\/2018\/05\/2000px-Frankfurter_Allgemeine_logo.svg_-e1571995580170.png"},{"@type":"BreadcrumbList","@id":"https:\/\/kern.onestep-wp.de\/newsletter\/#breadcrumb","itemListElement":[{"@type":"ListItem","position":1,"name":"Startseite","item":"https:\/\/kern.onestep-wp.de\/"},{"@type":"ListItem","position":2,"name":"Newsletter"}]},{"@type":"WebSite","@id":"https:\/\/kern.onestep-wp.de\/#website","url":"https:\/\/kern.onestep-wp.de\/","name":"<span class=\"caps\">KERN<\/span> 2024","description":"Sprze\u00adda\u017c firmy, zmiana pokolenio\u00adwa, przej\u0119cie firmy","publisher":{"@id":"https:\/\/kern.onestep-wp.de\/#organization"},"potentialAction":[{"@type":"SearchAction","target":{"@type":"EntryPoint","urlTemplate":"https:\/\/kern.onestep-wp.de\/?s={search_term_string}"},"query-input":{"@type":"PropertyValueSpecification","valueRequired":true,"valueName":"search_term_string"}}],"inLanguage":"pl-PL"},{"@type":"Organization","@id":"https:\/\/kern.onestep-wp.de\/#organization","name":"<span class=\"caps\">KERN<\/span> Sukces\u00adja przedsi\u0119biorstwa","url":"https:\/\/kern.onestep-wp.de\/","logo":{"@type":"ImageObject","inLanguage":"pl-PL","@id":"https:\/\/kern.onestep-wp.de\/#\/schema\/logo\/image\/","url":"https:\/\/kern.onestep-wp.de\/wp-content\/uploads\/2023\/05\/kern_logo2023_rgb_farbig_transparent.png","contentUrl":"https:\/\/kern.onestep-wp.de\/wp-content\/uploads\/2023\/05\/kern_logo2023_rgb_farbig_transparent.png","width":1317,"height":502,"caption":"KERN Unternehmensnachfolge"},"image":{"@id":"https:\/\/kern.onestep-wp.de\/#\/schema\/logo\/image\/"},"sameAs":["https:\/\/www.facebook.com\/dienachfolgespezialisten\/","https:\/\/www.linkedin.com\/in\/nils-koerber-52449661","https:\/\/www.youtube.com\/user\/KernUndPartner"]}]}},"_links":{"self":[{"href":"https:\/\/kern.onestep-wp.de\/pl\/wp-json\/wp\/v2\/pages\/11609","targetHints":{"allow":["GET"]}}],"collection":[{"href":"https:\/\/kern.onestep-wp.de\/pl\/wp-json\/wp\/v2\/pages"}],"about":[{"href":"https:\/\/kern.onestep-wp.de\/pl\/wp-json\/wp\/v2\/types\/page"}],"author":[{"embeddable":true,"href":"https:\/\/kern.onestep-wp.de\/pl\/wp-json\/wp\/v2\/users\/1"}],"replies":[{"embeddable":true,"href":"https:\/\/kern.onestep-wp.de\/pl\/wp-json\/wp\/v2\/comments?post=11609"}],"version-history":[{"count":0,"href":"https:\/\/kern.onestep-wp.de\/pl\/wp-json\/wp\/v2\/pages\/11609\/revisions"}],"wp:attachment":[{"href":"https:\/\/kern.onestep-wp.de\/pl\/wp-json\/wp\/v2\/media?parent=11609"}],"curies":[{"name":"wp","href":"https:\/\/api.w.org\/{rel}","templated":true}]}}