{"id":17828,"date":"2021-05-19T14:22:44","date_gmt":"2021-05-19T12:22:44","guid":{"rendered":"https:\/\/great-kare.185-125-174-66.plesk.page\/?page_id=17828"},"modified":"2024-08-12T14:05:04","modified_gmt":"2024-08-12T12:05:04","slug":"erfolgsgarantie","status":"publish","type":"page","link":"https:\/\/kern.onestep-wp.de\/pl\/erfolgsgarantie\/","title":{"rendered":"Gwaran\u00adc\u00adja zwrotu pieni\u0119d\u00adzy&nbsp;<span class=\"caps\">KERN<\/span>"},"content":{"rendered":"<h1><a href=\"https:\/\/kern.onestep-wp.de\/pl\/erfolgsgarantie\/\" target=\"_blank\" style=\"outline: none;\" rel=\"noopener\">Die erste und einzi\u00adge M<span class=\"amp\">&amp;<\/span>A-ERFOLGSGARANTIE f\u00fcr Ihren Unter\u00adnehmens\u00adverkauf ohne Risiko<\/a><\/h1>\n<h5 style=\"text-align: left;\"><span style=\"font-weight: normal;\">Der Verkauf Ihres Unter\u00adneh\u00admens ist f\u00fcr Sie von gr\u00f6\u00dfter Bedeu\u00adtung. Bei welchem Berater sind Sie am besten aufge\u00adho\u00adben? Mit der einzig\u00adar\u00adti\u00adgen <span class=\"caps\">KERN<\/span> M<span class=\"amp\">&amp;<\/span>A-ERFOLGSGARANTIE erhal\u00adten Sie Ihr Geld zur\u00fcck,&nbsp;<\/span><span style=\"font-weight: normal;\">je\u015bli nie uda nam si\u0119 sprze\u00adda\u0107 Twojej firmy.&nbsp;<\/span><span style=\"font-weight: normal;\">Zabez\u00adpiecz\u00adcie Pa\u0144st\u00adwo sprze\u00adda\u017c dzie\u0142a swojego \u017cycia na 100%. Z&nbsp;<span class=\"caps\">KERN<\/span>.<\/span><\/h5>\n<h4 style=\"text-align: left;\"><a href=\"https:\/\/www.provenexpert.com\/kern-zukunft-fuer-lebenswerke\/\" style=\"outline: none;\" target=\"_blank\" rel=\"noopener\">\u2605\u2605\u2605\u2605\u2605 &nbsp;5.0 Sterne aus Kunden\u00adbe\u00adwer\u00adtun\u00adgen auf Proven\u00adex\u00adpert<\/a>&nbsp;<\/h4>\n<h2 style=\"text-align: left;\">Unsere M<span class=\"amp\">&amp;<\/span>A-Garantie f\u00fcr Ihren Unter\u00adnehmens\u00adverkauf: Wir verkau\u00adfen Ihre Firma inner\u00adhalb von 24 Monaten oder Sie erhal\u00adten Ihr Geld zur\u00fcck<\/h2>\n<p><span class=\"caps\">KERN<\/span>, als ausge\u00adzeich\u00adne\u00adte Beratungs\u00admar\u00adke f\u00fcr Famili\u00aden\u00adun\u00adter\u00adneh\u00admen, garantiert \u00fcber den recht\u00adlich selbst\u00e4n\u00addi\u00adgen Partner exklu\u00adsiv, inner\u00adhalb von maximal 24 Monaten, den Verkauf Ihrer Unternehmung.<\/p>\n<p>Przenie\u00adsi\u00ade\u00adnie dorob\u00adku \u017cycia firmy w przysz\u0142o\u015b\u0107 i jej pomy\u015bl\u00adna sprze\u00adda\u017c to wyj\u0105t\u00adko\u00adwy proces. Ryzyko i wyzwa\u00adnia w sferze podat\u00adko\u00adwej, gospodar\u00adc\u00adzej, prawnej i emocjo\u00adnal\u00adnej s\u0105 ogromne.<\/p>\n<p>Vertrau\u00aden Sie der langj\u00e4h\u00adri\u00adgen Beratungs\u00admar\u00adke f\u00fcr Unternehmens\u00adnachfolge in Deutsch\u00adland, \u00d6ster\u00adreich und der Schweiz. Ausge\u00adzeich\u00adnet mit dem German Brand Award 2021 und vielen weite\u00adren Anerken\u00adnun\u00adgen als beste Berater.<\/p>\n<p><strong>Wir garan\u00adtie\u00adren Ihnen \u00fcber den recht\u00adlich selbst\u00e4n\u00addi\u00adgen KERN-Stand\u00adort exklu\u00adsiv, inner\u00adhalb von maximal 24 Monaten (ab Vertriebs\u00adstart), den erfolg\u00adrei\u00adchen Verkauf Ihrer Unter\u00adneh\u00admung. Falls wir dies nicht schaf\u00adfen und Sie nach diesem Zeitraum die Zusam\u00admen\u00adar\u00adbeit beenden m\u00f6chten, erhal\u00adten Sie s\u00e4mtli\u00adche Vorlauf\u00adkos\u00adten der geplan\u00adten Trans\u00adak\u00adti\u00adon garantiert von uns zur\u00fcck. Nehmen Sie bei Inter\u00ades\u00adse gerne direkt <a href=\"mailto:kontakt@kern.onestep-wp.de%C2%A0\" target=\"_blank\" style=\"outline: none;\" rel=\"noopener\"><strong>Za po\u015bred\u00adnict\u00adwem poczty elektro\u00adnicz\u00adnej<\/strong><\/a> Skontak\u00adtuj si\u0119 z&nbsp;nami.<\/strong><\/p>\n<p>Lub zadzwo\u0144 do nas&nbsp;<strong>t\u00e4glich von 8 bis 8 unter +49 421 94 80 2000&nbsp;<\/strong>.<\/p>\n<p style>Rozpo\u00adcz\u00adnij wideo z gwaran\u00adc\u00adj\u0105 sukcesu<\/p>\n<h3 style=\"text-align: left;\">Passen f\u00fcr Ihr Projekt diese Voraussetzungen?<\/h3>\n<ul>\n<li style><span style>Ein Wertgut\u00adach\u00adten in Anleh\u00adnung nach dem anerkann\u00adten Standard <span class=\"caps\">IDWS1<\/span> (Insti\u00adtut der Deutschen Wirtschafts\u00adpr\u00fc\u00adfer) wird von uns erstellt. Diese <a href=\"https:\/\/kern.onestep-wp.de\/pl\/unternehmensbewertung-so-viel-ist-ihre-firma-wert\/\" target=\"_blank\" style=\"outline: none;\" rel=\"noopener\">Wycena przedsi\u0119\u00adbi\u00adorst\u00adwa<\/a> selbst ist unabh\u00e4n\u00adgig von der Garan\u00adtie. Sie ist die Basis f\u00fcr die Garan\u00adtie und eine Auftrags\u00adan\u00adnah\u00adme durch&nbsp;<span class=\"caps\">KERN<\/span>.<\/span><\/li>\n<li style><span style>Gemein\u00adsa\u00adme Verst\u00e4n\u00addi\u00adgung von Verk\u00e4u\u00adfer und KERN-Berater auf einen Mindest\u00adpreis, der erzielt werden sollte. Ihr Unter\u00adneh\u00admen sollte in der Vergan\u00adgen\u00adheit und zuk\u00fcnf\u00adtig eine stabi\u00adle und gute Ertrags\u00adsi\u00adtua\u00adti\u00adon abbil\u00adden k\u00f6nnen.<\/span><\/li>\n<li><span>Ihr Unter\u00adneh\u00admen hat in den letzten 3 Wirtschafts\u00adjah\u00adren (nach Zahlung eines realis\u00adti\u00adschen Unter\u00adneh\u00admer-\/GF-Gehalts) einen durch\u00adschnitt\u00adli\u00adchen Gewinn von mindes\u00adtens 400.000.\u2013 <span class=\"caps\">EUR<\/span>\/<span class=\"caps\">CHF<\/span> vor Steuern und nach Abschrei\u00adbun\u00adgen erwirtschaftet.<\/span><\/li>\n<li style><span style>Korrek\u00adte und umfas\u00adsen\u00adde Ausk\u00fcnf\u00adte des Verk\u00e4u\u00adfers \u00fcber die wirtschaft\u00adli\u00adchen, recht\u00adli\u00adchen und steuer\u00adli\u00adchen Daten der Unter\u00adneh\u00admung vom Beginn bis zum Ende der Transaktion<\/span><\/li>\n<li style><span style>Unein\u00adge\u00adschr\u00e4nk\u00adte Beglei\u00adtung aller Gespr\u00e4\u00adche durch und mit dem beauf\u00adtrag\u00adten KERN-Experten<\/span><\/li>\n<li style><span style>Termin\u00adge\u00adrech\u00adte \u00dcberlas\u00adsung von notwen\u00addi\u00adgen Infor\u00adma\u00adtio\u00adnen im Trans\u00adak\u00adti\u00adons\u00adpro\u00adzess sowie ein p\u00fcnkt\u00adli\u00adcher Ausgleich von Rechnungen.<\/span><\/li>\n<li style><span style>Ertrags\u00adver\u00adschlech\u00adte\u00adrun\u00adgen im Umsatz und Gewinn von mehr als 5% im laufen\u00adden Verkaufs\u00adpro\u00adzess k\u00f6nnen in gemein\u00adsa\u00admer Abstim\u00admung eine Anpas\u00adsung des Verkaufs\u00adprei\u00adses erfor\u00adder\u00adlich machen.<\/span><\/li>\n<li style><span style>Bei Vertrags\u00adk\u00fcn\u00addi\u00adgung des Verk\u00e4u\u00adfers, vor Ablauf der Garan\u00adtie\u00adzeit, erlischt jegli\u00adcher Anspruch<\/span><\/li>\n<\/ul>\n<p><span style><img decoding=\"async\" alt data-id=\"31534\" width=\"533\" data-init-width=\"1747\" height=\"513\" data-init-height=\"1680\" title=\"KERN_Erfolgsgarantie_RGB_mehrfarbig_08.24 (2)\" loading=\"lazy\" src=\"https:\/\/kern.onestep-wp.de\/wp-content\/uploads\/2023\/03\/KERN_Erfolgsgarantie_RGB_mehrfarbig_08.24-2.png\" data-width=\"533\" data-height=\"513\" style=\"aspect-ratio: auto 1747 \/ 1680;\" ml-d=\"-0.17200000000002547\" mt-d=\"0\"><\/span><\/p>\n<h2 data-hide=\"true\" id=\"t-1654808931768\" style=\"text-align: center;\">Skontak\u00adtuj si\u0119 teraz i dowiedz si\u0119 wi\u0119cej<\/h2>\n<h5 style=\"text-align: center;\">Pr\u00fcfen Sie gemein\u00adsam im Gespr\u00e4ch mit uns, die erste und exklu\u00adsi\u00adve M<span class=\"amp\">&amp;<\/span>A-Erfolgsgarantie von <span class=\"caps\">KERN<\/span> f\u00fcr den Verkauf Ihres Lebens\u00adwerkes. Erhal\u00adten Sie 100% Sicher\u00adheit f\u00fcr diese wichti\u00adge Entschei\u00addung. Sichern Sie Ihren <a data-lt-tmp-id=\"lt-93516\" href=\"https:\/\/kern.onestep-wp.de\/pl\/firmenverkauf\/\" spellcheck=\"false\" style=\"outline: none;\" target=\"_blank\" rel=\"noopener\">Sprze\u00adda\u017c firmy<\/a> z jedyn\u0105 w swoim rodza\u00adju gwaran\u00adc\u00adj\u0105 sukce\u00adsu <span class=\"caps\">KERN<\/span> M<span class=\"amp\">&amp;<\/span>A! &nbsp;<\/h5>","protected":false},"excerpt":{"rendered":"<p>Die erste und einzige M&amp;A-ERFOLGSGARANTIE f\u00fcr Ihren Unternehmensverkauf ohne Risiko Der Verkauf Ihres Unternehmens ist f\u00fcr Sie von gr\u00f6\u00dfter Bedeutung. [&hellip;]<\/p>\n","protected":false},"author":1,"featured_media":0,"parent":0,"menu_order":0,"comment_status":"closed","ping_status":"closed","template":"","meta":{"wp_typography_post_enhancements_disabled":false,"site-sidebar-layout":"no-sidebar","site-content-layout":"default","ast-site-content-layout":"default","site-content-style":"default","site-sidebar-style":"default","ast-global-header-display":"","ast-banner-title-visibility":"","ast-main-header-display":"","ast-hfb-above-header-display":"","ast-hfb-below-header-display":"","ast-hfb-mobile-header-display":"","site-post-title":"disabled","ast-breadcrumbs-content":"","ast-featured-img":"","footer-sml-layout":"","ast-disable-related-posts":"","theme-transparent-header-meta":"default","adv-header-id-meta":"","stick-header-meta":"default","header-above-stick-meta":"","header-main-stick-meta":"","header-below-stick-meta":"","astra-migrate-meta-layouts":"default","ast-page-background-enabled":"default","ast-page-background-meta":{"desktop":{"background-color":"","background-image":"","background-repeat":"repeat","background-position":"center center","background-size":"auto","background-attachment":"scroll","background-type":"","background-media":"","overlay-type":"","overlay-color":"","overlay-opacity":"","overlay-gradient":""},"tablet":{"background-color":"","background-image":"","background-repeat":"repeat","background-position":"center center","background-size":"auto","background-attachment":"scroll","background-type":"","background-media":"","overlay-type":"","overlay-color":"","overlay-opacity":"","overlay-gradient":""},"mobile":{"background-color":"","background-image":"","background-repeat":"repeat","background-position":"center center","background-size":"auto","background-attachment":"scroll","background-type":"","background-media":"","overlay-type":"","overlay-color":"","overlay-opacity":"","overlay-gradient":""}},"ast-content-background-meta":{"desktop":{"background-color":"var(--ast-global-color-5)","background-image":"","background-repeat":"repeat","background-position":"center center","background-size":"auto","background-attachment":"scroll","background-type":"","background-media":"","overlay-type":"","overlay-color":"","overlay-opacity":"","overlay-gradient":""},"tablet":{"background-color":"var(--ast-global-color-5)","background-image":"","background-repeat":"repeat","background-position":"center center","background-size":"auto","background-attachment":"scroll","background-type":"","background-media":"","overlay-type":"","overlay-color":"","overlay-opacity":"","overlay-gradient":""},"mobile":{"background-color":"var(--ast-global-color-5)","background-image":"","background-repeat":"repeat","background-position":"center center","background-size":"auto","background-attachment":"scroll","background-type":"","background-media":"","overlay-type":"","overlay-color":"","overlay-opacity":"","overlay-gradient":""}},"footnotes":""},"class_list":["post-17828","page","type-page","status-publish","hentry"],"yoast_head":"<!-- This site is optimized with the Yoast SEO Premium plugin v24.1 (Yoast SEO v26.8) - https:\/\/yoast.com\/product\/yoast-seo-premium-wordpress\/ -->\n<title>Die KERN Geld-zur\u00fcck-Garantie - KERN<\/title>\n<meta name=\"robots\" content=\"noindex, follow, max-snippet:-1, max-image-preview:large, max-video-preview:-1\" \/>\n<meta property=\"og:locale\" content=\"pl_PL\" \/>\n<meta property=\"og:type\" content=\"article\" \/>\n<meta property=\"og:title\" content=\"Die KERN Geld-zur\u00fcck-Garantie\" \/>\n<meta property=\"og:description\" content=\"Die erste und einzige M&amp;A-ERFOLGSGARANTIE f\u00fcr Ihren Unternehmensverkauf ohne Risiko Der Verkauf Ihres Unternehmens ist f\u00fcr Sie von gr\u00f6\u00dfter Bedeutung. [&hellip;]\" \/>\n<meta property=\"og:url\" content=\"https:\/\/kern.onestep-wp.de\/pl\/erfolgsgarantie\/\" \/>\n<meta property=\"og:site_name\" content=\"KERN 2024\" \/>\n<meta property=\"article:publisher\" content=\"https:\/\/www.facebook.com\/dienachfolgespezialisten\/\" \/>\n<meta property=\"article:modified_time\" content=\"2024-08-12T12:05:04+00:00\" \/>\n<meta property=\"og:image\" content=\"https:\/\/kern.onestep-wp.de\/wp-content\/uploads\/2023\/03\/KERN_Erfolgsgarantie_RGB_mehrfarbig_08.24-2.png\" \/>\n<meta name=\"twitter:card\" content=\"summary_large_image\" \/>\n<meta name=\"twitter:label1\" content=\"Szacowany czas czytania\" \/>\n\t<meta name=\"twitter:data1\" content=\"2 minuty\" \/>\n<script type=\"application\/ld+json\" class=\"yoast-schema-graph\">{\"@context\":\"https:\/\/schema.org\",\"@graph\":[{\"@type\":\"WebPage\",\"@id\":\"https:\/\/kern.onestep-wp.de\/pt\/erfolgsgarantie\/\",\"url\":\"https:\/\/kern.onestep-wp.de\/pt\/erfolgsgarantie\/\",\"name\":\"Die KERN Geld-zur\u00fcck-Garantie - KERN\",\"isPartOf\":{\"@id\":\"https:\/\/kern.onestep-wp.de\/#website\"},\"primaryImageOfPage\":{\"@id\":\"https:\/\/kern.onestep-wp.de\/pt\/erfolgsgarantie\/#primaryimage\"},\"image\":{\"@id\":\"https:\/\/kern.onestep-wp.de\/pt\/erfolgsgarantie\/#primaryimage\"},\"thumbnailUrl\":\"https:\/\/kern.onestep-wp.de\/wp-content\/uploads\/2023\/03\/KERN_Erfolgsgarantie_RGB_mehrfarbig_08.24-2.png\",\"datePublished\":\"2021-05-19T12:22:44+00:00\",\"dateModified\":\"2024-08-12T12:05:04+00:00\",\"breadcrumb\":{\"@id\":\"https:\/\/kern.onestep-wp.de\/pt\/erfolgsgarantie\/#breadcrumb\"},\"inLanguage\":\"pl-PL\",\"potentialAction\":[{\"@type\":\"ReadAction\",\"target\":[\"https:\/\/kern.onestep-wp.de\/pt\/erfolgsgarantie\/\"]}]},{\"@type\":\"ImageObject\",\"inLanguage\":\"pl-PL\",\"@id\":\"https:\/\/kern.onestep-wp.de\/pt\/erfolgsgarantie\/#primaryimage\",\"url\":\"https:\/\/kern.onestep-wp.de\/wp-content\/uploads\/2023\/03\/KERN_Erfolgsgarantie_RGB_mehrfarbig_08.24-2.png\",\"contentUrl\":\"https:\/\/kern.onestep-wp.de\/wp-content\/uploads\/2023\/03\/KERN_Erfolgsgarantie_RGB_mehrfarbig_08.24-2.png\"},{\"@type\":\"BreadcrumbList\",\"@id\":\"https:\/\/kern.onestep-wp.de\/pt\/erfolgsgarantie\/#breadcrumb\",\"itemListElement\":[{\"@type\":\"ListItem\",\"position\":1,\"name\":\"Startseite\",\"item\":\"https:\/\/kern.onestep-wp.de\/\"},{\"@type\":\"ListItem\",\"position\":2,\"name\":\"Die KERN Geld-zur\u00fcck-Garantie\"}]},{\"@type\":\"WebSite\",\"@id\":\"https:\/\/kern.onestep-wp.de\/#website\",\"url\":\"https:\/\/kern.onestep-wp.de\/\",\"name\":\"KERN 2024\",\"description\":\"Unternehmensverkauf, Generationswechsel, Unternehmenskauf\",\"publisher\":{\"@id\":\"https:\/\/kern.onestep-wp.de\/#organization\"},\"potentialAction\":[{\"@type\":\"SearchAction\",\"target\":{\"@type\":\"EntryPoint\",\"urlTemplate\":\"https:\/\/kern.onestep-wp.de\/?s={search_term_string}\"},\"query-input\":{\"@type\":\"PropertyValueSpecification\",\"valueRequired\":true,\"valueName\":\"search_term_string\"}}],\"inLanguage\":\"pl-PL\"},{\"@type\":\"Organization\",\"@id\":\"https:\/\/kern.onestep-wp.de\/#organization\",\"name\":\"KERN Unternehmensnachfolge\",\"url\":\"https:\/\/kern.onestep-wp.de\/\",\"logo\":{\"@type\":\"ImageObject\",\"inLanguage\":\"pl-PL\",\"@id\":\"https:\/\/kern.onestep-wp.de\/#\/schema\/logo\/image\/\",\"url\":\"https:\/\/kern.onestep-wp.de\/wp-content\/uploads\/2023\/05\/kern_logo2023_rgb_farbig_transparent.png\",\"contentUrl\":\"https:\/\/kern.onestep-wp.de\/wp-content\/uploads\/2023\/05\/kern_logo2023_rgb_farbig_transparent.png\",\"width\":1317,\"height\":502,\"caption\":\"KERN Unternehmensnachfolge\"},\"image\":{\"@id\":\"https:\/\/kern.onestep-wp.de\/#\/schema\/logo\/image\/\"},\"sameAs\":[\"https:\/\/www.facebook.com\/dienachfolgespezialisten\/\",\"https:\/\/www.linkedin.com\/in\/nils-koerber-52449661\",\"https:\/\/www.youtube.com\/user\/KernUndPartner\"]}]}<\/script>\n<!-- \/ Yoast SEO Premium plugin. -->","yoast_head_json":{"title":"Gwaran\u00adc\u00adja zwrotu pieni\u0119d\u00adzy <span class=\"caps\">KERN<\/span> -&nbsp;<span class=\"caps\">KERN<\/span>","robots":{"index":"noindex","follow":"follow","max-snippet":"max-snippet:-1","max-image-preview":"max-image-preview:large","max-video-preview":"max-video-preview:-1"},"og_locale":"pl_PL","og_type":"article","og_title":"Die KERN Geld-zur\u00fcck-Garantie","og_description":"Die erste und einzige M&amp;A-ERFOLGSGARANTIE f\u00fcr Ihren Unternehmensverkauf ohne Risiko Der Verkauf Ihres Unternehmens ist f\u00fcr Sie von gr\u00f6\u00dfter Bedeutung. [&hellip;]","og_url":"https:\/\/kern.onestep-wp.de\/pl\/erfolgsgarantie\/","og_site_name":"KERN 2024","article_publisher":"https:\/\/www.facebook.com\/dienachfolgespezialisten\/","article_modified_time":"2024-08-12T12:05:04+00:00","og_image":[{"url":"https:\/\/kern.onestep-wp.de\/wp-content\/uploads\/2023\/03\/KERN_Erfolgsgarantie_RGB_mehrfarbig_08.24-2.png","type":"","width":"","height":""}],"twitter_card":"summary_large_image","twitter_misc":{"Szacowany czas czytania":"2 minuty"},"schema":{"@context":"https:\/\/schema.org","@graph":[{"@type":"WebPage","@id":"https:\/\/kern.onestep-wp.de\/pt\/erfolgsgarantie\/","url":"https:\/\/kern.onestep-wp.de\/pt\/erfolgsgarantie\/","name":"Gwaran\u00adc\u00adja zwrotu pieni\u0119d\u00adzy <span class=\"caps\">KERN<\/span> -&nbsp;<span class=\"caps\">KERN<\/span>","isPartOf":{"@id":"https:\/\/kern.onestep-wp.de\/#website"},"primaryImageOfPage":{"@id":"https:\/\/kern.onestep-wp.de\/pt\/erfolgsgarantie\/#primaryimage"},"image":{"@id":"https:\/\/kern.onestep-wp.de\/pt\/erfolgsgarantie\/#primaryimage"},"thumbnailUrl":"https:\/\/kern.onestep-wp.de\/wp-content\/uploads\/2023\/03\/KERN_Erfolgsgarantie_RGB_mehrfarbig_08.24-2.png","datePublished":"2021-05-19T12:22:44+00:00","dateModified":"2024-08-12T12:05:04+00:00","breadcrumb":{"@id":"https:\/\/kern.onestep-wp.de\/pt\/erfolgsgarantie\/#breadcrumb"},"inLanguage":"pl-PL","potentialAction":[{"@type":"ReadAction","target":["https:\/\/kern.onestep-wp.de\/pt\/erfolgsgarantie\/"]}]},{"@type":"ImageObject","inLanguage":"pl-PL","@id":"https:\/\/kern.onestep-wp.de\/pt\/erfolgsgarantie\/#primaryimage","url":"https:\/\/kern.onestep-wp.de\/wp-content\/uploads\/2023\/03\/KERN_Erfolgsgarantie_RGB_mehrfarbig_08.24-2.png","contentUrl":"https:\/\/kern.onestep-wp.de\/wp-content\/uploads\/2023\/03\/KERN_Erfolgsgarantie_RGB_mehrfarbig_08.24-2.png"},{"@type":"BreadcrumbList","@id":"https:\/\/kern.onestep-wp.de\/pt\/erfolgsgarantie\/#breadcrumb","itemListElement":[{"@type":"ListItem","position":1,"name":"Startseite","item":"https:\/\/kern.onestep-wp.de\/"},{"@type":"ListItem","position":2,"name":"Die KERN Geld-zur\u00fcck-Garantie"}]},{"@type":"WebSite","@id":"https:\/\/kern.onestep-wp.de\/#website","url":"https:\/\/kern.onestep-wp.de\/","name":"<span class=\"caps\">KERN<\/span> 2024","description":"Sprze\u00adda\u017c firmy, zmiana pokolenio\u00adwa, przej\u0119cie firmy","publisher":{"@id":"https:\/\/kern.onestep-wp.de\/#organization"},"potentialAction":[{"@type":"SearchAction","target":{"@type":"EntryPoint","urlTemplate":"https:\/\/kern.onestep-wp.de\/?s={search_term_string}"},"query-input":{"@type":"PropertyValueSpecification","valueRequired":true,"valueName":"search_term_string"}}],"inLanguage":"pl-PL"},{"@type":"Organization","@id":"https:\/\/kern.onestep-wp.de\/#organization","name":"<span class=\"caps\">KERN<\/span> Sukces\u00adja przedsi\u0119biorstwa","url":"https:\/\/kern.onestep-wp.de\/","logo":{"@type":"ImageObject","inLanguage":"pl-PL","@id":"https:\/\/kern.onestep-wp.de\/#\/schema\/logo\/image\/","url":"https:\/\/kern.onestep-wp.de\/wp-content\/uploads\/2023\/05\/kern_logo2023_rgb_farbig_transparent.png","contentUrl":"https:\/\/kern.onestep-wp.de\/wp-content\/uploads\/2023\/05\/kern_logo2023_rgb_farbig_transparent.png","width":1317,"height":502,"caption":"KERN Unternehmensnachfolge"},"image":{"@id":"https:\/\/kern.onestep-wp.de\/#\/schema\/logo\/image\/"},"sameAs":["https:\/\/www.facebook.com\/dienachfolgespezialisten\/","https:\/\/www.linkedin.com\/in\/nils-koerber-52449661","https:\/\/www.youtube.com\/user\/KernUndPartner"]}]}},"_links":{"self":[{"href":"https:\/\/kern.onestep-wp.de\/pl\/wp-json\/wp\/v2\/pages\/17828","targetHints":{"allow":["GET"]}}],"collection":[{"href":"https:\/\/kern.onestep-wp.de\/pl\/wp-json\/wp\/v2\/pages"}],"about":[{"href":"https:\/\/kern.onestep-wp.de\/pl\/wp-json\/wp\/v2\/types\/page"}],"author":[{"embeddable":true,"href":"https:\/\/kern.onestep-wp.de\/pl\/wp-json\/wp\/v2\/users\/1"}],"replies":[{"embeddable":true,"href":"https:\/\/kern.onestep-wp.de\/pl\/wp-json\/wp\/v2\/comments?post=17828"}],"version-history":[{"count":0,"href":"https:\/\/kern.onestep-wp.de\/pl\/wp-json\/wp\/v2\/pages\/17828\/revisions"}],"wp:attachment":[{"href":"https:\/\/kern.onestep-wp.de\/pl\/wp-json\/wp\/v2\/media?parent=17828"}],"curies":[{"name":"wp","href":"https:\/\/api.w.org\/{rel}","templated":true}]}}