{"id":578,"date":"2018-06-07T10:39:59","date_gmt":"2018-06-07T08:39:59","guid":{"rendered":"https:\/\/great-kare.185-125-174-66.plesk.page\/?page_id=578"},"modified":"2023-07-29T14:12:00","modified_gmt":"2023-07-29T12:12:00","slug":"ratgeber","status":"publish","type":"page","link":"https:\/\/kern.onestep-wp.de\/pl\/ratgeber\/","title":{"rendered":"Zam\u00f3w <span class=\"caps\">BEZP\u0141ATNY<\/span> przewod\u00adnik po sukces\u00adji&nbsp;firmy"},"content":{"rendered":"<h6>25 Spezia\u00adlis\u00adten f\u00fcr Nachfol\u00adge ver\u00f6f\u00adfent\u00adli\u00adchen 200 Seiten geball\u00adtes Know&nbsp;How<\/h6>\n<h1><span class=\"caps\">GRATIS<\/span> Exper\u00adten-Ratge\u00adber: Wie die Unternehmens\u00adnachfolge zu Ihrem gr\u00f6\u00dften Erfolg wird.<\/h1>\n<p><span style=\"width: 100%;\"><img decoding=\"async\" alt width=\"340\" height=\"427\" title=\"mediamodifier_image-40 Medium\" data-id=\"28517\" src=\"https:\/\/kern.onestep-wp.de\/wp-content\/uploads\/2023\/07\/mediamodifier_image-40-Mittel-e1689993668720.png\" style=\"aspect-ratio: auto 340 \/ 427;\" data-width=\"340\" data-height=\"427\" data-init-width=\"340\" data-init-height=\"427\" loading=\"lazy\"><\/span>  <span><a href=\"https:\/\/kern.onestep-wp.de\/pl\/k-e-r-n-die-nachfolgespezialisten-zweifach-als-beste-mittelstandsberater-deutschlands-ausgezeichnet-2\/\" target=\"_blank\" rel=\"noopener\"><img decoding=\"async\" alt=\"Siegel Beste Berater f\u00fcr Unternehmensnachfolge\" data-id=\"7749\" width=\"98\" data-init-width=\"250\" height=\"113\" data-init-height=\"288\" title=\"WIRTSCHAFTSWOCHE - Najlepsi doradcy dla M\u015aP\" src=\"https:\/\/kern.onestep-wp.de\/wp-content\/uploads\/2019\/10\/besteberater250.png\" data-width=\"98\" data-height=\"113\" style=\"aspect-ratio: auto 250 \/ 288;\" loading=\"lazy\" data-link-wrap=\"true\"><\/a><\/span><span><img decoding=\"async\" alt data-id=\"26843\" width=\"80\" data-init-width=\"311\" height=\"114\" data-init-height=\"443\" title=\"TOP Konsultant 2019\" src=\"https:\/\/kern.onestep-wp.de\/wp-content\/uploads\/2023\/06\/TC_19_Member_Strich.jpg\" data-width=\"80\" data-height=\"114\" style=\"aspect-ratio: auto 311 \/ 443;\" loading=\"lazy\"><\/span><span><img decoding=\"async\" alt=\"Siegel Top Unternehmensnachfolge Beratung\" data-id=\"10139\" width=\"80\" data-init-width=\"1792\" height=\"114\" data-init-height=\"2560\" title=\"TOP Consultant 2020\" src=\"https:\/\/kern.onestep-wp.de\/wp-content\/uploads\/2020\/06\/TC_20_Member_Strich-scaled.jpg\" data-width=\"80\" data-height=\"114\" style=\"aspect-ratio: auto 1792 \/ 2560;\" loading=\"lazy\"><\/span><span><a href=\"https:\/\/www.top-consultant.de\/kern-unternehmensnachfolge-erfolgreicher-2023\/\" target=\"_blank\" rel=\"noopener\"><img decoding=\"async\" alt data-id=\"26845\" width=\"80\" data-init-width=\"1792\" height=\"114\" data-init-height=\"2560\" title=\"TOP Konsultant 2023\" src=\"https:\/\/kern.onestep-wp.de\/wp-content\/uploads\/2023\/06\/tc_23_member_strich-scaled.jpg\" data-width=\"80\" data-height=\"114\" style=\"aspect-ratio: auto 1792 \/ 2560;\" loading=\"lazy\" data-link-wrap=\"true\"><\/a><\/span><span><img decoding=\"async\" alt data-id=\"26839\" width=\"110\" data-init-width=\"4100\" height=\"39\" data-init-height=\"1470\" title=\"Innowator roku 2021\" src=\"https:\/\/kern.onestep-wp.de\/wp-content\/uploads\/2023\/06\/DE_Logo_Innovator_2021_schwarz_gefuellt.png\" data-width=\"110\" data-height=\"39\" style=\"aspect-ratio: auto 4100 \/ 1470;\" loading=\"lazy\"><\/span><span><img decoding=\"async\" alt data-id=\"27375\" width=\"51\" data-init-width=\"591\" height=\"116\" data-init-height=\"1340\" title=\"zwyci\u0119zca german brand award 21\" src=\"https:\/\/kern.onestep-wp.de\/wp-content\/uploads\/2023\/07\/kern-german-brand-award-2021.jpeg\" data-width=\"51\" data-height=\"116\" style=\"aspect-ratio: auto 591 \/ 1340;\" loading=\"lazy\"><\/span><span><a href=\"https:\/\/die-deutsche-wirtschaft.de\/exzellenzberater\/kern-unternehmensnachfolge-erfolgreicher\/\" target=\"_blank\" rel=\"noopener\"><img decoding=\"async\" alt data-id=\"26851\" width=\"110\" data-init-width=\"708\" height=\"40\" data-init-height=\"258\" title=\"Konsultant ds. doskona\u0142o\u015bci w niemieckich \u015brednich przedsi\u0119biorstwach\" src=\"https:\/\/kern.onestep-wp.de\/wp-content\/uploads\/2023\/06\/1-Exzellenzberater-quer.png\" data-width=\"110\" data-height=\"40\" style=\"aspect-ratio: auto 708 \/ 258;\" loading=\"lazy\" data-link-wrap=\"true\"><\/a><\/span><span><a href=\"https:\/\/www.provenexpert.com\/kern-zukunft-fuer-lebenswerke\/\" target=\"_blank\" rel=\"noopener\"><img decoding=\"async\" alt data-id=\"27374\" width=\"110\" data-init-width=\"1280\" height=\"110\" data-init-height=\"1280\" title=\"ProvenExpert\" src=\"https:\/\/kern.onestep-wp.de\/wp-content\/uploads\/2023\/07\/22-Von-Kunden-Empfohlen_DE-Gross.jpeg\" data-width=\"110\" data-height=\"110\" style=\"aspect-ratio: auto 1280 \/ 1280;\" loading=\"lazy\" data-link-wrap=\"true\"><\/a><\/span> <\/p>\n<h5 style=\"text-align: left;\"><a href=\"https:\/\/kern.onestep-wp.de\/pl\/\" style=\"outline: none;\">Strona g\u0142\u00f3wna<\/a> | <a href=\"\/pl\/impressum\/\" target=\"_blank\" rel=\"noopener\">Impres\u00adsum<\/a> | <a href=\"\/pl\/datenschutz\/\" target=\"_blank\" style=\"outline: none;\" rel=\"noopener\">Ochrona danych<\/a><\/h5>","protected":false},"excerpt":{"rendered":"<p>25 Spezialisten f\u00fcr Nachfolge ver\u00f6ffentlichen 200 Seiten geballtes Know How GRATIS Experten-Ratgeber: Wie die Unternehmensnachfolge zu Ihrem gr\u00f6\u00dften Erfolg wird. [&hellip;]<\/p>\n","protected":false},"author":1,"featured_media":0,"parent":0,"menu_order":0,"comment_status":"closed","ping_status":"closed","template":"","meta":{"wp_typography_post_enhancements_disabled":false,"site-sidebar-layout":"default","site-content-layout":"default","ast-site-content-layout":"default","site-content-style":"default","site-sidebar-style":"default","ast-global-header-display":"","ast-banner-title-visibility":"","ast-main-header-display":"","ast-hfb-above-header-display":"","ast-hfb-below-header-display":"","ast-hfb-mobile-header-display":"","site-post-title":"","ast-breadcrumbs-content":"","ast-featured-img":"","footer-sml-layout":"","ast-disable-related-posts":"","theme-transparent-header-meta":"default","adv-header-id-meta":"","stick-header-meta":"default","header-above-stick-meta":"","header-main-stick-meta":"","header-below-stick-meta":"","astra-migrate-meta-layouts":"default","ast-page-background-enabled":"default","ast-page-background-meta":{"desktop":{"background-color":"","background-image":"","background-repeat":"repeat","background-position":"center center","background-size":"auto","background-attachment":"scroll","background-type":"","background-media":"","overlay-type":"","overlay-color":"","overlay-opacity":"","overlay-gradient":""},"tablet":{"background-color":"","background-image":"","background-repeat":"repeat","background-position":"center center","background-size":"auto","background-attachment":"scroll","background-type":"","background-media":"","overlay-type":"","overlay-color":"","overlay-opacity":"","overlay-gradient":""},"mobile":{"background-color":"","background-image":"","background-repeat":"repeat","background-position":"center center","background-size":"auto","background-attachment":"scroll","background-type":"","background-media":"","overlay-type":"","overlay-color":"","overlay-opacity":"","overlay-gradient":""}},"ast-content-background-meta":{"desktop":{"background-color":"var(--ast-global-color-5)","background-image":"","background-repeat":"repeat","background-position":"center center","background-size":"auto","background-attachment":"scroll","background-type":"","background-media":"","overlay-type":"","overlay-color":"","overlay-opacity":"","overlay-gradient":""},"tablet":{"background-color":"var(--ast-global-color-5)","background-image":"","background-repeat":"repeat","background-position":"center center","background-size":"auto","background-attachment":"scroll","background-type":"","background-media":"","overlay-type":"","overlay-color":"","overlay-opacity":"","overlay-gradient":""},"mobile":{"background-color":"var(--ast-global-color-5)","background-image":"","background-repeat":"repeat","background-position":"center center","background-size":"auto","background-attachment":"scroll","background-type":"","background-media":"","overlay-type":"","overlay-color":"","overlay-opacity":"","overlay-gradient":""}},"footnotes":""},"class_list":["post-578","page","type-page","status-publish","hentry"],"yoast_head":"<!-- This site is optimized with the Yoast SEO Premium plugin v24.1 (Yoast SEO v26.8) - https:\/\/yoast.com\/product\/yoast-seo-premium-wordpress\/ -->\n<title>Unternehmensnachfolge-Ratgeber GRATIS | KERN<\/title>\n<meta name=\"description\" content=\"Wie die Unternehmensnachfolge zu Ihrem gr\u00f6\u00dften Erfolg wird \u25baRatgeber-GRATIS \u25bajetzt anfordern!\" \/>\n<meta name=\"robots\" content=\"noindex, follow\" \/>\n<meta property=\"og:locale\" content=\"pl_PL\" \/>\n<meta property=\"og:type\" content=\"article\" \/>\n<meta property=\"og:title\" content=\"Unternehmensnachfolge-Ratgeber GRATIS anfordern\" \/>\n<meta property=\"og:description\" content=\"Wie die Unternehmensnachfolge zu Ihrem gr\u00f6\u00dften Erfolg wird \u25baRatgeber-GRATIS \u25bajetzt anfordern!\" \/>\n<meta property=\"og:url\" content=\"https:\/\/kern.onestep-wp.de\/pl\/ratgeber\/\" \/>\n<meta property=\"og:site_name\" content=\"KERN 2024\" \/>\n<meta property=\"article:publisher\" content=\"https:\/\/www.facebook.com\/dienachfolgespezialisten\/\" \/>\n<meta property=\"article:modified_time\" content=\"2023-07-29T12:12:00+00:00\" \/>\n<meta property=\"og:image\" content=\"https:\/\/kern.onestep-wp.de\/wp-content\/uploads\/2023\/07\/mediamodifier_image-40-Mittel-e1689993668720.png\" \/>\n<meta name=\"twitter:card\" content=\"summary_large_image\" \/>\n<meta name=\"twitter:label1\" content=\"Szacowany czas czytania\" \/>\n\t<meta name=\"twitter:data1\" content=\"4 minuty\" \/>\n<script type=\"application\/ld+json\" class=\"yoast-schema-graph\">{\"@context\":\"https:\/\/schema.org\",\"@graph\":[{\"@type\":\"WebPage\",\"@id\":\"https:\/\/kern.onestep-wp.de\/ratgeber\/\",\"url\":\"https:\/\/kern.onestep-wp.de\/ratgeber\/\",\"name\":\"Unternehmensnachfolge-Ratgeber GRATIS | KERN\",\"isPartOf\":{\"@id\":\"https:\/\/kern.onestep-wp.de\/#website\"},\"primaryImageOfPage\":{\"@id\":\"https:\/\/kern.onestep-wp.de\/ratgeber\/#primaryimage\"},\"image\":{\"@id\":\"https:\/\/kern.onestep-wp.de\/ratgeber\/#primaryimage\"},\"thumbnailUrl\":\"https:\/\/kern.onestep-wp.de\/wp-content\/uploads\/2023\/07\/mediamodifier_image-40-Mittel-e1689993668720.png\",\"datePublished\":\"2018-06-07T08:39:59+00:00\",\"dateModified\":\"2023-07-29T12:12:00+00:00\",\"description\":\"Wie die Unternehmensnachfolge zu Ihrem gr\u00f6\u00dften Erfolg wird \u25baRatgeber-GRATIS \u25bajetzt anfordern!\",\"breadcrumb\":{\"@id\":\"https:\/\/kern.onestep-wp.de\/ratgeber\/#breadcrumb\"},\"inLanguage\":\"pl-PL\",\"potentialAction\":[{\"@type\":\"ReadAction\",\"target\":[\"https:\/\/kern.onestep-wp.de\/ratgeber\/\"]}]},{\"@type\":\"ImageObject\",\"inLanguage\":\"pl-PL\",\"@id\":\"https:\/\/kern.onestep-wp.de\/ratgeber\/#primaryimage\",\"url\":\"https:\/\/kern.onestep-wp.de\/wp-content\/uploads\/2023\/07\/mediamodifier_image-40-Mittel-e1689993668720.png\",\"contentUrl\":\"https:\/\/kern.onestep-wp.de\/wp-content\/uploads\/2023\/07\/mediamodifier_image-40-Mittel-e1689993668720.png\"},{\"@type\":\"BreadcrumbList\",\"@id\":\"https:\/\/kern.onestep-wp.de\/ratgeber\/#breadcrumb\",\"itemListElement\":[{\"@type\":\"ListItem\",\"position\":1,\"name\":\"Startseite\",\"item\":\"https:\/\/kern.onestep-wp.de\/\"},{\"@type\":\"ListItem\",\"position\":2,\"name\":\"Unternehmens\u00adnachfolge-Ratge\u00adber GRATIS anfordern\"}]},{\"@type\":\"WebSite\",\"@id\":\"https:\/\/kern.onestep-wp.de\/#website\",\"url\":\"https:\/\/kern.onestep-wp.de\/\",\"name\":\"KERN 2024\",\"description\":\"Unternehmensverkauf, Generationswechsel, Unternehmenskauf\",\"publisher\":{\"@id\":\"https:\/\/kern.onestep-wp.de\/#organization\"},\"potentialAction\":[{\"@type\":\"SearchAction\",\"target\":{\"@type\":\"EntryPoint\",\"urlTemplate\":\"https:\/\/kern.onestep-wp.de\/?s={search_term_string}\"},\"query-input\":{\"@type\":\"PropertyValueSpecification\",\"valueRequired\":true,\"valueName\":\"search_term_string\"}}],\"inLanguage\":\"pl-PL\"},{\"@type\":\"Organization\",\"@id\":\"https:\/\/kern.onestep-wp.de\/#organization\",\"name\":\"KERN Unternehmensnachfolge\",\"url\":\"https:\/\/kern.onestep-wp.de\/\",\"logo\":{\"@type\":\"ImageObject\",\"inLanguage\":\"pl-PL\",\"@id\":\"https:\/\/kern.onestep-wp.de\/#\/schema\/logo\/image\/\",\"url\":\"https:\/\/kern.onestep-wp.de\/wp-content\/uploads\/2023\/05\/kern_logo2023_rgb_farbig_transparent.png\",\"contentUrl\":\"https:\/\/kern.onestep-wp.de\/wp-content\/uploads\/2023\/05\/kern_logo2023_rgb_farbig_transparent.png\",\"width\":1317,\"height\":502,\"caption\":\"KERN Unternehmensnachfolge\"},\"image\":{\"@id\":\"https:\/\/kern.onestep-wp.de\/#\/schema\/logo\/image\/\"},\"sameAs\":[\"https:\/\/www.facebook.com\/dienachfolgespezialisten\/\",\"https:\/\/www.linkedin.com\/in\/nils-koerber-52449661\",\"https:\/\/www.youtube.com\/user\/KernUndPartner\"]}]}<\/script>\n<!-- \/ Yoast SEO Premium plugin. -->","yoast_head_json":{"title":"Przewod\u00adnik po sukces\u00adji przedsi\u0119\u00adbi\u00adorst\u00adwa <span class=\"caps\">BEZP\u0141ATNIE<\/span> |&nbsp;<span class=\"caps\">KERN<\/span>","description":"Wie die Unternehmens\u00adnachfolge zu Ihrem gr\u00f6\u00dften Erfolg wird \u25baRatge\u00adber-GRATIS \u25bajetzt anfordern!","robots":{"index":"noindex","follow":"follow"},"og_locale":"pl_PL","og_type":"article","og_title":"Unternehmensnachfolge-Ratgeber GRATIS anfordern","og_description":"Wie die Unternehmensnachfolge zu Ihrem gr\u00f6\u00dften Erfolg wird \u25baRatgeber-GRATIS \u25bajetzt anfordern!","og_url":"https:\/\/kern.onestep-wp.de\/pl\/ratgeber\/","og_site_name":"KERN 2024","article_publisher":"https:\/\/www.facebook.com\/dienachfolgespezialisten\/","article_modified_time":"2023-07-29T12:12:00+00:00","og_image":[{"url":"https:\/\/kern.onestep-wp.de\/wp-content\/uploads\/2023\/07\/mediamodifier_image-40-Mittel-e1689993668720.png","type":"","width":"","height":""}],"twitter_card":"summary_large_image","twitter_misc":{"Szacowany czas czytania":"4 minuty"},"schema":{"@context":"https:\/\/schema.org","@graph":[{"@type":"WebPage","@id":"https:\/\/kern.onestep-wp.de\/ratgeber\/","url":"https:\/\/kern.onestep-wp.de\/ratgeber\/","name":"Przewod\u00adnik po sukces\u00adji przedsi\u0119\u00adbi\u00adorst\u00adwa <span class=\"caps\">BEZP\u0141ATNIE<\/span> |&nbsp;<span class=\"caps\">KERN<\/span>","isPartOf":{"@id":"https:\/\/kern.onestep-wp.de\/#website"},"primaryImageOfPage":{"@id":"https:\/\/kern.onestep-wp.de\/ratgeber\/#primaryimage"},"image":{"@id":"https:\/\/kern.onestep-wp.de\/ratgeber\/#primaryimage"},"thumbnailUrl":"https:\/\/kern.onestep-wp.de\/wp-content\/uploads\/2023\/07\/mediamodifier_image-40-Mittel-e1689993668720.png","datePublished":"2018-06-07T08:39:59+00:00","dateModified":"2023-07-29T12:12:00+00:00","description":"Wie die Unternehmens\u00adnachfolge zu Ihrem gr\u00f6\u00dften Erfolg wird \u25baRatge\u00adber-GRATIS \u25bajetzt anfordern!","breadcrumb":{"@id":"https:\/\/kern.onestep-wp.de\/ratgeber\/#breadcrumb"},"inLanguage":"pl-PL","potentialAction":[{"@type":"ReadAction","target":["https:\/\/kern.onestep-wp.de\/ratgeber\/"]}]},{"@type":"ImageObject","inLanguage":"pl-PL","@id":"https:\/\/kern.onestep-wp.de\/ratgeber\/#primaryimage","url":"https:\/\/kern.onestep-wp.de\/wp-content\/uploads\/2023\/07\/mediamodifier_image-40-Mittel-e1689993668720.png","contentUrl":"https:\/\/kern.onestep-wp.de\/wp-content\/uploads\/2023\/07\/mediamodifier_image-40-Mittel-e1689993668720.png"},{"@type":"BreadcrumbList","@id":"https:\/\/kern.onestep-wp.de\/ratgeber\/#breadcrumb","itemListElement":[{"@type":"ListItem","position":1,"name":"Startseite","item":"https:\/\/kern.onestep-wp.de\/"},{"@type":"ListItem","position":2,"name":"Unternehmens\u00adnachfolge-Ratge\u00adber GRATIS anfordern"}]},{"@type":"WebSite","@id":"https:\/\/kern.onestep-wp.de\/#website","url":"https:\/\/kern.onestep-wp.de\/","name":"<span class=\"caps\">KERN<\/span> 2024","description":"Sprze\u00adda\u017c firmy, zmiana pokolenio\u00adwa, przej\u0119cie firmy","publisher":{"@id":"https:\/\/kern.onestep-wp.de\/#organization"},"potentialAction":[{"@type":"SearchAction","target":{"@type":"EntryPoint","urlTemplate":"https:\/\/kern.onestep-wp.de\/?s={search_term_string}"},"query-input":{"@type":"PropertyValueSpecification","valueRequired":true,"valueName":"search_term_string"}}],"inLanguage":"pl-PL"},{"@type":"Organization","@id":"https:\/\/kern.onestep-wp.de\/#organization","name":"<span class=\"caps\">KERN<\/span> Sukces\u00adja przedsi\u0119biorstwa","url":"https:\/\/kern.onestep-wp.de\/","logo":{"@type":"ImageObject","inLanguage":"pl-PL","@id":"https:\/\/kern.onestep-wp.de\/#\/schema\/logo\/image\/","url":"https:\/\/kern.onestep-wp.de\/wp-content\/uploads\/2023\/05\/kern_logo2023_rgb_farbig_transparent.png","contentUrl":"https:\/\/kern.onestep-wp.de\/wp-content\/uploads\/2023\/05\/kern_logo2023_rgb_farbig_transparent.png","width":1317,"height":502,"caption":"KERN Unternehmensnachfolge"},"image":{"@id":"https:\/\/kern.onestep-wp.de\/#\/schema\/logo\/image\/"},"sameAs":["https:\/\/www.facebook.com\/dienachfolgespezialisten\/","https:\/\/www.linkedin.com\/in\/nils-koerber-52449661","https:\/\/www.youtube.com\/user\/KernUndPartner"]}]}},"_links":{"self":[{"href":"https:\/\/kern.onestep-wp.de\/pl\/wp-json\/wp\/v2\/pages\/578","targetHints":{"allow":["GET"]}}],"collection":[{"href":"https:\/\/kern.onestep-wp.de\/pl\/wp-json\/wp\/v2\/pages"}],"about":[{"href":"https:\/\/kern.onestep-wp.de\/pl\/wp-json\/wp\/v2\/types\/page"}],"author":[{"embeddable":true,"href":"https:\/\/kern.onestep-wp.de\/pl\/wp-json\/wp\/v2\/users\/1"}],"replies":[{"embeddable":true,"href":"https:\/\/kern.onestep-wp.de\/pl\/wp-json\/wp\/v2\/comments?post=578"}],"version-history":[{"count":0,"href":"https:\/\/kern.onestep-wp.de\/pl\/wp-json\/wp\/v2\/pages\/578\/revisions"}],"wp:attachment":[{"href":"https:\/\/kern.onestep-wp.de\/pl\/wp-json\/wp\/v2\/media?parent=578"}],"curies":[{"name":"wp","href":"https:\/\/api.w.org\/{rel}","templated":true}]}}