{"id":8232,"date":"2019-12-19T11:23:29","date_gmt":"2019-12-19T10:23:29","guid":{"rendered":"https:\/\/great-kare.185-125-174-66.plesk.page\/?page_id=8232"},"modified":"2024-03-24T10:37:26","modified_gmt":"2024-03-24T09:37:26","slug":"seminar-stabwechsel-unternehmensverkauf","status":"publish","type":"page","link":"https:\/\/kern.onestep-wp.de\/pl\/seminar-stabwechsel-unternehmensverkauf\/","title":{"rendered":"Live-Seminar \u2013 Mein Stabwech\u00adsel Unternehmensverkauf"},"content":{"rendered":"<p><a data-id-d=\"0\" data-img-style=\"width: 100%;\"><img loading=\"lazy\" decoding=\"async\" src=\"https:\/\/kern.onestep-wp.de\/wp-content\/uploads\/2023\/05\/kern_logo2023_rgb_farbig_transparent.png\" height=\"502\" width=\"1317\" alt=\"\" style=\"width: 100%;\"><\/img><\/a><\/p>\n<h4 style=\"text-align: left;\">Nehmen Sie an diesem Seminar teil!<\/h4>\n<h2 style=\"text-align: left;\"><strong>MeinSTABWECHSEL<\/strong>Das Entscheiderseminar f\u00fcr den Unternehmensverkauf oder Generationswechsel<\/h2>\n<h2 style=\"text-align: center;\">Ihre pers\u00f6nlichen Anliegen sind 100% gesch\u00fctzt<\/h2>\n<p>Sie erfahren unter Begleitung unserer erfahrenen Nachfolgespezialisten von KERN, an welchen Stellen Sie was und wie f\u00fcr sich und den anstehenden Prozess tun k\u00f6nnen.<\/p>\n<\/p>\n<p>Sie reflektieren Ihre eigenen \u201eStolpersteine\u201c, die Sie bisher von einer L\u00f6sung abgehalten haben und&nbsp;<\/p>\n<p>erarbeiten sich Ihr Ziel Ihrer ganz pers\u00f6nlichen \u00dcbergabe- oder Verkaufsl\u00f6sung. Egal ob Sie einen K\u00e4ufer suchen oder Ihre Firma in der Familie \u00fcbergeben m\u00f6chten (ohne steuerliche, wirtschaftliche oder juristische Inhalte).<\/p>\n<\/p>\n<p>Sie m\u00fcssen auf Wunsch keine vertraulichen Anliegen offen legen, sondern sind vollkommen gesch\u00fctzt und sicher mit Ihren eigenen Themen betraut.<\/p>\n<h3><strong>Seminartermine an allen KERN- Standorten in D-A-CH. Optional auch als Online-Seminar buchbar.<\/strong><\/h3>\n<p>Basel, Bayreuth, Berlin, Bremen, Eisenach, Essen, Frankfurt am Main, Freiburg i. Brsg., Graz, Hamburg, Hannover, Hamm, Ingolstadt, Kaiserslautern, Kiel, K\u00f6ln, Krefeld, Linz, Luzern, Halle, Memmingen, M\u00fcnster, M\u00fcnchen, N\u00fcrnberg, Osnabr\u00fcck, Rottweil, Saarbr\u00fccken, Schwerin, Stuttgart, Wien, Wiesbaden, W\u00fcrzburg oder Z\u00fcrich.<\/p>\n<p>\u00d6ffentliche Termine (mind. 5 TN) mit bis zu 12 Teilnehmer kosten nur netto 790.&#8211; EUR\/CHF je Person.<\/p>\n<p>Alternativ im Einzeltermin und auf Wunsch mit Ihrer Familie f\u00fcr nur netto 3.490.&#8211; EUR\/CHF.<\/p>\n<h3><strong>\u00dcber Ihren Gastgeber<\/strong><\/h3>\n<p>KERN-Partner sind ausgewiesene Spezialisten zum Thema Unternehmensnachfolge und Ihre pers\u00f6nlichen Coaches im Seminar &#8222;MeinSTABWECHSEL&#8220;. Dieses Seminarangebot ist mit erfahrenen Psychologen, Coaches und Trainern f\u00fcr die Vorbereitung von Nachfolgeprozessen entwickelt worden. Die Umsetzung erfolgt OFFLINE oder ONLINE.<\/p>\n<p style=\"text-align: center;\">Ihre wertvolle Zeit ist bestens investiert<\/p>\n<h2 style=\"text-align: center;\">Mit Ihrer Teilnahme am Seminar erhalten Sie folgende Zugaben:<\/h2>\n<p style=\"text-align: center;\">126 Fragen Checkliste zur Vorbereitung einer Unternehmensnachfolge.<\/p>\n<p style=\"text-align: center;\">Geld-zur\u00fcck-Garantie, falls Ihnen das Seminar nicht gefallen sollte<\/p>\n<p style=\"text-align: center;\">Expertenratgeber mit 200 Seiten Fachwissen zu allen Fragestellungen im Rahmen einer Unternehmensnachfolge.<\/p>\n<h2 style=\"text-align: center;\">MeinSTABWECHSEL. Termine f\u00fcr das Entscheider-Seminar ganzj\u00e4hrig an allen <a href=\"https:\/\/kern.onestep-wp.de\/partner\/\" target=\"_blank\" style=\"outline: none;\" rel=\"noopener\">KERN-Standorten in der D-A-CH-Region.<\/a> Auf Wunsch auch jederzeit ONLINE an mehreren Tagen.<\/h2>\n<p style=\"text-align: center;\">Rufen Sie direkt Ihren <a href=\"https:\/\/kern.onestep-wp.de\/partner\/\" target=\"_blank\" style=\"outline: none;\" rel=\"noopener\">Wunsch-Standort<\/a> an und vereinbaren einen individuellen Termin f\u00fcr Ihr pers\u00f6nliches Tagesseminar. Vor Ort oder ONLINE. Komplettpreis inkl. umfassender Seminarunterlagen netto 3.490.- Euro zzgl. USt., inkl. aller Neben- und Reisekosten bzw. mehreren Online-Terminen.<\/p>\n<h1 style=\"text-align: center;\"><strong>Keine Zeit? Kein Problem!Unser Exklusiv-Workshop in Ihrem Haus:<\/strong><\/h1>\n<p>[tcb-script](function() {var script = document.createElement(&#8217;script&#8216;); script.src = &#8222;https:\/\/paperform.co\/__embed&#8220;; document.body.appendChild(script); })()[\/tcb-script]  <\/p>\n<p style=\"text-align: center;\"><a href=\"https:\/\/kern.onestep-wp.de\/datenschutz\/\" style=\"outline: none;\">Datenschutzerkl\u00e4rung<\/a>&nbsp; | &nbsp;<a href=\"https:\/\/kern.onestep-wp.de\/impressum\/\" style=\"outline: none;\">Impressum<\/a>&nbsp; | &nbsp;<a href=\"https:\/\/kern.onestep-wp.de\/agb\/\" style=\"outline: none;\">Allgemeine Gesch\u00e4ftsbedingungen<\/a><\/p>\n<h3>Anmeldung zum Seminar am 20.09.2019<\/h3>\n<p>[tcb-script type=&#8220;text\/javascript&#8220; src=&#8220;https:\/\/NTJLOSH-modules.xing-events.com\/resources\/js\/amiandoExport.js&#8220;][\/tcb-script]&amp;amp;amp;amp;amp;amp;amp;amp;amp;amp;amp;amp;amp;amp;amp;amp;amp;amp;amp;amp;amp;amp;amp;amp;amp;amp;amp;amp;amp;amp;amp;amp;amp;amp;amp;amp;amp;amp;amp;amp;amp;amp;amp;amp;amp;amp;amp;amp;amp;amp;amp;amp;amp;amp;amp;amp;amp;amp;amp;amp;lt;p&amp;amp;amp;amp;amp;amp;amp;amp;amp;amp;amp;amp;amp;amp;amp;amp;amp;amp;amp;amp;amp;amp;amp;amp;amp;amp;amp;amp;amp;amp;amp;amp;amp;amp;amp;amp;amp;amp;amp;amp;amp;amp;amp;amp;amp;amp;amp;amp;amp;amp;amp;amp;amp;amp;amp;amp;amp;amp;amp;amp;gt;Diese Seite ben\u00f6tigt die Unterst\u00fctzung von Frames durch Ihren Browser. Bitte nutzen Sie einen Browser, der die Darstellung von Frames unterst\u00fctzt, damit das Ticketvorverkaufs-Modul angezeigt werden kann.&amp;amp;amp;amp;amp;amp;amp;amp;amp;amp;amp;amp;amp;amp;amp;amp;amp;amp;amp;amp;amp;amp;amp;amp;amp;amp;amp;amp;amp;amp;amp;amp;amp;amp;amp;amp;amp;amp;amp;amp;amp;amp;amp;amp;amp;amp;amp;amp;amp;amp;amp;amp;amp;amp;amp;amp;amp;amp;amp;amp;lt;\/p&amp;amp;amp;amp;amp;amp;amp;amp;amp;amp;amp;amp;amp;amp;amp;amp;amp;amp;amp;amp;amp;amp;amp;amp;amp;amp;amp;amp;amp;amp;amp;amp;amp;amp;amp;amp;amp;amp;amp;amp;amp;amp;amp;amp;amp;amp;amp;amp;amp;amp;amp;amp;amp;amp;amp;amp;amp;amp;amp;amp;gt;&amp;amp;amp;amp;amp;amp;amp;amp;amp;amp;amp;amp;amp;amp;amp;amp;amp;amp;amp;amp;amp;amp;amp;amp;amp;amp;amp;amp;amp;amp;amp;amp;amp;amp;amp;amp;amp;amp;amp;amp;amp;amp;amp;amp;amp;amp;amp;amp;amp;amp;amp;amp;amp;amp;amp;amp;amp;amp;amp;amp;lt;p&amp;amp;amp;amp;amp;amp;amp;amp;amp;amp;amp;amp;amp;amp;amp;amp;amp;amp;amp;amp;amp;amp;amp;amp;amp;amp;amp;amp;amp;amp;amp;amp;amp;amp;amp;amp;amp;amp;amp;amp;amp;amp;amp;amp;amp;amp;amp;amp;amp;amp;amp;amp;amp;amp;amp;amp;amp;amp;amp;amp;gt;Probieren Sie die XING Events &amp;amp;amp;amp;amp;amp;amp;amp;amp;amp;amp;amp;amp;amp;amp;amp;amp;amp;amp;amp;amp;amp;amp;amp;amp;amp;amp;amp;amp;amp;amp;amp;amp;amp;amp;amp;amp;amp;amp;amp;amp;amp;amp;amp;amp;amp;amp;amp;amp;amp;amp;amp;amp;amp;amp;amp;amp;amp;amp;amp;lt;a href=&#8220;https:\/\/www.xing-events.com&#8220;&amp;amp;amp;amp;amp;amp;amp;amp;amp;amp;amp;amp;amp;amp;amp;amp;amp;amp;amp;amp;amp;amp;amp;amp;amp;amp;amp;amp;amp;amp;amp;amp;amp;amp;amp;amp;amp;amp;amp;amp;amp;amp;amp;amp;amp;amp;amp;amp;amp;amp;amp;amp;amp;amp;amp;amp;amp;amp;amp;amp;gt;online Registrierung&amp;amp;amp;amp;amp;amp;amp;amp;amp;amp;amp;amp;amp;amp;amp;amp;amp;amp;amp;amp;amp;amp;amp;amp;amp;amp;amp;amp;amp;amp;amp;amp;amp;amp;amp;amp;amp;amp;amp;amp;amp;amp;amp;amp;amp;amp;amp;amp;amp;amp;amp;amp;amp;amp;amp;amp;amp;amp;amp;amp;lt;\/a&amp;amp;amp;amp;amp;amp;amp;amp;amp;amp;amp;amp;amp;amp;amp;amp;amp;amp;amp;amp;amp;amp;amp;amp;amp;amp;amp;amp;amp;amp;amp;amp;amp;amp;amp;amp;amp;amp;amp;amp;amp;amp;amp;amp;amp;amp;amp;amp;amp;amp;amp;amp;amp;amp;amp;amp;amp;amp;amp;amp;gt; noch heute aus.&amp;amp;amp;amp;amp;amp;amp;amp;amp;amp;amp;amp;amp;amp;amp;amp;amp;amp;amp;amp;amp;amp;amp;amp;amp;amp;amp;amp;amp;amp;amp;amp;amp;amp;amp;amp;amp;amp;amp;amp;amp;amp;amp;amp;amp;amp;amp;amp;amp;amp;amp;amp;amp;amp;amp;amp;amp;amp;amp;amp;lt;\/p&amp;amp;amp;amp;amp;amp;amp;amp;amp;amp;amp;amp;amp;amp;amp;amp;amp;amp;amp;amp;amp;amp;amp;amp;amp;amp;amp;amp;amp;amp;amp;amp;amp;amp;amp;amp;amp;amp;amp;amp;amp;amp;amp;amp;amp;amp;amp;amp;amp;amp;amp;amp;amp;amp;amp;amp;amp;amp;amp;amp;gt;Mehr Teilnehmer mit <a href=\"https:\/\/www.xing-events.com?viralRefId=NTJLOSH&amp;utm_campaign=ev-NTJLOSH&amp;utm_medium=viral&amp;utm_source=EventWebsite&amp;utm_content=TextLinkBottom&amp;utm_term=text-link\" target=\"_blank\" alt=\"XING Events\" title=\"XING Events\" rel=\"noopener\">Online Event Management-L\u00f6sungen<\/a> von XING Events.<\/p>\n<p style=\"text-align: center;\"><a href=\"https:\/\/kern.onestep-wp.de\/datenschutz\/\">Datenschutzerkl\u00e4rung<\/a>&nbsp; | &nbsp;<a href=\"https:\/\/kern.onestep-wp.de\/impressum\/\">Impressum<\/a>&nbsp; | &nbsp;<a href=\"https:\/\/kern.onestep-wp.de\/agb\/\">Allgemeine Gesch\u00e4ftsbedingungen<\/a><\/p>\n","protected":false},"excerpt":{"rendered":"<p>Nehmen Sie an diesem Seminar teil! MeinSTABWECHSELDas Entscheiderseminar f\u00fcr den Unternehmensverkauf oder Generationswechsel Ihre pers\u00f6nlichen Anliegen sind 100% gesch\u00fctzt Sie [&hellip;]<\/p>\n","protected":false},"author":1,"featured_media":0,"parent":0,"menu_order":0,"comment_status":"closed","ping_status":"closed","template":"","meta":{"wp_typography_post_enhancements_disabled":false,"site-sidebar-layout":"default","site-content-layout":"default","ast-site-content-layout":"default","site-content-style":"default","site-sidebar-style":"default","ast-global-header-display":"","ast-banner-title-visibility":"","ast-main-header-display":"","ast-hfb-above-header-display":"","ast-hfb-below-header-display":"","ast-hfb-mobile-header-display":"","site-post-title":"","ast-breadcrumbs-content":"","ast-featured-img":"","footer-sml-layout":"","ast-disable-related-posts":"","theme-transparent-header-meta":"default","adv-header-id-meta":"","stick-header-meta":"default","header-above-stick-meta":"","header-main-stick-meta":"","header-below-stick-meta":"","astra-migrate-meta-layouts":"default","ast-page-background-enabled":"default","ast-page-background-meta":{"desktop":{"background-color":"","background-image":"","background-repeat":"repeat","background-position":"center center","background-size":"auto","background-attachment":"scroll","background-type":"","background-media":"","overlay-type":"","overlay-color":"","overlay-opacity":"","overlay-gradient":""},"tablet":{"background-color":"","background-image":"","background-repeat":"repeat","background-position":"center center","background-size":"auto","background-attachment":"scroll","background-type":"","background-media":"","overlay-type":"","overlay-color":"","overlay-opacity":"","overlay-gradient":""},"mobile":{"background-color":"","background-image":"","background-repeat":"repeat","background-position":"center center","background-size":"auto","background-attachment":"scroll","background-type":"","background-media":"","overlay-type":"","overlay-color":"","overlay-opacity":"","overlay-gradient":""}},"ast-content-background-meta":{"desktop":{"background-color":"var(--ast-global-color-5)","background-image":"","background-repeat":"repeat","background-position":"center center","background-size":"auto","background-attachment":"scroll","background-type":"","background-media":"","overlay-type":"","overlay-color":"","overlay-opacity":"","overlay-gradient":""},"tablet":{"background-color":"var(--ast-global-color-5)","background-image":"","background-repeat":"repeat","background-position":"center center","background-size":"auto","background-attachment":"scroll","background-type":"","background-media":"","overlay-type":"","overlay-color":"","overlay-opacity":"","overlay-gradient":""},"mobile":{"background-color":"var(--ast-global-color-5)","background-image":"","background-repeat":"repeat","background-position":"center center","background-size":"auto","background-attachment":"scroll","background-type":"","background-media":"","overlay-type":"","overlay-color":"","overlay-opacity":"","overlay-gradient":""}},"footnotes":""},"class_list":["post-8232","page","type-page","status-publish","hentry"],"yoast_head":"<!-- This site is optimized with the Yoast SEO Premium plugin v24.1 (Yoast SEO v26.8) - https:\/\/yoast.com\/product\/yoast-seo-premium-wordpress\/ -->\n<title>Live-Seminar Unternehmenskauf | KERN<\/title>\n<meta name=\"description\" content=\"DAS Entscheider-Seminar f\u00fcr Unternehmensverkauf und Generationswechsel \u25baJETZT Termin buchen +Spezialisten sprechen\" \/>\n<meta name=\"robots\" content=\"noindex, follow, max-snippet:-1, max-image-preview:large, max-video-preview:-1\" \/>\n<meta property=\"og:locale\" content=\"pl_PL\" \/>\n<meta property=\"og:type\" content=\"article\" \/>\n<meta property=\"og:title\" content=\"Live-Seminar \u2013 Mein Stabwechsel Unternehmensverkauf\" \/>\n<meta property=\"og:description\" content=\"DAS Entscheider-Seminar f\u00fcr Unternehmensverkauf und Generationswechsel \u25baJETZT Termin buchen +Spezialisten sprechen\" \/>\n<meta property=\"og:url\" content=\"https:\/\/kern.onestep-wp.de\/pl\/seminar-stabwechsel-unternehmensverkauf\/\" \/>\n<meta property=\"og:site_name\" content=\"KERN 2024\" \/>\n<meta property=\"article:publisher\" content=\"https:\/\/www.facebook.com\/dienachfolgespezialisten\/\" \/>\n<meta property=\"article:modified_time\" content=\"2024-03-24T09:37:26+00:00\" \/>\n<meta property=\"og:image\" content=\"https:\/\/kern.onestep-wp.de\/wp-content\/uploads\/2023\/05\/kern_logo2023_rgb_farbig_transparent.png\" \/>\n<meta name=\"twitter:card\" content=\"summary_large_image\" \/>\n<meta name=\"twitter:label1\" content=\"Szacowany czas czytania\" \/>\n\t<meta name=\"twitter:data1\" content=\"2 minuty\" \/>\n<script type=\"application\/ld+json\" class=\"yoast-schema-graph\">{\"@context\":\"https:\/\/schema.org\",\"@graph\":[{\"@type\":\"WebPage\",\"@id\":\"https:\/\/kern.onestep-wp.de\/seminar-stabwechsel-unternehmensverkauf\/\",\"url\":\"https:\/\/kern.onestep-wp.de\/seminar-stabwechsel-unternehmensverkauf\/\",\"name\":\"Live-Seminar Unternehmenskauf | KERN\",\"isPartOf\":{\"@id\":\"https:\/\/kern.onestep-wp.de\/#website\"},\"primaryImageOfPage\":{\"@id\":\"https:\/\/kern.onestep-wp.de\/seminar-stabwechsel-unternehmensverkauf\/#primaryimage\"},\"image\":{\"@id\":\"https:\/\/kern.onestep-wp.de\/seminar-stabwechsel-unternehmensverkauf\/#primaryimage\"},\"thumbnailUrl\":\"https:\/\/kern.onestep-wp.de\/wp-content\/uploads\/2023\/05\/kern_logo2023_rgb_farbig_transparent.png\",\"datePublished\":\"2019-12-19T10:23:29+00:00\",\"dateModified\":\"2024-03-24T09:37:26+00:00\",\"description\":\"DAS Entscheider-Seminar f\u00fcr Unternehmensverkauf und Generationswechsel \u25baJETZT Termin buchen +Spezialisten sprechen\",\"breadcrumb\":{\"@id\":\"https:\/\/kern.onestep-wp.de\/seminar-stabwechsel-unternehmensverkauf\/#breadcrumb\"},\"inLanguage\":\"pl-PL\",\"potentialAction\":[{\"@type\":\"ReadAction\",\"target\":[\"https:\/\/kern.onestep-wp.de\/seminar-stabwechsel-unternehmensverkauf\/\"]}]},{\"@type\":\"ImageObject\",\"inLanguage\":\"pl-PL\",\"@id\":\"https:\/\/kern.onestep-wp.de\/seminar-stabwechsel-unternehmensverkauf\/#primaryimage\",\"url\":\"https:\/\/kern.onestep-wp.de\/wp-content\/uploads\/2023\/05\/kern_logo2023_rgb_farbig_transparent.png\",\"contentUrl\":\"https:\/\/kern.onestep-wp.de\/wp-content\/uploads\/2023\/05\/kern_logo2023_rgb_farbig_transparent.png\"},{\"@type\":\"BreadcrumbList\",\"@id\":\"https:\/\/kern.onestep-wp.de\/seminar-stabwechsel-unternehmensverkauf\/#breadcrumb\",\"itemListElement\":[{\"@type\":\"ListItem\",\"position\":1,\"name\":\"Startseite\",\"item\":\"https:\/\/kern.onestep-wp.de\/\"},{\"@type\":\"ListItem\",\"position\":2,\"name\":\"Live-Seminar \u2013 Mein Stabwech\u00adsel Unternehmensverkauf\"}]},{\"@type\":\"WebSite\",\"@id\":\"https:\/\/kern.onestep-wp.de\/#website\",\"url\":\"https:\/\/kern.onestep-wp.de\/\",\"name\":\"KERN 2024\",\"description\":\"Unternehmensverkauf, Generationswechsel, Unternehmenskauf\",\"publisher\":{\"@id\":\"https:\/\/kern.onestep-wp.de\/#organization\"},\"potentialAction\":[{\"@type\":\"SearchAction\",\"target\":{\"@type\":\"EntryPoint\",\"urlTemplate\":\"https:\/\/kern.onestep-wp.de\/?s={search_term_string}\"},\"query-input\":{\"@type\":\"PropertyValueSpecification\",\"valueRequired\":true,\"valueName\":\"search_term_string\"}}],\"inLanguage\":\"pl-PL\"},{\"@type\":\"Organization\",\"@id\":\"https:\/\/kern.onestep-wp.de\/#organization\",\"name\":\"KERN Unternehmensnachfolge\",\"url\":\"https:\/\/kern.onestep-wp.de\/\",\"logo\":{\"@type\":\"ImageObject\",\"inLanguage\":\"pl-PL\",\"@id\":\"https:\/\/kern.onestep-wp.de\/#\/schema\/logo\/image\/\",\"url\":\"https:\/\/kern.onestep-wp.de\/wp-content\/uploads\/2023\/05\/kern_logo2023_rgb_farbig_transparent.png\",\"contentUrl\":\"https:\/\/kern.onestep-wp.de\/wp-content\/uploads\/2023\/05\/kern_logo2023_rgb_farbig_transparent.png\",\"width\":1317,\"height\":502,\"caption\":\"KERN Unternehmensnachfolge\"},\"image\":{\"@id\":\"https:\/\/kern.onestep-wp.de\/#\/schema\/logo\/image\/\"},\"sameAs\":[\"https:\/\/www.facebook.com\/dienachfolgespezialisten\/\",\"https:\/\/www.linkedin.com\/in\/nils-koerber-52449661\",\"https:\/\/www.youtube.com\/user\/KernUndPartner\"]}]}<\/script>\n<!-- \/ Yoast SEO Premium plugin. -->","yoast_head_json":{"title":"Semina\u00adri\u00adum na \u017cywo Przej\u0119cie przedsi\u0119\u00adbi\u00adorst\u00adwa |&nbsp;<span class=\"caps\">KERN<\/span>","description":"<span class=\"caps\">DAS<\/span> Entschei\u00adder-Seminar f\u00fcr Unter\u00adnehmens\u00adverkauf und Generations\u00adwechsel \u25ba<span class=\"caps\">JETZT<\/span> Termin buchen +Spezia\u00adlis\u00adten sprechen","robots":{"index":"noindex","follow":"follow","max-snippet":"max-snippet:-1","max-image-preview":"max-image-preview:large","max-video-preview":"max-video-preview:-1"},"og_locale":"pl_PL","og_type":"article","og_title":"Live-Seminar \u2013 Mein Stabwechsel Unternehmensverkauf","og_description":"DAS Entscheider-Seminar f\u00fcr Unternehmensverkauf und Generationswechsel \u25baJETZT Termin buchen +Spezialisten sprechen","og_url":"https:\/\/kern.onestep-wp.de\/pl\/seminar-stabwechsel-unternehmensverkauf\/","og_site_name":"KERN 2024","article_publisher":"https:\/\/www.facebook.com\/dienachfolgespezialisten\/","article_modified_time":"2024-03-24T09:37:26+00:00","og_image":[{"url":"https:\/\/kern.onestep-wp.de\/wp-content\/uploads\/2023\/05\/kern_logo2023_rgb_farbig_transparent.png","type":"","width":"","height":""}],"twitter_card":"summary_large_image","twitter_misc":{"Szacowany czas czytania":"2 minuty"},"schema":{"@context":"https:\/\/schema.org","@graph":[{"@type":"WebPage","@id":"https:\/\/kern.onestep-wp.de\/seminar-stabwechsel-unternehmensverkauf\/","url":"https:\/\/kern.onestep-wp.de\/seminar-stabwechsel-unternehmensverkauf\/","name":"Semina\u00adri\u00adum na \u017cywo Przej\u0119cie przedsi\u0119\u00adbi\u00adorst\u00adwa |&nbsp;<span class=\"caps\">KERN<\/span>","isPartOf":{"@id":"https:\/\/kern.onestep-wp.de\/#website"},"primaryImageOfPage":{"@id":"https:\/\/kern.onestep-wp.de\/seminar-stabwechsel-unternehmensverkauf\/#primaryimage"},"image":{"@id":"https:\/\/kern.onestep-wp.de\/seminar-stabwechsel-unternehmensverkauf\/#primaryimage"},"thumbnailUrl":"https:\/\/kern.onestep-wp.de\/wp-content\/uploads\/2023\/05\/kern_logo2023_rgb_farbig_transparent.png","datePublished":"2019-12-19T10:23:29+00:00","dateModified":"2024-03-24T09:37:26+00:00","description":"<span class=\"caps\">DAS<\/span> Entschei\u00adder-Seminar f\u00fcr Unter\u00adnehmens\u00adverkauf und Generations\u00adwechsel \u25ba<span class=\"caps\">JETZT<\/span> Termin buchen +Spezia\u00adlis\u00adten sprechen","breadcrumb":{"@id":"https:\/\/kern.onestep-wp.de\/seminar-stabwechsel-unternehmensverkauf\/#breadcrumb"},"inLanguage":"pl-PL","potentialAction":[{"@type":"ReadAction","target":["https:\/\/kern.onestep-wp.de\/seminar-stabwechsel-unternehmensverkauf\/"]}]},{"@type":"ImageObject","inLanguage":"pl-PL","@id":"https:\/\/kern.onestep-wp.de\/seminar-stabwechsel-unternehmensverkauf\/#primaryimage","url":"https:\/\/kern.onestep-wp.de\/wp-content\/uploads\/2023\/05\/kern_logo2023_rgb_farbig_transparent.png","contentUrl":"https:\/\/kern.onestep-wp.de\/wp-content\/uploads\/2023\/05\/kern_logo2023_rgb_farbig_transparent.png"},{"@type":"BreadcrumbList","@id":"https:\/\/kern.onestep-wp.de\/seminar-stabwechsel-unternehmensverkauf\/#breadcrumb","itemListElement":[{"@type":"ListItem","position":1,"name":"Startseite","item":"https:\/\/kern.onestep-wp.de\/"},{"@type":"ListItem","position":2,"name":"Live-Seminar \u2013 Mein Stabwech\u00adsel Unternehmensverkauf"}]},{"@type":"WebSite","@id":"https:\/\/kern.onestep-wp.de\/#website","url":"https:\/\/kern.onestep-wp.de\/","name":"<span class=\"caps\">KERN<\/span> 2024","description":"Sprze\u00adda\u017c firmy, zmiana pokolenio\u00adwa, przej\u0119cie firmy","publisher":{"@id":"https:\/\/kern.onestep-wp.de\/#organization"},"potentialAction":[{"@type":"SearchAction","target":{"@type":"EntryPoint","urlTemplate":"https:\/\/kern.onestep-wp.de\/?s={search_term_string}"},"query-input":{"@type":"PropertyValueSpecification","valueRequired":true,"valueName":"search_term_string"}}],"inLanguage":"pl-PL"},{"@type":"Organization","@id":"https:\/\/kern.onestep-wp.de\/#organization","name":"<span class=\"caps\">KERN<\/span> Sukces\u00adja przedsi\u0119biorstwa","url":"https:\/\/kern.onestep-wp.de\/","logo":{"@type":"ImageObject","inLanguage":"pl-PL","@id":"https:\/\/kern.onestep-wp.de\/#\/schema\/logo\/image\/","url":"https:\/\/kern.onestep-wp.de\/wp-content\/uploads\/2023\/05\/kern_logo2023_rgb_farbig_transparent.png","contentUrl":"https:\/\/kern.onestep-wp.de\/wp-content\/uploads\/2023\/05\/kern_logo2023_rgb_farbig_transparent.png","width":1317,"height":502,"caption":"KERN Unternehmensnachfolge"},"image":{"@id":"https:\/\/kern.onestep-wp.de\/#\/schema\/logo\/image\/"},"sameAs":["https:\/\/www.facebook.com\/dienachfolgespezialisten\/","https:\/\/www.linkedin.com\/in\/nils-koerber-52449661","https:\/\/www.youtube.com\/user\/KernUndPartner"]}]}},"_links":{"self":[{"href":"https:\/\/kern.onestep-wp.de\/pl\/wp-json\/wp\/v2\/pages\/8232","targetHints":{"allow":["GET"]}}],"collection":[{"href":"https:\/\/kern.onestep-wp.de\/pl\/wp-json\/wp\/v2\/pages"}],"about":[{"href":"https:\/\/kern.onestep-wp.de\/pl\/wp-json\/wp\/v2\/types\/page"}],"author":[{"embeddable":true,"href":"https:\/\/kern.onestep-wp.de\/pl\/wp-json\/wp\/v2\/users\/1"}],"replies":[{"embeddable":true,"href":"https:\/\/kern.onestep-wp.de\/pl\/wp-json\/wp\/v2\/comments?post=8232"}],"version-history":[{"count":0,"href":"https:\/\/kern.onestep-wp.de\/pl\/wp-json\/wp\/v2\/pages\/8232\/revisions"}],"wp:attachment":[{"href":"https:\/\/kern.onestep-wp.de\/pl\/wp-json\/wp\/v2\/media?parent=8232"}],"curies":[{"name":"wp","href":"https:\/\/api.w.org\/{rel}","templated":true}]}}