{"id":2075,"date":"2018-07-26T16:58:53","date_gmt":"2018-07-26T14:58:53","guid":{"rendered":"https:\/\/great-kare.185-125-174-66.plesk.page\/?page_id=2075"},"modified":"2023-06-29T20:28:03","modified_gmt":"2023-06-29T18:28:03","slug":"videos","status":"publish","type":"page","link":"https:\/\/kern.onestep-wp.de\/pt\/videos\/","title":{"rendered":"V\u00eddeos"},"content":{"rendered":"<h1>14 kosten\u00adfreie Video-Tutori\u00adals: Was Unter\u00adneh\u00admer \u00fcber Unternehmens\u00adnachfolge wissen m\u00fcssen<\/h1>\n<h4>L\u00f6sun\u00adgen f\u00fcr die Unternehmens\u00adnachfolge im Mittelstand<\/h4>\n<h4>Porque \u00e9 que a suces\u00ads\u00e3o nas <span class=\"caps\">PME<\/span> \u00e9 t\u00e3o dif\u00edcil<\/h4>\n<p><\/p><p style=\"text-align: center;\">Intro\u00addu\u00adza agora o seu endere\u00ad\u00e7o de correio eletr\u00f3\u00adni\u00adco e obten\u00adha acesso gratui\u00adto a todos os nossos tutori\u00adais em&nbsp;v\u00eddeo<\/p>\n<p><span>Ich stimme der Speiche\u00adrung meiner Daten zum Erhalt von Mails zur Unternehmens\u00adnachfolge gem\u00e4\u00df Daten\u00adschutz\u00ader\u00adkl\u00e4\u00adrung zu.<\/span><span class=\"caps\">ENVIAR<\/span> E <span class=\"caps\">OBTER<\/span> <span class=\"caps\">ACESSO<\/span>&nbsp;<\/p>","protected":false},"excerpt":{"rendered":"<p>14 kostenfreie Video-Tutorials: Was Unternehmer \u00fcber Unternehmensnachfolge wissen m\u00fcssen L\u00f6sungen f\u00fcr die Unternehmensnachfolge im Mittelstand Warum Nachfolge im Mittelstand so [&hellip;]<\/p>\n","protected":false},"author":1,"featured_media":0,"parent":0,"menu_order":0,"comment_status":"closed","ping_status":"closed","template":"","meta":{"wp_typography_post_enhancements_disabled":false,"site-sidebar-layout":"no-sidebar","site-content-layout":"plain-container","ast-site-content-layout":"default","site-content-style":"default","site-sidebar-style":"default","ast-global-header-display":"","ast-banner-title-visibility":"","ast-main-header-display":"","ast-hfb-above-header-display":"","ast-hfb-below-header-display":"","ast-hfb-mobile-header-display":"","site-post-title":"disabled","ast-breadcrumbs-content":"","ast-featured-img":"disabled","footer-sml-layout":"","ast-disable-related-posts":"","theme-transparent-header-meta":"default","adv-header-id-meta":"","stick-header-meta":"default","header-above-stick-meta":"","header-main-stick-meta":"","header-below-stick-meta":"","astra-migrate-meta-layouts":"default","ast-page-background-enabled":"default","ast-page-background-meta":{"desktop":{"background-color":"","background-image":"","background-repeat":"repeat","background-position":"center center","background-size":"auto","background-attachment":"scroll","background-type":"","background-media":"","overlay-type":"","overlay-color":"","overlay-opacity":"","overlay-gradient":""},"tablet":{"background-color":"","background-image":"","background-repeat":"repeat","background-position":"center center","background-size":"auto","background-attachment":"scroll","background-type":"","background-media":"","overlay-type":"","overlay-color":"","overlay-opacity":"","overlay-gradient":""},"mobile":{"background-color":"","background-image":"","background-repeat":"repeat","background-position":"center center","background-size":"auto","background-attachment":"scroll","background-type":"","background-media":"","overlay-type":"","overlay-color":"","overlay-opacity":"","overlay-gradient":""}},"ast-content-background-meta":{"desktop":{"background-color":"var(--ast-global-color-5)","background-image":"","background-repeat":"repeat","background-position":"center center","background-size":"auto","background-attachment":"scroll","background-type":"","background-media":"","overlay-type":"","overlay-color":"","overlay-opacity":"","overlay-gradient":""},"tablet":{"background-color":"var(--ast-global-color-5)","background-image":"","background-repeat":"repeat","background-position":"center center","background-size":"auto","background-attachment":"scroll","background-type":"","background-media":"","overlay-type":"","overlay-color":"","overlay-opacity":"","overlay-gradient":""},"mobile":{"background-color":"var(--ast-global-color-5)","background-image":"","background-repeat":"repeat","background-position":"center center","background-size":"auto","background-attachment":"scroll","background-type":"","background-media":"","overlay-type":"","overlay-color":"","overlay-opacity":"","overlay-gradient":""}},"footnotes":""},"class_list":["post-2075","page","type-page","status-publish","hentry"],"yoast_head":"<!-- This site is optimized with the Yoast SEO Premium plugin v24.1 (Yoast SEO v26.8) - https:\/\/yoast.com\/product\/yoast-seo-premium-wordpress\/ -->\n<title>Videos Unternehmensnachfolge | KERN<\/title>\n<meta name=\"description\" content=\"KOSTENFREIE Video Tutorials\u25ba wichtigste Faktoren der Unternehmensnachfolge - einfach erkl\u00e4rt \u2705\" \/>\n<meta name=\"robots\" content=\"noindex, follow, max-snippet:-1, max-image-preview:large, max-video-preview:-1\" \/>\n<meta property=\"og:locale\" content=\"pt_PT\" \/>\n<meta property=\"og:type\" content=\"article\" \/>\n<meta property=\"og:title\" content=\"Videos\" \/>\n<meta property=\"og:description\" content=\"KOSTENFREIE Video Tutorials\u25ba wichtigste Faktoren der Unternehmensnachfolge - einfach erkl\u00e4rt \u2705\" \/>\n<meta property=\"og:url\" content=\"https:\/\/kern.onestep-wp.de\/pt\/videos\/\" \/>\n<meta property=\"og:site_name\" content=\"KERN 2024\" \/>\n<meta property=\"article:publisher\" content=\"https:\/\/www.facebook.com\/dienachfolgespezialisten\/\" \/>\n<meta property=\"article:modified_time\" content=\"2023-06-29T18:28:03+00:00\" \/>\n<meta name=\"twitter:card\" content=\"summary_large_image\" \/>\n<meta name=\"twitter:label1\" content=\"Tempo estimado de leitura\" \/>\n\t<meta name=\"twitter:data1\" content=\"1 minuto\" \/>\n<script type=\"application\/ld+json\" class=\"yoast-schema-graph\">{\"@context\":\"https:\/\/schema.org\",\"@graph\":[{\"@type\":\"WebPage\",\"@id\":\"https:\/\/kern.onestep-wp.de\/videos\/\",\"url\":\"https:\/\/kern.onestep-wp.de\/videos\/\",\"name\":\"Videos Unternehmensnachfolge | KERN\",\"isPartOf\":{\"@id\":\"https:\/\/kern.onestep-wp.de\/#website\"},\"datePublished\":\"2018-07-26T14:58:53+00:00\",\"dateModified\":\"2023-06-29T18:28:03+00:00\",\"description\":\"KOSTENFREIE Video Tutorials\u25ba wichtigste Faktoren der Unternehmensnachfolge - einfach erkl\u00e4rt \u2705\",\"breadcrumb\":{\"@id\":\"https:\/\/kern.onestep-wp.de\/videos\/#breadcrumb\"},\"inLanguage\":\"pt-PT\",\"potentialAction\":[{\"@type\":\"ReadAction\",\"target\":[\"https:\/\/kern.onestep-wp.de\/videos\/\"]}]},{\"@type\":\"BreadcrumbList\",\"@id\":\"https:\/\/kern.onestep-wp.de\/videos\/#breadcrumb\",\"itemListElement\":[{\"@type\":\"ListItem\",\"position\":1,\"name\":\"Startseite\",\"item\":\"https:\/\/kern.onestep-wp.de\/\"},{\"@type\":\"ListItem\",\"position\":2,\"name\":\"Videos\"}]},{\"@type\":\"WebSite\",\"@id\":\"https:\/\/kern.onestep-wp.de\/#website\",\"url\":\"https:\/\/kern.onestep-wp.de\/\",\"name\":\"KERN 2024\",\"description\":\"Unternehmensverkauf, Generationswechsel, Unternehmenskauf\",\"publisher\":{\"@id\":\"https:\/\/kern.onestep-wp.de\/#organization\"},\"potentialAction\":[{\"@type\":\"SearchAction\",\"target\":{\"@type\":\"EntryPoint\",\"urlTemplate\":\"https:\/\/kern.onestep-wp.de\/?s={search_term_string}\"},\"query-input\":{\"@type\":\"PropertyValueSpecification\",\"valueRequired\":true,\"valueName\":\"search_term_string\"}}],\"inLanguage\":\"pt-PT\"},{\"@type\":\"Organization\",\"@id\":\"https:\/\/kern.onestep-wp.de\/#organization\",\"name\":\"KERN Unternehmensnachfolge\",\"url\":\"https:\/\/kern.onestep-wp.de\/\",\"logo\":{\"@type\":\"ImageObject\",\"inLanguage\":\"pt-PT\",\"@id\":\"https:\/\/kern.onestep-wp.de\/#\/schema\/logo\/image\/\",\"url\":\"https:\/\/kern.onestep-wp.de\/wp-content\/uploads\/2023\/05\/kern_logo2023_rgb_farbig_transparent.png\",\"contentUrl\":\"https:\/\/kern.onestep-wp.de\/wp-content\/uploads\/2023\/05\/kern_logo2023_rgb_farbig_transparent.png\",\"width\":1317,\"height\":502,\"caption\":\"KERN Unternehmensnachfolge\"},\"image\":{\"@id\":\"https:\/\/kern.onestep-wp.de\/#\/schema\/logo\/image\/\"},\"sameAs\":[\"https:\/\/www.facebook.com\/dienachfolgespezialisten\/\",\"https:\/\/www.linkedin.com\/in\/nils-koerber-52449661\",\"https:\/\/www.youtube.com\/user\/KernUndPartner\"]}]}<\/script>\n<!-- \/ Yoast SEO Premium plugin. -->","yoast_head_json":{"title":"V\u00eddeos Suces\u00ads\u00e3o de empre\u00adsas |&nbsp;<span class=\"caps\">KERN<\/span>","description":"<span class=\"caps\">KOSTENFREIE<\/span> Video Tutori\u00adals\u25ba wichtigs\u00adte Fakto\u00adren der Unternehmens\u00adnachfolge - einfach erkl\u00e4rt&nbsp;\u2705","robots":{"index":"noindex","follow":"follow","max-snippet":"max-snippet:-1","max-image-preview":"max-image-preview:large","max-video-preview":"max-video-preview:-1"},"og_locale":"pt_PT","og_type":"article","og_title":"Videos","og_description":"KOSTENFREIE Video Tutorials\u25ba wichtigste Faktoren der Unternehmensnachfolge - einfach erkl\u00e4rt \u2705","og_url":"https:\/\/kern.onestep-wp.de\/pt\/videos\/","og_site_name":"KERN 2024","article_publisher":"https:\/\/www.facebook.com\/dienachfolgespezialisten\/","article_modified_time":"2023-06-29T18:28:03+00:00","twitter_card":"summary_large_image","twitter_misc":{"Tempo estimado de leitura":"1 minuto"},"schema":{"@context":"https:\/\/schema.org","@graph":[{"@type":"WebPage","@id":"https:\/\/kern.onestep-wp.de\/videos\/","url":"https:\/\/kern.onestep-wp.de\/videos\/","name":"V\u00eddeos Suces\u00ads\u00e3o de empre\u00adsas |&nbsp;<span class=\"caps\">KERN<\/span>","isPartOf":{"@id":"https:\/\/kern.onestep-wp.de\/#website"},"datePublished":"2018-07-26T14:58:53+00:00","dateModified":"2023-06-29T18:28:03+00:00","description":"<span class=\"caps\">KOSTENFREIE<\/span> Video Tutori\u00adals\u25ba wichtigs\u00adte Fakto\u00adren der Unternehmens\u00adnachfolge - einfach erkl\u00e4rt&nbsp;\u2705","breadcrumb":{"@id":"https:\/\/kern.onestep-wp.de\/videos\/#breadcrumb"},"inLanguage":"pt-PT","potentialAction":[{"@type":"ReadAction","target":["https:\/\/kern.onestep-wp.de\/videos\/"]}]},{"@type":"BreadcrumbList","@id":"https:\/\/kern.onestep-wp.de\/videos\/#breadcrumb","itemListElement":[{"@type":"ListItem","position":1,"name":"Startseite","item":"https:\/\/kern.onestep-wp.de\/"},{"@type":"ListItem","position":2,"name":"Videos"}]},{"@type":"WebSite","@id":"https:\/\/kern.onestep-wp.de\/#website","url":"https:\/\/kern.onestep-wp.de\/","name":"<span class=\"caps\">KERN<\/span> 2024","description":"Venda de empre\u00adsa, mudan\u00ad\u00e7a de gera\u00e7\u00e3o, aquisi\u00ad\u00e7\u00e3o de empresa","publisher":{"@id":"https:\/\/kern.onestep-wp.de\/#organization"},"potentialAction":[{"@type":"SearchAction","target":{"@type":"EntryPoint","urlTemplate":"https:\/\/kern.onestep-wp.de\/?s={search_term_string}"},"query-input":{"@type":"PropertyValueSpecification","valueRequired":true,"valueName":"search_term_string"}}],"inLanguage":"pt-PT"},{"@type":"Organization","@id":"https:\/\/kern.onestep-wp.de\/#organization","name":"Suces\u00ads\u00e3o empre\u00adsa\u00adri\u00adal da&nbsp;<span class=\"caps\">KERN<\/span>","url":"https:\/\/kern.onestep-wp.de\/","logo":{"@type":"ImageObject","inLanguage":"pt-PT","@id":"https:\/\/kern.onestep-wp.de\/#\/schema\/logo\/image\/","url":"https:\/\/kern.onestep-wp.de\/wp-content\/uploads\/2023\/05\/kern_logo2023_rgb_farbig_transparent.png","contentUrl":"https:\/\/kern.onestep-wp.de\/wp-content\/uploads\/2023\/05\/kern_logo2023_rgb_farbig_transparent.png","width":1317,"height":502,"caption":"KERN Unternehmensnachfolge"},"image":{"@id":"https:\/\/kern.onestep-wp.de\/#\/schema\/logo\/image\/"},"sameAs":["https:\/\/www.facebook.com\/dienachfolgespezialisten\/","https:\/\/www.linkedin.com\/in\/nils-koerber-52449661","https:\/\/www.youtube.com\/user\/KernUndPartner"]}]}},"_links":{"self":[{"href":"https:\/\/kern.onestep-wp.de\/pt\/wp-json\/wp\/v2\/pages\/2075","targetHints":{"allow":["GET"]}}],"collection":[{"href":"https:\/\/kern.onestep-wp.de\/pt\/wp-json\/wp\/v2\/pages"}],"about":[{"href":"https:\/\/kern.onestep-wp.de\/pt\/wp-json\/wp\/v2\/types\/page"}],"author":[{"embeddable":true,"href":"https:\/\/kern.onestep-wp.de\/pt\/wp-json\/wp\/v2\/users\/1"}],"replies":[{"embeddable":true,"href":"https:\/\/kern.onestep-wp.de\/pt\/wp-json\/wp\/v2\/comments?post=2075"}],"version-history":[{"count":0,"href":"https:\/\/kern.onestep-wp.de\/pt\/wp-json\/wp\/v2\/pages\/2075\/revisions"}],"wp:attachment":[{"href":"https:\/\/kern.onestep-wp.de\/pt\/wp-json\/wp\/v2\/media?parent=2075"}],"curies":[{"name":"wp","href":"https:\/\/api.w.org\/{rel}","templated":true}]}}