{"id":29790,"date":"2024-02-01T18:19:33","date_gmt":"2024-02-01T17:19:33","guid":{"rendered":"https:\/\/kern.onestep-wp.de\/?page_id=29790"},"modified":"2024-02-15T18:07:30","modified_gmt":"2024-02-15T17:07:30","slug":"ingolstadt","status":"publish","type":"page","link":"https:\/\/kern.onestep-wp.de\/pt\/standort\/ingolstadt\/","title":{"rendered":"<span class=\"caps\">KERN<\/span> \u2013 Gesamt Unter\u00adnehmens\u00adverkauf Ingolstadt"},"content":{"rendered":"<p><a target=\"_blank\" href=\"https:\/\/kern.onestep-wp.de\/pt\/\" data-id-d=\"0\" data-img-style=\"width: 100%;\" rel=\"noopener\"><img loading=\"lazy\" decoding=\"async\" src=\"https:\/\/kern.onestep-wp.de\/wp-content\/uploads\/2023\/05\/kern_logo2023_rgb_farbig_transparent.png\" height=\"502\" width=\"1317\" alt=\"KERN Logo\" style=\"width: 100%;\"><\/a><\/p>\n<h4 style=\"text-align: center;\">Consul\u00adta inicial gratuita<\/h4>\n<h2 style=\"text-align: left;\">Suces\u00ads\u00e3o de empre\u00adsas, venda de empre\u00adsas, mudan\u00ad\u00e7a de gera\u00e7\u00e3o<\/h2>\n<h1>Treffen Sie die Spezia\u00adlis\u00adten f\u00fcr Unternehmens\u00adnachfolge in Ingol\u00adstadt und Umgebung<\/h1>\n<h3 style=\"text-align: left;\">Os seus parce\u00adi\u00adros <span class=\"caps\">KERN<\/span> na regi\u00e3o de Ingolstadt<\/h3>\n<p><strong>Holger Haber\u00admann<\/strong><\/p>\n<p>Nasci\u00addo em 1963, licen\u00adcia\u00addo em adminis\u00adtra\u00ad\u00e7\u00e3o de empre\u00adsas (<span class=\"caps\">FH<\/span>), especia\u00adliz\u00adado em banca e gest\u00e3o de inves\u00adti\u00adment\u00ados, coach sist\u00e9\u00admi\u00adco especia\u00adliz\u00adado em desen\u00advol\u00advi\u00admen\u00adto de estra\u00adt\u00e9\u00adgi\u00adas e proces\u00adsos de suces\u00ads\u00e3o nas empresas.<\/p>\n<p><span style=\"width: 100%;\"><img decoding=\"async\" alt title=\"holger-habermann-quer\" data-id=\"29792\" src=\"https:\/\/kern.onestep-wp.de\/wp-content\/uploads\/2024\/02\/holger-habermann-quer.webp\" style=\"aspect-ratio: auto 1280 \/ 720;\" width=\"493\" height=\"277\" data-width=\"493\" data-height=\"277\" data-init-width=\"1280\" data-init-height=\"720\" loading=\"lazy\"><\/span><\/p>\n<p><strong>Roland Grepp\u00admair<\/strong><\/p>\n<p>Jahrgang 1971, Studi\u00adum als Dipl.&nbsp;Ing.&nbsp;Maschi\u00adnen\u00adbau- und Wirtschafts\u00adin\u00adge\u00adnieur (<span class=\"caps\">FH<\/span>), Syste\u00admi\u00adscher Coach und Media\u00adtor.&nbsp;Zerti\u00adfi\u00adzier\u00adter Change\u00adma\u00adna\u00adger.&nbsp;Berater f\u00fcr Unternehmens\u00adnachfolge in Ingolstadt.<\/p>\n<p><span style=\"width: 100%;\"><img decoding=\"async\" alt title=\"roland-greppmair-ingolstadt-quer\" data-id=\"29793\" src=\"https:\/\/kern.onestep-wp.de\/wp-content\/uploads\/2024\/02\/roland-greppmair-ingolstadt-quer.webp\" style=\"aspect-ratio: auto 1280 \/ 720;\" width=\"493\" height=\"277\" data-width=\"493\" data-height=\"277\" data-init-width=\"1280\" data-init-height=\"720\" loading=\"lazy\"><\/span><\/p>\n<h3 style=\"text-align: center;\">Conno\u00adsco, \u00e9 muito mais do que um simples cliente. A suces\u00ads\u00e3o da sua empre\u00adsa est\u00e1 no nosso cora\u00e7\u00e3o.<\/h3>\n<p>Sie sind auf der Suche nach einem Partner, der Ihre Unternehmens\u00adnachfolge vertrau\u00adens\u00advoll, kompe\u00adtent und engagiert beglei\u00adtet. Bei <span class=\"caps\">KERN<\/span> treffen Sie Menschen, f\u00fcr die Sie mehr sind als ein Beratungs\u00adkun\u00adde. Menschen, die Sie verste\u00adhen und die wissen, was dieser gro\u00dfe Schritt f\u00fcr Sie ganz pers\u00f6n\u00adlich bedeutet.<\/p>\n<p>Oft geht es um hohe und sehr wichti\u00adge Verm\u00f6\u00adgens\u00adwer\u00adte. Es geht um Ihre pers\u00f6n\u00adli\u00adche Absiche\u00adrung, die Zukunft Ihrer Mitar\u00adbei\u00adter oder auch um Wachs\u00adtum und die konkre\u00adte Identi\u00adfi\u00adzie\u00adrung des passen\u00adden K\u00e4ufers oder Verk\u00e4ufers.<\/p>\n<p>Die Erfah\u00adrung und Exper\u00adti\u00adse Ihres <span class=\"caps\">KERN<\/span> Beraters kann Sie vor teuren und schwer\u00adwie\u00adgen\u00adden Fehlern sch\u00fct\u00adzen. Machen Sie jetzt den n\u00e4chs\u00adten Schritt bei Ihrer Unternehmens\u00adnachfolge, dem <a href=\"https:\/\/kern.onestep-wp.de\/pt\/unternehmensverkauf\/\" target=\"_blank\" style=\"outline: currentcolor;\" rel=\"noopener\">Venda da empre\u00adsa<\/a>aquisi\u00ad\u00e7\u00e3o de empre\u00adsa ou mudan\u00ad\u00e7a de gera\u00e7\u00e3o.<\/p>\n<p><strong>Suces\u00ads\u00e3o da empre\u00adsa <span class=\"caps\">KERN<\/span> Ingol\u00adstadt<\/strong>(alle Partner sind recht\u00adlich eigenst\u00e4ndig)Donaustra\u00dfe 885049 Ingolstadt<\/p>\n<p><a href=\"mailto:ingolstadt@kern.onestep-wp.de\" target=\"_blank\" style=\"outline: currentcolor;\" rel=\"noopener\">ingolstadt@kern.onestep-wp.de<\/a><\/p>\n<p><span style=\"width: 100%;\"><img loading=\"lazy\" decoding=\"async\" alt title=\"avaliar-me-google\" data-id=\"528\" src=\"https:\/\/kern.onestep-wp.de\/wp-content\/uploads\/2018\/06\/bewerten-sie-mich-google.png\" style=\"aspect-ratio: auto 300 \/ 300;\" width=\"220\" height=\"220\" data-width=\"220\" data-height=\"220\" data-init-width=\"300\" data-init-height=\"300\"><\/span><\/p>","protected":false},"excerpt":{"rendered":"<p>Kostenlose Erstberatung Unternehmensnachfolge, Unternehmensverkauf, Generationswechsel Treffen Sie die Spezialisten f\u00fcr Unternehmensnachfolge in Ingolstadt und Umgebung Ihre KERN Partner in der [&hellip;]<\/p>\n","protected":false},"author":1,"featured_media":0,"parent":27709,"menu_order":0,"comment_status":"closed","ping_status":"closed","template":"","meta":{"wp_typography_post_enhancements_disabled":false,"site-sidebar-layout":"no-sidebar","site-content-layout":"page-builder","ast-site-content-layout":"full-width-container","site-content-style":"unboxed","site-sidebar-style":"unboxed","ast-global-header-display":"disabled","ast-banner-title-visibility":"disabled","ast-main-header-display":"","ast-hfb-above-header-display":"","ast-hfb-below-header-display":"","ast-hfb-mobile-header-display":"","site-post-title":"","ast-breadcrumbs-content":"","ast-featured-img":"","footer-sml-layout":"disabled","ast-disable-related-posts":"","theme-transparent-header-meta":"","adv-header-id-meta":"","stick-header-meta":"","header-above-stick-meta":"","header-main-stick-meta":"","header-below-stick-meta":"","astra-migrate-meta-layouts":"set","ast-page-background-enabled":"default","ast-page-background-meta":{"desktop":{"background-color":"","background-image":"","background-repeat":"repeat","background-position":"center center","background-size":"auto","background-attachment":"scroll","background-type":"","background-media":"","overlay-type":"","overlay-color":"","overlay-opacity":"","overlay-gradient":""},"tablet":{"background-color":"","background-image":"","background-repeat":"repeat","background-position":"center center","background-size":"auto","background-attachment":"scroll","background-type":"","background-media":"","overlay-type":"","overlay-color":"","overlay-opacity":"","overlay-gradient":""},"mobile":{"background-color":"","background-image":"","background-repeat":"repeat","background-position":"center center","background-size":"auto","background-attachment":"scroll","background-type":"","background-media":"","overlay-type":"","overlay-color":"","overlay-opacity":"","overlay-gradient":""}},"ast-content-background-meta":{"desktop":{"background-color":"var(--ast-global-color-5)","background-image":"","background-repeat":"repeat","background-position":"center center","background-size":"auto","background-attachment":"scroll","background-type":"","background-media":"","overlay-type":"","overlay-color":"","overlay-opacity":"","overlay-gradient":""},"tablet":{"background-color":"var(--ast-global-color-5)","background-image":"","background-repeat":"repeat","background-position":"center center","background-size":"auto","background-attachment":"scroll","background-type":"","background-media":"","overlay-type":"","overlay-color":"","overlay-opacity":"","overlay-gradient":""},"mobile":{"background-color":"var(--ast-global-color-5)","background-image":"","background-repeat":"repeat","background-position":"center center","background-size":"auto","background-attachment":"scroll","background-type":"","background-media":"","overlay-type":"","overlay-color":"","overlay-opacity":"","overlay-gradient":""}},"footnotes":""},"class_list":["post-29790","page","type-page","status-publish","hentry"],"yoast_head":"<!-- This site is optimized with the Yoast SEO Premium plugin v24.1 (Yoast SEO v26.8) - https:\/\/yoast.com\/product\/yoast-seo-premium-wordpress\/ -->\n<title>KERN \u2013 Gesamt Unternehmensverkauf Ingolstadt - KERN<\/title>\n<meta name=\"robots\" content=\"noindex, follow, max-snippet:-1, max-image-preview:large, max-video-preview:-1\" \/>\n<meta property=\"og:locale\" content=\"pt_PT\" \/>\n<meta property=\"og:type\" content=\"article\" \/>\n<meta property=\"og:title\" content=\"KERN \u2013 Gesamt Unternehmensverkauf Ingolstadt\" \/>\n<meta property=\"og:description\" content=\"Kostenlose Erstberatung Unternehmensnachfolge, Unternehmensverkauf, Generationswechsel Treffen Sie die Spezialisten f\u00fcr Unternehmensnachfolge in Ingolstadt und Umgebung Ihre KERN Partner in der [&hellip;]\" \/>\n<meta property=\"og:url\" content=\"https:\/\/kern.onestep-wp.de\/pt\/standort\/ingolstadt\/\" \/>\n<meta property=\"og:site_name\" content=\"KERN 2024\" \/>\n<meta property=\"article:publisher\" content=\"https:\/\/www.facebook.com\/dienachfolgespezialisten\/\" \/>\n<meta property=\"article:modified_time\" content=\"2024-02-15T17:07:30+00:00\" \/>\n<meta property=\"og:image\" content=\"https:\/\/kern.onestep-wp.de\/wp-content\/uploads\/2023\/05\/kern_logo2023_rgb_farbig_transparent.png\" \/>\n<meta name=\"twitter:card\" content=\"summary_large_image\" \/>\n<meta name=\"twitter:label1\" content=\"Tempo estimado de leitura\" \/>\n\t<meta name=\"twitter:data1\" content=\"3 minutos\" \/>\n<script type=\"application\/ld+json\" class=\"yoast-schema-graph\">{\"@context\":\"https:\/\/schema.org\",\"@graph\":[{\"@type\":[\"WebPage\",\"ContactPage\"],\"@id\":\"https:\/\/kern.onestep-wp.de\/standort\/ingolstadt\/\",\"url\":\"https:\/\/kern.onestep-wp.de\/standort\/ingolstadt\/\",\"name\":\"KERN \u2013 Gesamt Unternehmensverkauf Ingolstadt - KERN\",\"isPartOf\":{\"@id\":\"https:\/\/kern.onestep-wp.de\/#website\"},\"primaryImageOfPage\":{\"@id\":\"https:\/\/kern.onestep-wp.de\/standort\/ingolstadt\/#primaryimage\"},\"image\":{\"@id\":\"https:\/\/kern.onestep-wp.de\/standort\/ingolstadt\/#primaryimage\"},\"thumbnailUrl\":\"https:\/\/kern.onestep-wp.de\/wp-content\/uploads\/2023\/05\/kern_logo2023_rgb_farbig_transparent.png\",\"datePublished\":\"2024-02-01T17:19:33+00:00\",\"dateModified\":\"2024-02-15T17:07:30+00:00\",\"breadcrumb\":{\"@id\":\"https:\/\/kern.onestep-wp.de\/standort\/ingolstadt\/#breadcrumb\"},\"inLanguage\":\"pt-PT\",\"potentialAction\":[{\"@type\":\"ReadAction\",\"target\":[\"https:\/\/kern.onestep-wp.de\/standort\/ingolstadt\/\"]}]},{\"@type\":\"ImageObject\",\"inLanguage\":\"pt-PT\",\"@id\":\"https:\/\/kern.onestep-wp.de\/standort\/ingolstadt\/#primaryimage\",\"url\":\"https:\/\/kern.onestep-wp.de\/wp-content\/uploads\/2023\/05\/kern_logo2023_rgb_farbig_transparent.png\",\"contentUrl\":\"https:\/\/kern.onestep-wp.de\/wp-content\/uploads\/2023\/05\/kern_logo2023_rgb_farbig_transparent.png\"},{\"@type\":\"BreadcrumbList\",\"@id\":\"https:\/\/kern.onestep-wp.de\/standort\/ingolstadt\/#breadcrumb\",\"itemListElement\":[{\"@type\":\"ListItem\",\"position\":1,\"name\":\"Startseite\",\"item\":\"https:\/\/kern.onestep-wp.de\/\"},{\"@type\":\"ListItem\",\"position\":2,\"name\":\"Standorte Partner\",\"item\":\"https:\/\/kern.onestep-wp.de\/standort\/\"},{\"@type\":\"ListItem\",\"position\":3,\"name\":\"KERN \u2013 Gesamt Unter\u00adnehmens\u00adverkauf Ingolstadt\"}]},{\"@type\":\"WebSite\",\"@id\":\"https:\/\/kern.onestep-wp.de\/#website\",\"url\":\"https:\/\/kern.onestep-wp.de\/\",\"name\":\"KERN 2024\",\"description\":\"Unternehmensverkauf, Generationswechsel, Unternehmenskauf\",\"publisher\":{\"@id\":\"https:\/\/kern.onestep-wp.de\/#organization\"},\"potentialAction\":[{\"@type\":\"SearchAction\",\"target\":{\"@type\":\"EntryPoint\",\"urlTemplate\":\"https:\/\/kern.onestep-wp.de\/?s={search_term_string}\"},\"query-input\":{\"@type\":\"PropertyValueSpecification\",\"valueRequired\":true,\"valueName\":\"search_term_string\"}}],\"inLanguage\":\"pt-PT\"},{\"@type\":\"Organization\",\"@id\":\"https:\/\/kern.onestep-wp.de\/#organization\",\"name\":\"KERN Unternehmensnachfolge\",\"url\":\"https:\/\/kern.onestep-wp.de\/\",\"logo\":{\"@type\":\"ImageObject\",\"inLanguage\":\"pt-PT\",\"@id\":\"https:\/\/kern.onestep-wp.de\/#\/schema\/logo\/image\/\",\"url\":\"https:\/\/kern.onestep-wp.de\/wp-content\/uploads\/2023\/05\/kern_logo2023_rgb_farbig_transparent.png\",\"contentUrl\":\"https:\/\/kern.onestep-wp.de\/wp-content\/uploads\/2023\/05\/kern_logo2023_rgb_farbig_transparent.png\",\"width\":1317,\"height\":502,\"caption\":\"KERN Unternehmensnachfolge\"},\"image\":{\"@id\":\"https:\/\/kern.onestep-wp.de\/#\/schema\/logo\/image\/\"},\"sameAs\":[\"https:\/\/www.facebook.com\/dienachfolgespezialisten\/\",\"https:\/\/www.linkedin.com\/in\/nils-koerber-52449661\",\"https:\/\/www.youtube.com\/user\/KernUndPartner\"]}]}<\/script>\n<!-- \/ Yoast SEO Premium plugin. -->","yoast_head_json":{"title":"<span class=\"caps\">KERN<\/span> \u2013 Gesamt Unter\u00adnehmens\u00adverkauf Ingol\u00adstadt -&nbsp;<span class=\"caps\">KERN<\/span>","robots":{"index":"noindex","follow":"follow","max-snippet":"max-snippet:-1","max-image-preview":"max-image-preview:large","max-video-preview":"max-video-preview:-1"},"og_locale":"pt_PT","og_type":"article","og_title":"KERN \u2013 Gesamt Unternehmensverkauf Ingolstadt","og_description":"Kostenlose Erstberatung Unternehmensnachfolge, Unternehmensverkauf, Generationswechsel Treffen Sie die Spezialisten f\u00fcr Unternehmensnachfolge in Ingolstadt und Umgebung Ihre KERN Partner in der [&hellip;]","og_url":"https:\/\/kern.onestep-wp.de\/pt\/standort\/ingolstadt\/","og_site_name":"KERN 2024","article_publisher":"https:\/\/www.facebook.com\/dienachfolgespezialisten\/","article_modified_time":"2024-02-15T17:07:30+00:00","og_image":[{"url":"https:\/\/kern.onestep-wp.de\/wp-content\/uploads\/2023\/05\/kern_logo2023_rgb_farbig_transparent.png","type":"","width":"","height":""}],"twitter_card":"summary_large_image","twitter_misc":{"Tempo estimado de leitura":"3 minutos"},"schema":{"@context":"https:\/\/schema.org","@graph":[{"@type":["WebPage","ContactPage"],"@id":"https:\/\/kern.onestep-wp.de\/standort\/ingolstadt\/","url":"https:\/\/kern.onestep-wp.de\/standort\/ingolstadt\/","name":"<span class=\"caps\">KERN<\/span> \u2013 Gesamt Unter\u00adnehmens\u00adverkauf Ingol\u00adstadt -&nbsp;<span class=\"caps\">KERN<\/span>","isPartOf":{"@id":"https:\/\/kern.onestep-wp.de\/#website"},"primaryImageOfPage":{"@id":"https:\/\/kern.onestep-wp.de\/standort\/ingolstadt\/#primaryimage"},"image":{"@id":"https:\/\/kern.onestep-wp.de\/standort\/ingolstadt\/#primaryimage"},"thumbnailUrl":"https:\/\/kern.onestep-wp.de\/wp-content\/uploads\/2023\/05\/kern_logo2023_rgb_farbig_transparent.png","datePublished":"2024-02-01T17:19:33+00:00","dateModified":"2024-02-15T17:07:30+00:00","breadcrumb":{"@id":"https:\/\/kern.onestep-wp.de\/standort\/ingolstadt\/#breadcrumb"},"inLanguage":"pt-PT","potentialAction":[{"@type":"ReadAction","target":["https:\/\/kern.onestep-wp.de\/standort\/ingolstadt\/"]}]},{"@type":"ImageObject","inLanguage":"pt-PT","@id":"https:\/\/kern.onestep-wp.de\/standort\/ingolstadt\/#primaryimage","url":"https:\/\/kern.onestep-wp.de\/wp-content\/uploads\/2023\/05\/kern_logo2023_rgb_farbig_transparent.png","contentUrl":"https:\/\/kern.onestep-wp.de\/wp-content\/uploads\/2023\/05\/kern_logo2023_rgb_farbig_transparent.png"},{"@type":"BreadcrumbList","@id":"https:\/\/kern.onestep-wp.de\/standort\/ingolstadt\/#breadcrumb","itemListElement":[{"@type":"ListItem","position":1,"name":"Startseite","item":"https:\/\/kern.onestep-wp.de\/"},{"@type":"ListItem","position":2,"name":"Standorte Partner","item":"https:\/\/kern.onestep-wp.de\/standort\/"},{"@type":"ListItem","position":3,"name":"KERN \u2013 Gesamt Unter\u00adnehmens\u00adverkauf Ingolstadt"}]},{"@type":"WebSite","@id":"https:\/\/kern.onestep-wp.de\/#website","url":"https:\/\/kern.onestep-wp.de\/","name":"<span class=\"caps\">KERN<\/span> 2024","description":"Venda de empre\u00adsa, mudan\u00ad\u00e7a de gera\u00e7\u00e3o, aquisi\u00ad\u00e7\u00e3o de empresa","publisher":{"@id":"https:\/\/kern.onestep-wp.de\/#organization"},"potentialAction":[{"@type":"SearchAction","target":{"@type":"EntryPoint","urlTemplate":"https:\/\/kern.onestep-wp.de\/?s={search_term_string}"},"query-input":{"@type":"PropertyValueSpecification","valueRequired":true,"valueName":"search_term_string"}}],"inLanguage":"pt-PT"},{"@type":"Organization","@id":"https:\/\/kern.onestep-wp.de\/#organization","name":"Suces\u00ads\u00e3o empre\u00adsa\u00adri\u00adal da&nbsp;<span class=\"caps\">KERN<\/span>","url":"https:\/\/kern.onestep-wp.de\/","logo":{"@type":"ImageObject","inLanguage":"pt-PT","@id":"https:\/\/kern.onestep-wp.de\/#\/schema\/logo\/image\/","url":"https:\/\/kern.onestep-wp.de\/wp-content\/uploads\/2023\/05\/kern_logo2023_rgb_farbig_transparent.png","contentUrl":"https:\/\/kern.onestep-wp.de\/wp-content\/uploads\/2023\/05\/kern_logo2023_rgb_farbig_transparent.png","width":1317,"height":502,"caption":"KERN Unternehmensnachfolge"},"image":{"@id":"https:\/\/kern.onestep-wp.de\/#\/schema\/logo\/image\/"},"sameAs":["https:\/\/www.facebook.com\/dienachfolgespezialisten\/","https:\/\/www.linkedin.com\/in\/nils-koerber-52449661","https:\/\/www.youtube.com\/user\/KernUndPartner"]}]}},"_links":{"self":[{"href":"https:\/\/kern.onestep-wp.de\/pt\/wp-json\/wp\/v2\/pages\/29790","targetHints":{"allow":["GET"]}}],"collection":[{"href":"https:\/\/kern.onestep-wp.de\/pt\/wp-json\/wp\/v2\/pages"}],"about":[{"href":"https:\/\/kern.onestep-wp.de\/pt\/wp-json\/wp\/v2\/types\/page"}],"author":[{"embeddable":true,"href":"https:\/\/kern.onestep-wp.de\/pt\/wp-json\/wp\/v2\/users\/1"}],"replies":[{"embeddable":true,"href":"https:\/\/kern.onestep-wp.de\/pt\/wp-json\/wp\/v2\/comments?post=29790"}],"version-history":[{"count":0,"href":"https:\/\/kern.onestep-wp.de\/pt\/wp-json\/wp\/v2\/pages\/29790\/revisions"}],"up":[{"embeddable":true,"href":"https:\/\/kern.onestep-wp.de\/pt\/wp-json\/wp\/v2\/pages\/27709"}],"wp:attachment":[{"href":"https:\/\/kern.onestep-wp.de\/pt\/wp-json\/wp\/v2\/media?parent=29790"}],"curies":[{"name":"wp","href":"https:\/\/api.w.org\/{rel}","templated":true}]}}